{"id":805,"date":"2018-01-10T14:06:02","date_gmt":"2018-01-10T13:06:02","guid":{"rendered":"http:\/\/www.hotelviktor.sk\/%d0%b4%d0%be%d0%bc%d0%b0\/"},"modified":"2022-11-29T19:03:10","modified_gmt":"2022-11-29T18:03:10","slug":"%d0%b4%d0%be%d0%bc%d0%b0","status":"publish","type":"page","link":"https:\/\/www.hotelviktor.sk\/ru\/","title":{"rendered":"\u0434\u043e\u043c\u0430"},"content":{"rendered":"<p>[et_pb_section fb_built=&#187;1&#8243; fullwidth=&#187;on&#187; _builder_version=&#187;3.0.105&#8243; max_width=&#187;95%&#187; max_width_phone=&#187;100%&#187; max_width_last_edited=&#187;on|tablet&#187;][et_pb_fullwidth_code _builder_version=&#187;3.0.105&#8243; custom_css_main_element=&#187;padding-top:0px!important;&#187;]\t\t\t<rs-module-wrap id=\"rev_slider_error_1_wrapper\">\n\t\t\t\t<rs-module id=\"rev_slider_error_1\">\n\t\t\t\t\t<div class=\"rs_error_message_box\">\n\t\t\t\t\t\t<div class=\"rs_error_message_oops\">There is nothing to show here!<\/div>\n\t\t\t\t\t\t<div class=\"rs_error_message_content\">Slider with alias &quot;change&quot; not found.<\/div>\n\t\t\t\t\t<\/div>\n\t\t\t\t<\/rs-module>\n\t\t\t<\/rs-module-wrap>\n\t\t\t<script>\n\t\t\t\tvar rs_eslider = document.getElementById(\"rev_slider_error_1\");\n\t\t\t\trs_eslider.style.display = \"none\";\n\t\t\t\tconsole.log(\"Slider with alias &quot;change&quot; not found.\");\n\t\t\t<\/script>\n[\/et_pb_fullwidth_code][\/et_pb_section][et_pb_section fb_built=&#187;1&#8243; background_color=&#187;rgba(255,255,255,0)&#187; disabled_on=&#187;on||&#187; _builder_version=&#187;3.0.105&#8243; background_size=&#187;initial&#187; background_position=&#187;top_right&#187; custom_css_main_element=&#187;margin-top:0px;&#187; transparent_background=&#187;on&#187;][et_pb_row make_equal=&#187;on&#187; background_color=&#187;#ffffff&#187; bg_img_2=&#187;https:\/\/www.hotelviktor.sk\/wp-content\/uploads\/2017\/11\/logo_bg.png&#187; background_size_2=&#187;contain&#187; background_repeat_2=&#187;no-repeat&#187; background_blend_2=&#187;soft-light&#187; use_background_color_gradient_2=&#187;on&#187; background_color_gradient_start_2=&#187;#1a3d0c&#187; background_color_gradient_end_2=&#187;#036300&#8243; background_color_gradient_direction_2=&#187;162deg&#187; custom_css_main_2=&#187;padding-top:5%;&#187; _builder_version=&#187;3.0.105&#8243; custom_css_main_element=&#187;float: left;||padding-left: 6%;||width: 95%!important;||padding-top:0px;||padding-bottom: 0px;&#187;][et_pb_column type=&#187;2_3&#8243; _builder_version=&#187;3.0.47&#8243; parallax=&#187;off&#187; parallax_method=&#187;on&#187;][et_pb_text _builder_version=&#187;3.0.73&#8243; custom_css_main_element=&#187;padding-top: 4%;||&#187; border_style=&#187;solid&#187;]<\/p>\n<h1>Vitajte na str\u00e1nkach <span style=\"color: #ad060b;\">hotela Viktor<\/span><\/h1>\n<p>Novopostaven\u00fd modern\u00fd hotel v bl\u00edzkosti centra Bratislava pon\u00faka vysok\u00fd \u0161tandard ubytovania pre biznis klientelu, turistov \u010di rodiny s de\u0165mi. Hotel Viktor disponuje vlastnou re\u0161taur\u00e1ciou, barom, non-stop recepciou a str\u00e1\u017een\u00fdm podzemn\u00fdm parkoviskom. Bl\u00edzkos\u0165 v\u00fdstaviska Incheba, \u017eelezni\u010dnej stanice Petr\u017ealka, \u010di dia\u013en\u00edc D1 a D2 ho predur\u010duj\u00fa k ubytovaniu host\u00ed, ktor\u00ed h\u013eadaj\u00fa luxus bl\u00edzkosti.<br \/>\n[\/et_pb_text][et_pb_button button_url=&#187;http:\/\/www.hotelviktor.sk\/vitajte-na-strankach-hotela-viktor&#187; button_text=&#187;\u0447\u0438\u0442\u0430\u0442\u044c \u0434\u0430\u043b\u044c\u0448\u0435&#187; button_alignment=&#187;left&#187; _builder_version=&#187;3.0.73&#8243; custom_button=&#187;on&#187; button_text_size=&#187;16&#8243; button_border_radius=&#187;0&#8243; animation_style=&#187;slide&#187; animation_delay=&#187;200ms&#187; custom_css_main_element=&#187;margin-bottom:4% !important;&#187;][\/et_pb_button][\/et_pb_column][et_pb_column type=&#187;1_3&#8243; _builder_version=&#187;3.0.47&#8243; bg_img=&#187;https:\/\/www.hotelviktor.sk\/wp-content\/uploads\/2017\/11\/logo_bg.png&#187; parallax=&#187;off&#187; parallax_method=&#187;on&#187; background_size=&#187;contain&#187; background_repeat=&#187;no-repeat&#187; background_blend=&#187;soft-light&#187; use_background_color_gradient=&#187;on&#187; background_color_gradient_start=&#187;#1a3d0c&#187; background_color_gradient_end=&#187;#036300&#8243; background_color_gradient_direction=&#187;162deg&#187; custom_css_main=&#187;padding-top:5%;&#187;][et_pb_text background_layout=&#187;dark&#187; _builder_version=&#187;3.0.105&#8243; text_orientation=&#187;center&#187; module_alignment=&#187;center&#187; custom_margin=&#187;6%|||&#187; animation_style=&#187;bounce&#187; custom_css_main_element=&#187;padding-top:4%;&#187;]<\/p>\n<h2 style=\"font-size: 120px; line-height: 1em;\"><em><strong>70<span class=\"st\" style=\"font-size: 40px;\">\u20ac<\/span><\/strong><\/em><\/h2>\n<p>[\/et_pb_text][et_pb_text background_layout=&#187;dark&#187; _builder_version=&#187;3.0.105&#8243; text_orientation=&#187;center&#187; module_alignment=&#187;center&#187; custom_margin=&#187;6%|||&#187; animation_style=&#187;fade&#187; animation_delay=&#187;100ms&#187; custom_css_main_element=&#187;margin-top: -70px !important;||padding-top: 0;&#187;]za izbu za noc \/ 2 osoby<br \/>\n[\/et_pb_text][et_pb_button button_url=&#187;http:\/\/www.hotelviktor.sk\/rezervacia\/&#187; button_text=&#187;\u0431\u0440\u043e\u043d\u0438\u0440\u043e\u0432\u0430\u043d\u0438\u0435 \u043d\u043e\u043c\u0435\u0440\u043e\u0432&#187; button_alignment=&#187;center&#187; background_layout=&#187;dark&#187; _builder_version=&#187;3.0.105&#8243; custom_button=&#187;on&#187; button_text_size=&#187;16&#8243; animation_style=&#187;slide&#187; animation_delay=&#187;200ms&#187;][\/et_pb_button][\/et_pb_column][\/et_pb_row][\/et_pb_section][et_pb_section fb_built=&#187;1&#8243; disabled_on=&#187;|on|on&#187; _builder_version=&#187;3.0.105&#8243; background_image=&#187;https:\/\/www.hotelviktor.sk\/wp-content\/uploads\/2018\/10\/bg_mobile.jpg&#187; background_repeat=&#187;repeat&#187; custom_css_main_element=&#187;margin-top:0px !important;&#187;][et_pb_row custom_padding=&#187;15px|15px|15px|15px&#187; custom_margin=&#187;||15px|&#187; background_color=&#187;rgba(255,255,255,0.7)&#187; _builder_version=&#187;3.0.105&#8243;][et_pb_column type=&#187;4_4&#8243; _builder_version=&#187;3.0.47&#8243; parallax=&#187;off&#187; parallax_method=&#187;on&#187;][et_pb_text _builder_version=&#187;3.0.105&#8243; custom_css_main_element=&#187;padding-top: 4%;||&#187; border_style=&#187;solid&#187;]<\/p>\n<h1>Vitajte na str\u00e1nkach <span style=\"color: #ad060b;\">hotela Viktor<\/span><\/h1>\n<p>Novopostaven\u00fd modern\u00fd hotel v bl\u00edzkosti centra Bratislava pon\u00faka vysok\u00fd \u0161tandard ubytovania pre biznis klientelu, turistov \u010di rodiny s de\u0165mi. Hotel Viktor disponuje vlastnou re\u0161taur\u00e1ciou, barom, non-stop recepciou a str\u00e1\u017een\u00fdm podzemn\u00fdm parkoviskom. Bl\u00edzkos\u0165 v\u00fdstaviska Incheba, \u017eelezni\u010dnej stanice Petr\u017ealka, \u010di dia\u013en\u00edc D1 a D2 ho predur\u010duj\u00fa k ubytovaniu host\u00ed, ktor\u00ed h\u013eadaj\u00fa luxus bl\u00edzkosti.<br \/>\n[\/et_pb_text][et_pb_button button_url=&#187;http:\/\/www.hotelviktor.sk\/vitajte-na-strankach-hotela-viktor&#187; button_text=&#187;\u0447\u0438\u0442\u0430\u0442\u044c \u0434\u0430\u043b\u044c\u0448\u0435&#187; button_alignment=&#187;left&#187; _builder_version=&#187;3.0.105&#8243; custom_button=&#187;on&#187; button_text_size=&#187;16&#8243; button_border_radius=&#187;0&#8243; animation_style=&#187;slide&#187; animation_delay=&#187;200ms&#187; custom_css_main_element=&#187;margin-bottom:4% !important;&#187;][\/et_pb_button][\/et_pb_column][\/et_pb_row][et_pb_row custom_padding=&#187;|15px||15px&#187; custom_margin=&#187;||15px|&#187; background_color=&#187;rgba(255,255,255,0.7)&#187; _builder_version=&#187;3.0.105&#8243;][et_pb_column type=&#187;4_4&#8243; _builder_version=&#187;3.0.47&#8243; parallax=&#187;off&#187; parallax_method=&#187;on&#187;][et_pb_blurb title=&#187;Dvojl\u00f4\u017ekov\u00e1 izba \u0160TANDARD&#187; url=&#187;http:\/\/www.hotelviktor.sk\/ubytovanie\/dvojlozkova-izba-standard\/&#187; image=&#187;http:\/\/www.hotelviktor.sk\/wp-content\/uploads\/2017\/12\/HV_i1_promo_01.jpg&#187; _builder_version=&#187;3.0.105&#8243; header_font_size=&#187;22&#8243; header_line_height=&#187;1.4em&#187; body_line_height=&#187;1.4em&#187; max_width_tablet=&#187;50px&#187; animation_style=&#187;slide&#187; animation=&#187;off&#187; custom_css_main_element=&#187;padding-bottom:30px !important;&#187; custom_css_blurb_image=&#187;margin-bottom:10px!important;||&#187; custom_css_blurb_title=&#187;color:#ad060b;||padding-bottom:10px!important;||&#187; saved_tabs=&#187;all&#187;]Komfortn\u00e1, \u0161t\u00fdlovo zariaden\u00e1 izba pre dve osoby s pohodlnou man\u017eelskou poste\u013eou.<br \/>\n[\/et_pb_blurb][et_pb_button button_url=&#187;http:\/\/www.hotelviktor.sk\/rezervacia?izba=Dvojl\u00f4\u017ekov\u00e1%20izba%20\u0160TANDARD&#187; button_text=&#187;Rezervova\u0165&#187; button_alignment=&#187;left&#187; _builder_version=&#187;3.0.73&#8243; custom_css_main_element=&#187;bottom: 0px;||position: absolute;&#187;][\/et_pb_button][\/et_pb_column][\/et_pb_row][et_pb_row custom_padding=&#187;|15px||15px&#187; custom_margin=&#187;||15px|&#187; background_color=&#187;rgba(255,255,255,0.7)&#187; _builder_version=&#187;3.0.105&#8243;][et_pb_column type=&#187;4_4&#8243; _builder_version=&#187;3.0.47&#8243; parallax=&#187;off&#187; parallax_method=&#187;on&#187;][et_pb_blurb title=&#187;Dvojl\u00f4\u017ekov\u00e1 izba BIZNIS&#187; url=&#187;http:\/\/www.hotelviktor.sk\/ubytovanie\/dvojlozkova-izba-biznis\/&#187; image=&#187;http:\/\/www.hotelviktor.sk\/wp-content\/uploads\/2017\/12\/FV_i2_img01.jpg&#187; _builder_version=&#187;3.0.73&#8243; header_font_size=&#187;22&#8243; header_line_height=&#187;1.4em&#187; body_line_height=&#187;1.4em&#187; animation_style=&#187;slide&#187; animation=&#187;off&#187; custom_css_main_element=&#187;padding-bottom:30px !important;&#187; custom_css_blurb_image=&#187;margin-bottom:10px!important;&#187; custom_css_blurb_title=&#187;color:#ad060b;||padding-bottom:10px!important;||&#187; border_style=&#187;solid&#187; saved_tabs=&#187;all&#187;]Izbu s dvomi samostatn\u00fdmi l\u00f4\u017ekami ocenia najm\u00e4 hostia, ktor\u00ed s\u00fa na pracovnej ceste.<br \/>\n[\/et_pb_blurb][et_pb_button button_url=&#187;http:\/\/www.hotelviktor.sk\/rezervacia?izba=Dvojl\u00f4\u017ekov\u00e1%20izba%20BIZNIS&#187; button_text=&#187;Rezervova\u0165&#187; button_alignment=&#187;left&#187; _builder_version=&#187;3.0.73&#8243; custom_css_main_element=&#187;bottom: 0px;||position: absolute;&#187;][\/et_pb_button][\/et_pb_column][\/et_pb_row][et_pb_row custom_padding=&#187;|15px||15px&#187; custom_margin=&#187;||15px|&#187; background_color=&#187;rgba(255,255,255,0.7)&#187; _builder_version=&#187;3.0.105&#8243;][et_pb_column type=&#187;4_4&#8243; _builder_version=&#187;3.0.47&#8243; parallax=&#187;off&#187; parallax_method=&#187;on&#187;][et_pb_blurb title=&#187;Bezbari\u00e9rov\u00e1 dvojl\u00f4\u017ekov\u00e1 izba&#187; url=&#187;http:\/\/www.hotelviktor.sk\/ubytovanie\/bezbarierova-dvojlozkova-izba\/&#187; image=&#187;http:\/\/www.hotelviktor.sk\/wp-content\/uploads\/2017\/12\/FV_i3_img01.jpg&#187; _builder_version=&#187;3.0.73&#8243; header_font_size=&#187;22&#8243; header_line_height=&#187;1.4em&#187; body_line_height=&#187;1.4em&#187; animation_style=&#187;slide&#187; animation_delay=&#187;50ms&#187; animation=&#187;off&#187; custom_css_main_element=&#187;padding-bottom:30px !important;&#187; custom_css_blurb_image=&#187;margin-bottom:10px!important;&#187; custom_css_blurb_title=&#187;color:#ad060b;||padding-bottom:10px!important;||&#187; border_style=&#187;solid&#187; saved_tabs=&#187;all&#187;]Izba \u0161peci\u00e1lne prisp\u00f4soben\u00e1 pre host\u00ed s obmedzenou schopnos\u0165ou pohybu.<br \/>\n[\/et_pb_blurb][et_pb_button button_url=&#187;http:\/\/www.hotelviktor.sk\/rezervacia?izba=Bezbari\u00e9rov\u00e1%20dvojl\u00f4\u017ekov\u00e1%20izba&#187; button_text=&#187;Rezervova\u0165&#187; button_alignment=&#187;left&#187; _builder_version=&#187;3.0.73&#8243; custom_css_main_element=&#187;bottom: 0px;||position: absolute;&#187;][\/et_pb_button][\/et_pb_column][\/et_pb_row][et_pb_row custom_padding=&#187;|15px||15px&#187; custom_margin=&#187;||15px|&#187; background_color=&#187;rgba(255,255,255,0.7)&#187; _builder_version=&#187;3.0.105&#8243;][et_pb_column type=&#187;4_4&#8243; _builder_version=&#187;3.0.47&#8243; parallax=&#187;off&#187; parallax_method=&#187;on&#187;][et_pb_blurb title=&#187;Apartm\u00e1n FRIENDS&#187; url=&#187;http:\/\/www.hotelviktor.sk\/ubytovanie\/apartman-friends\/&#187; image=&#187;http:\/\/www.hotelviktor.sk\/wp-content\/uploads\/2017\/12\/HV_i4_promo01.jpg&#187; _builder_version=&#187;3.0.73&#8243; header_font_size=&#187;22&#8243; header_line_height=&#187;1.4em&#187; body_line_height=&#187;1.4em&#187; animation_style=&#187;slide&#187; animation_delay=&#187;50ms&#187; animation=&#187;off&#187; custom_css_main_element=&#187;padding-bottom:30px !important;&#187; custom_css_blurb_image=&#187;margin-bottom:10px!important;&#187; custom_css_blurb_title=&#187;color:#ad060b;||padding-bottom:10px!important;||&#187; border_style=&#187;solid&#187; saved_tabs=&#187;all&#187;]Pohodln\u00fd a priestrann\u00fd apartm\u00e1n so \u0161tyrmi l\u00f4\u017ekami.<br \/>\n[\/et_pb_blurb][et_pb_button button_url=&#187;http:\/\/www.hotelviktor.sk\/rezervacia?izba=Apartm\u00e1n%20FRIENDS&#187; button_text=&#187;Rezervova\u0165&#187; button_alignment=&#187;left&#187; _builder_version=&#187;3.0.73&#8243; custom_css_main_element=&#187;bottom: 0px;||position: absolute;&#187;][\/et_pb_button][\/et_pb_column][\/et_pb_row][et_pb_row custom_padding=&#187;|15px||15px&#187; custom_margin=&#187;||15px|&#187; background_color=&#187;rgba(255,255,255,0.7)&#187; _builder_version=&#187;3.0.105&#8243;][et_pb_column type=&#187;4_4&#8243; _builder_version=&#187;3.0.47&#8243; parallax=&#187;off&#187; parallax_method=&#187;on&#187;][et_pb_blurb title=&#187;Apartm\u00e1n FAMILY&#187; url=&#187;http:\/\/www.hotelviktor.sk\/ubytovanie\/apartman-family\/&#187; image=&#187;http:\/\/www.hotelviktor.sk\/wp-content\/uploads\/2017\/12\/HV_i5_img01.jpg&#187; _builder_version=&#187;3.0.73&#8243; header_font_size=&#187;22&#8243; header_line_height=&#187;1.4em&#187; body_line_height=&#187;1.4em&#187; animation_style=&#187;slide&#187; animation=&#187;off&#187; custom_css_main_element=&#187;padding-bottom:30px !important;&#187; custom_css_blurb_image=&#187;margin-bottom:10px!important;&#187; custom_css_blurb_title=&#187;color:#ad060b;||padding-bottom:10px!important;||&#187; border_style=&#187;solid&#187; saved_tabs=&#187;all&#187;]Najv\u00e4\u010d\u0161\u00ed hotelov\u00fd apartm\u00e1n s ubytovan\u00edm pre \u0161tyri osoby, ide\u00e1lny aj pre rodiny s de\u0165mi.<br \/>\n[\/et_pb_blurb][et_pb_button button_url=&#187;http:\/\/www.hotelviktor.sk\/rezervacia?izba=Apartm\u00e1n%20FAMILY&#187; button_text=&#187;Rezervova\u0165&#187; button_alignment=&#187;left&#187; _builder_version=&#187;3.0.73&#8243; custom_css_main_element=&#187;bottom: 0px;||position: absolute;&#187;][\/et_pb_button][\/et_pb_column][\/et_pb_row][et_pb_row custom_padding=&#187;|15px||15px&#187; custom_margin=&#187;||15px|&#187; background_color=&#187;rgba(255,255,255,0.7)&#187; _builder_version=&#187;3.0.105&#8243;][et_pb_column type=&#187;4_4&#8243; _builder_version=&#187;3.0.47&#8243; parallax=&#187;off&#187; parallax_method=&#187;on&#187;][et_pb_blurb title=&#187;Ponuka pren\u00e1jmu konferen\u010dn\u00fdch miestnost\u00ed&#187; url=&#187;\/?page_id=1962&#8243; url_new_window=&#187;on&#187; image=&#187;https:\/\/www.hotelviktor.sk\/wp-content\/uploads\/2018\/10\/konf1.jpg&#187; _builder_version=&#187;3.0.105&#8243; header_font_size=&#187;22&#8243; header_line_height=&#187;1.4em&#187; body_line_height=&#187;1.4em&#187; max_width_tablet=&#187;50px&#187; animation_style=&#187;slide&#187; animation=&#187;off&#187; custom_css_main_element=&#187;padding-bottom:30px !important;&#187; custom_css_blurb_image=&#187;margin-bottom:10px!important;||&#187; custom_css_blurb_title=&#187;color:#ad060b;||padding-bottom:10px!important;||&#187; saved_tabs=&#187;all&#187;]Sal\u00f3nik\/kapacita 12 os\u00f4b\/-33 eur\/de\u0148 alebo 8 eur\/hod.<br \/>\nKonferen\u010dn\u00e1 miestnos\u0165 I. kapacita 30 os\u00f4b-50 eur\/de\u0148<br \/>\n[\/et_pb_blurb][et_pb_button button_url=&#187;\/?page_id=1962&#8243; button_text=&#187;dozvedie\u0165 sa viac&#187; button_alignment=&#187;left&#187; _builder_version=&#187;3.0.105&#8243; custom_css_main_element=&#187;bottom: 0px;||position: absolute;&#187;][\/et_pb_button][\/et_pb_column][\/et_pb_row][et_pb_row custom_padding=&#187;|15px||15px&#187; custom_margin=&#187;||15px|&#187; background_color=&#187;rgba(255,255,255,0.7)&#187; _builder_version=&#187;3.0.105&#8243;][et_pb_column type=&#187;4_4&#8243; _builder_version=&#187;3.0.47&#8243; parallax=&#187;off&#187; parallax_method=&#187;on&#187;][et_pb_text _builder_version=&#187;3.0.105&#8243; custom_css_main_element=&#187;padding-top: 4%;||&#187;]<\/p>\n<h2>Kde n\u00e1s n\u00e1jdete<\/h2>\n<p>[\/et_pb_text][et_pb_code _builder_version=&#187;3.0.105&#8243;][put_wpgm id=1][\/et_pb_code][\/et_pb_column][\/et_pb_row][et_pb_row custom_padding=&#187;|15px||15px&#187; custom_margin=&#187;||15px|&#187; background_color=&#187;rgba(255,255,255,0.7)&#187; _builder_version=&#187;3.0.105&#8243;][et_pb_column type=&#187;4_4&#8243; _builder_version=&#187;3.0.47&#8243; parallax=&#187;off&#187; parallax_method=&#187;on&#187;][et_pb_text _builder_version=&#187;3.0.105&#8243; custom_css_main_element=&#187;padding-top: 4%;||&#187;]<\/p>\n<h2>Fotogal\u00e9ria<\/h2>\n<p>[\/et_pb_text][et_pb_gallery gallery_ids=&#187;182,194,648,640,647,639,637,633,632,635,629,630,627,620,616,595,596,597,598,599,600,601,602,603,604,605,606,607,608,609,610,611,612,613,614,615,617,618,619,621,622,623,624&#8243; fullwidth=&#187;on&#187; _builder_version=&#187;3.0.105&#8243; pagination_font_size_tablet=&#187;51&#8243; pagination_line_height_tablet=&#187;2&#8243; auto=&#187;on&#187; auto_speed=&#187;5000&#8243;][\/et_pb_gallery][\/et_pb_column][\/et_pb_row][et_pb_row custom_padding=&#187;|15px||15px&#187; custom_margin=&#187;||15px|&#187; background_color=&#187;rgba(255,255,255,0.7)&#187; _builder_version=&#187;3.0.105&#8243;][et_pb_column type=&#187;4_4&#8243; _builder_version=&#187;3.0.47&#8243; parallax=&#187;off&#187; parallax_method=&#187;on&#187;][et_pb_text _builder_version=&#187;3.0.105&#8243; custom_css_main_element=&#187;padding-top: 4%;||&#187;]<\/p>\n<h2>Video Hotel Viktor***<\/h2>\n<p>[\/et_pb_text][et_pb_text _builder_version=&#187;3.0.105&#8243;]https:\/\/www.youtube.com\/watch?v=FVBk_7BlEnY&#038;feature=shar<br \/>\n[\/et_pb_text][\/et_pb_column][\/et_pb_row][\/et_pb_section][et_pb_section fb_built=&#187;1&#8243; background_color=&#187;#1a3d0c&#187; disabled_on=&#187;|on|on&#187; _builder_version=&#187;3.0.105&#8243; background_size=&#187;initial&#187; background_position=&#187;top_right&#187; custom_css_main_element=&#187;margin-top:0px;&#187;][et_pb_row custom_padding=&#187;||20px|&#187; make_equal=&#187;on&#187; background_color=&#187;#1a3d0c&#187; bg_img_2=&#187;http:\/\/www.hotelviktor.sk\/wp-content\/uploads\/2017\/11\/logo_bg.png&#187; background_size_2=&#187;contain&#187; background_repeat_2=&#187;no-repeat&#187; background_blend_2=&#187;soft-light&#187; use_background_color_gradient_2=&#187;on&#187; background_color_gradient_start_2=&#187;#1a3d0c&#187; background_color_gradient_end_2=&#187;#036300&#8243; background_color_gradient_direction_2=&#187;162deg&#187; custom_css_main_2=&#187;padding-top:5%;&#187; _builder_version=&#187;3.0.105&#8243; background_image=&#187;https:\/\/www.hotelviktor.sk\/wp-content\/uploads\/2017\/11\/logo_bg.png&#187; background_size=&#187;contain&#187; custom_css_main_element=&#187;float: left;||||width: 100%!important;||padding-top:0px;||padding-bottom: 0px;&#187;][et_pb_column type=&#187;4_4&#8243; _builder_version=&#187;3.0.47&#8243; parallax=&#187;off&#187; parallax_method=&#187;on&#187;][et_pb_text background_layout=&#187;dark&#187; _builder_version=&#187;3.0.105&#8243; text_orientation=&#187;center&#187; module_alignment=&#187;center&#187; custom_margin=&#187;6%|||&#187; animation_style=&#187;bounce&#187; custom_css_main_element=&#187;padding-top:4%;&#187;]<\/p>\n<h2 style=\"font-size: 120px; line-height: 1em;\"><em><strong>70<span class=\"st\" style=\"font-size: 40px;\">\u20ac<\/span><\/strong><\/em><\/h2>\n<p>[\/et_pb_text][et_pb_text background_layout=&#187;dark&#187; _builder_version=&#187;3.0.105&#8243; text_font_size=&#187;18&#8243; text_orientation=&#187;center&#187; module_alignment=&#187;center&#187; custom_margin=&#187;6%|||&#187; animation_style=&#187;fade&#187; animation_delay=&#187;100ms&#187; custom_css_main_element=&#187;margin-top: -70px !important;||padding-top: 0;&#187;]za izbu za noc \/ 2 osoby<br \/>\n[\/et_pb_text][et_pb_button button_url=&#187;http:\/\/www.hotelviktor.sk\/rezervacia\/&#187; button_text=&#187;\u0431\u0440\u043e\u043d\u0438\u0440\u043e\u0432\u0430\u043d\u0438\u0435 \u043d\u043e\u043c\u0435\u0440\u043e\u0432&#187; button_alignment=&#187;center&#187; background_layout=&#187;dark&#187; _builder_version=&#187;3.0.73&#8243; custom_button=&#187;on&#187; button_text_size=&#187;16&#8243; button_border_radius=&#187;0&#8243; animation_style=&#187;slide&#187; animation_delay=&#187;200ms&#187;][\/et_pb_button][\/et_pb_column][\/et_pb_row][\/et_pb_section][et_pb_section fb_built=&#187;1&#8243; background_color=&#187;rgba(255,255,255,0)&#187; _builder_version=&#187;3.0.73&#8243; background_size=&#187;initial&#187; background_position=&#187;top_right&#187; custom_css_main_element=&#187;margin-top:0px;&#187; transparent_background=&#187;on&#187;][et_pb_row _builder_version=&#187;3.0.73&#8243; use_background_color_gradient=&#187;on&#187; background_color_gradient_start=&#187;rgba(0,0,0,0.52)&#187; background_color_gradient_end=&#187;rgba(0,0,0,0.31)&#187; background_size=&#187;initial&#187; background_position=&#187;top_left&#187; background_repeat=&#187;repeat&#187; custom_css_main_element=&#187;width:95%!important;||padding-top:4%;||float:left;||padding-left: 6%;||padding-bottom:4%;&#187;][et_pb_column type=&#187;1_4&#8243; _builder_version=&#187;3.0.47&#8243; parallax=&#187;off&#187; parallax_method=&#187;on&#187;][et_pb_blurb title=&#187;\u041a\u043e\u043d\u0444\u0435\u0440\u0435\u043d\u0446-\u0437\u0430\u043b\u044b&#187; url=&#187;http:\/\/www.hotelviktor.sk\/cennik\/&#187; use_icon=&#187;on&#187; font_icon=&#187;%%383%%&#187; icon_color=&#187;#ffffff&#187; use_icon_font_size=&#187;on&#187; icon_font_size=&#187;50px&#187; _builder_version=&#187;3.0.105&#8243; header_text_color=&#187;#ffffff&#187; background_color_gradient_direction=&#187;45deg&#187; text_orientation=&#187;center&#187; max_width_tablet=&#187;50px&#187; animation_style=&#187;bounce&#187;][\/et_pb_blurb][\/et_pb_column][et_pb_column type=&#187;1_4&#8243; _builder_version=&#187;3.0.47&#8243; parallax=&#187;off&#187; parallax_method=&#187;on&#187;][et_pb_blurb title=&#187;\u041e\u0442\u0435\u043b\u044c \u0442\u0430\u043a\u0441\u0438&#187; url=&#187;http:\/\/www.hotelviktor.sk\/cennik\/&#187; use_icon=&#187;on&#187; font_icon=&#187;%%381%%&#187; icon_color=&#187;#ffffff&#187; use_icon_font_size=&#187;on&#187; icon_font_size=&#187;50px&#187; _builder_version=&#187;3.0.73&#8243; header_font_size=&#187;18px&#187; header_text_color=&#187;#ffffff&#187; body_font_size=&#187;14px&#187; text_orientation=&#187;center&#187; animation_style=&#187;bounce&#187; animation_delay=&#187;100ms&#187; border_style=&#187;solid&#187;][\/et_pb_blurb][\/et_pb_column][et_pb_column type=&#187;1_4&#8243; _builder_version=&#187;3.0.47&#8243; parallax=&#187;off&#187; parallax_method=&#187;on&#187;][et_pb_blurb title=&#187;\u043f\u0430\u0440\u043a\u043e\u0432\u043a\u0430&#187; url=&#187;http:\/\/www.hotelviktor.sk\/parkovanie\/%20&#8243; use_icon=&#187;on&#187; font_icon=&#187;%%380%%&#187; icon_color=&#187;#ffffff&#187; use_icon_font_size=&#187;on&#187; icon_font_size=&#187;50px&#187; _builder_version=&#187;3.0.105&#8243; header_font_size=&#187;18px&#187; header_text_color=&#187;#ffffff&#187; body_font_size=&#187;14px&#187; text_orientation=&#187;center&#187; animation_style=&#187;bounce&#187; animation_delay=&#187;200ms&#187; border_style=&#187;solid&#187;][\/et_pb_blurb][\/et_pb_column][et_pb_column type=&#187;1_4&#8243; _builder_version=&#187;3.0.47&#8243; parallax=&#187;off&#187; parallax_method=&#187;on&#187;][et_pb_blurb title=&#187;\u041e\u0442\u0434\u044b\u0445 \u0438 \u0440\u0430\u0437\u0432\u043b\u0435\u0447\u0435\u043d\u0438\u044f&#187; url=&#187;http:\/\/www.hotelviktor.sk\/aktivity-v-okoli\/%20&#8243; use_icon=&#187;on&#187; font_icon=&#187;%%382%%&#187; icon_color=&#187;#ffffff&#187; use_icon_font_size=&#187;on&#187; icon_font_size=&#187;50px&#187; _builder_version=&#187;3.0.73&#8243; header_font_size=&#187;18px&#187; header_text_color=&#187;#ffffff&#187; body_font_size=&#187;14px&#187; text_orientation=&#187;center&#187; animation_style=&#187;bounce&#187; animation_delay=&#187;300ms&#187; border_style=&#187;solid&#187;][\/et_pb_blurb][\/et_pb_column][\/et_pb_row][\/et_pb_section]<\/p>\n","protected":false},"excerpt":{"rendered":"<p>\t\t\t<rs-module-wrap id=\"rev_slider_error_2_wrapper\">\n\t\t\t\t<rs-module id=\"rev_slider_error_2\">\n\t\t\t\t\t<div class=\"rs_error_message_box\">\n\t\t\t\t\t\t<div class=\"rs_error_message_oops\">There is nothing to show here!<\/div>\n\t\t\t\t\t\t<div class=\"rs_error_message_content\">Slider with alias &quot;change&quot; not found.<\/div>\n\t\t\t\t\t<\/div>\n\t\t\t\t<\/rs-module>\n\t\t\t<\/rs-module-wrap>\n\t\t\t<script>\n\t\t\t\tvar rs_eslider = document.getElementById(\"rev_slider_error_2\");\n\t\t\t\trs_eslider.style.display = \"none\";\n\t\t\t\tconsole.log(\"Slider with alias &quot;change&quot; not found.\");\n\t\t\t<\/script>\nVitajte na str\u00e1nkach hotela Viktor Novopostaven\u00fd modern\u00fd hotel v bl\u00edzkosti centra Bratislava pon\u00faka vysok\u00fd \u0161tandard ubytovania pre biznis klientelu, turistov \u010di rodiny s de\u0165mi. Hotel Viktor disponuje vlastnou re\u0161taur\u00e1ciou, barom, non-stop recepciou a str\u00e1\u017een\u00fdm podzemn\u00fdm parkoviskom. Bl\u00edzkos\u0165 v\u00fdstaviska Incheba, \u017eelezni\u010dnej stanice Petr\u017ealka, \u010di dia\u013en\u00edc D1 a D2 ho predur\u010duj\u00fa k ubytovaniu host\u00ed, ktor\u00ed h\u013eadaj\u00fa [&hellip;]<\/p>\n","protected":false},"author":1,"featured_media":0,"parent":0,"menu_order":0,"comment_status":"closed","ping_status":"closed","template":"","meta":{"_et_pb_use_builder":"on","_et_pb_old_content":"","_et_gb_content_width":"","footnotes":""},"class_list":["post-805","page","type-page","status-publish","hentry"],"_links":{"self":[{"href":"https:\/\/www.hotelviktor.sk\/ru\/wp-json\/wp\/v2\/pages\/805"}],"collection":[{"href":"https:\/\/www.hotelviktor.sk\/ru\/wp-json\/wp\/v2\/pages"}],"about":[{"href":"https:\/\/www.hotelviktor.sk\/ru\/wp-json\/wp\/v2\/types\/page"}],"author":[{"embeddable":true,"href":"https:\/\/www.hotelviktor.sk\/ru\/wp-json\/wp\/v2\/users\/1"}],"replies":[{"embeddable":true,"href":"https:\/\/www.hotelviktor.sk\/ru\/wp-json\/wp\/v2\/comments?post=805"}],"version-history":[{"count":30,"href":"https:\/\/www.hotelviktor.sk\/ru\/wp-json\/wp\/v2\/pages\/805\/revisions"}],"predecessor-version":[{"id":3387,"href":"https:\/\/www.hotelviktor.sk\/ru\/wp-json\/wp\/v2\/pages\/805\/revisions\/3387"}],"wp:attachment":[{"href":"https:\/\/www.hotelviktor.sk\/ru\/wp-json\/wp\/v2\/media?parent=805"}],"curies":[{"name":"wp","href":"https:\/\/api.w.org\/{rel}","templated":true}]}}