{"id":1020,"date":"2018-01-10T16:12:36","date_gmt":"2018-01-10T15:12:36","guid":{"rendered":"http:\/\/www.hotelviktor.sk\/%d0%bf%d1%80%d0%be%d0%b6%d0%b8%d0%b2%d0%b0%d0%bd%d0%b8%d0%b5\/%d0%b4%d0%b2%d1%83%d1%85%d0%bc%d0%b5%d1%81%d1%82%d0%bd%d1%8b%d0%b9-%d0%bd%d0%be%d0%bc%d0%b5%d1%80-%d0%b1%d0%b8%d0%b7%d0%bd%d0%b5%d1%81\/"},"modified":"2018-02-01T14:58:31","modified_gmt":"2018-02-01T13:58:31","slug":"%d0%b4%d0%b2%d1%83%d1%85%d0%bc%d0%b5%d1%81%d1%82%d0%bd%d1%8b%d0%b9-%d0%bd%d0%be%d0%bc%d0%b5%d1%80-%d0%b1%d0%b8%d0%b7%d0%bd%d0%b5%d1%81","status":"publish","type":"page","link":"https:\/\/www.hotelviktor.sk\/ru\/%d0%bf%d1%80%d0%be%d0%b6%d0%b8%d0%b2%d0%b0%d0%bd%d0%b8%d0%b5\/%d0%b4%d0%b2%d1%83%d1%85%d0%bc%d0%b5%d1%81%d1%82%d0%bd%d1%8b%d0%b9-%d0%bd%d0%be%d0%bc%d0%b5%d1%80-%d0%b1%d0%b8%d0%b7%d0%bd%d0%b5%d1%81\/","title":{"rendered":"\u0414\u0432\u0443\u0445\u043c\u0435\u0441\u0442\u043d\u044b\u0439 \u043d\u043e\u043c\u0435\u0440 \u0411\u0438\u0437\u043d\u0435\u0441"},"content":{"rendered":"<p>[et_pb_section bb_built=&#187;1&#8243; _builder_version=&#187;3.0.73&#8243; background_size=&#187;initial&#187; background_position=&#187;top_right&#187; transparent_background=&#187;on&#187;][et_pb_row _builder_version=&#187;3.0.73&#8243; background_color=&#187;#ffffff&#187; custom_css_main_element=&#187;float: left;||padding-left: 6%;||width: 95%!important;||padding-top:0px;&#187; background_position=&#187;top_left&#187; background_repeat=&#187;repeat&#187; background_size=&#187;initial&#187;][et_pb_column type=&#187;2_3&#8243;][et_pb_post_title _builder_version=&#187;3.0.73&#8243; title=&#187;on&#187; meta=&#187;off&#187; author=&#187;on&#187; date=&#187;on&#187; categories=&#187;on&#187; comments=&#187;on&#187; featured_image=&#187;off&#187; featured_placement=&#187;below&#187; parallax_method=&#187;on&#187; text_orientation=&#187;left&#187; text_color=&#187;dark&#187; text_background=&#187;off&#187; border_style=&#187;solid&#187; custom_css_main_element=&#187;padding-top:4%;&#187; \/][et_pb_text _builder_version=&#187;3.0.73&#8243; background_layout=&#187;light&#187; text_orientation=&#187;left&#187; border_style=&#187;solid&#187;]<\/p>\n<p>\u0423\u0434\u043e\u0431\u043d\u044b\u0439, \u0441\u043e\u0432\u0440\u0435\u043c\u0435\u043d\u043d\u044b\u0439, \u0441\u043e \u0432\u043a\u0443\u0441\u043e\u043c \u043e\u0441\u043d\u0430\u0449\u0435\u043d\u043d\u044b\u0439 \u043a\u0430\u0447\u0435\u0441\u0442\u0432\u0435\u043d\u043d\u043e\u0439 \u043c\u0435\u0431\u0435\u043b\u044c\u044e \u043d\u043e\u043c\u0435\u0440 \u043d\u0430 \u0434\u0432\u043e\u0438\u0445 \u0441 \u0434\u0432\u0443\u043c\u044f \u043e\u0442\u0434\u0435\u043b\u044c\u043d\u044b\u043c\u0438 \u043a\u0440\u043e\u0432\u0430\u0442\u044f\u043c\u0438, \u043f\u043e\u0434\u0445\u043e\u0434\u0438\u0442 \u0434\u043b\u044f \u0433\u043e\u0441\u0442\u0435\u0439, \u043a\u043e\u0442\u043e\u0440\u044b\u0435 \u043d\u0430\u0445\u043e\u0434\u044f\u0442\u0441\u044f \u0411\u0440\u0430\u0442\u0438\u0441\u043b\u0430\u0432\u0435 \u043f\u043e \u0441\u043b\u0443\u0436\u0435\u0431\u043d\u044b\u043c \u0434\u0435\u043b\u0430\u043c \u0438 \u0436\u0435\u043b\u0430\u044e\u0442 \u043f\u0440\u043e\u0436\u0438\u0432\u0430\u0442\u044c \u0432 \u0442\u0438\u0445\u043e\u043c \u043c\u0435\u0441\u0442\u0435 \u0433\u043e\u0440\u043e\u0434\u0430 \u0441 \u0432\u043e\u0437\u043c\u043e\u0436\u043d\u043e\u0441\u0442\u044c\u044e \u0441\u043e\u0437\u0434\u0430\u043d\u0438\u044f \u0440\u0430\u0431\u043e\u0447\u0435\u0439 \u0430\u0442\u043c\u043e\u0441\u0444\u0435\u0440\u044b \u0432 \u043d\u043e\u043c\u0435\u0440\u0435, \u0441 \u043f\u043e\u0434\u043a\u043b\u044e\u0447\u0435\u043d\u0438\u0435\u043c \u043a \u0418\u043d\u0442\u0435\u0440\u043d\u0435\u0442\u0443 \u0438 \u043a\u043e\u043c\u0444\u043e\u0440\u0442\u043d\u044b\u043c \u0440\u0430\u0431\u043e\u0447\u0438\u043c \u043c\u0435\u0441\u0442\u043e\u043c \u043f\u0440\u044f\u043c\u043e \u0432 \u043d\u043e\u043c\u0435\u0440\u0435.<\/p>\n<p>\u041d\u043e\u043c\u0435\u0440 \u043f\u0440\u0435\u0434\u043b\u0430\u0433\u0430\u0435\u0442 \u0432\u044b\u0441\u043e\u043a\u0438\u0439 \u0443\u0440\u043e\u0432\u0435\u043d\u044c \u043f\u0440\u043e\u0436\u0438\u0432\u0430\u043d\u0438\u044f, \u043a\u043e\u0442\u043e\u0440\u044b\u0439 \u0445\u0430\u0440\u0430\u043a\u0442\u0435\u0440\u0438\u0437\u0443\u0435\u0442\u0441\u044f:<\/p>\n<ul>\n<li>\u0434\u043e\u0441\u0442\u0443\u043f\u043e\u043c \u0432 \u043d\u043e\u043c\u0435\u0440 \u043f\u0440\u0438 \u043f\u043e\u043c\u043e\u0449\u0438 \u0441\u043c\u0430\u0440\u0442-\u043a\u0430\u0440\u0442\u044b, \u043a\u043e\u0442\u043e\u0440\u0430\u044f \u043c\u043e\u0436\u0435\u0442 \u0431\u044b\u0442\u044c \u0438\u0441\u043f\u043e\u043b\u044c\u0437\u043e\u0432\u0430\u043d\u0430 \u0434\u043b\u044f \u043f\u0430\u0440\u043a\u043e\u0432\u043a\u0438 \u0430\u0432\u0442\u043e\u043c\u043e\u0431\u0438\u043b\u044f \u0438\u043b\u0438 \u043f\u043b\u0430\u0442\u0435\u0436\u0435\u0439 \u0432 \u0440\u0435\u0441\u0442\u043e\u0440\u0430\u043d\u0435<\/li>\n<li>\u0416\u041a-\u0442\u0435\u043b\u0435\u0432\u0438\u0437\u043e\u0440 (30 \u043f\u0440\u043e\u0433\u0440\u0430\u043c\u043c, \u0432 \u0442\u043e\u043c \u0447\u0438\u0441\u043b\u0435 \u043f\u0440\u043e\u0433\u0440\u0430\u043c\u043c\u044b \u043e \u0437\u0430\u0440\u0443\u0431\u0435\u0436\u043d\u044b\u0445 \u043d\u043e\u0432\u043e\u0441\u0442\u044f\u0445)<\/li>\n<li>\u043a\u0430\u0431\u0435\u043b\u044c\u043d\u043e\u0435 \u0438 Wi-Fi \u043f\u043e\u0434\u043a\u043b\u044e\u0447\u0435\u043d\u0438\u0435 \u043a\u043e\u043c\u043f\u044c\u044e\u0442\u0435\u0440\u0430<\/li>\n<li>\u0441\u0435\u0439\u0444 \u043d\u0435\u043f\u043e\u0441\u0440\u0435\u0434\u0441\u0442\u0432\u0435\u043d\u043d\u043e \u0432 \u043d\u043e\u043c\u0435\u0440\u0435<\/li>\n<li>\u0442\u0435\u043b\u0435\u0444\u043e\u043d<\/li>\n<li><b>\u0440\u0430\u0431\u043e\u0447\u0435\u0435 \u043c\u0435\u0441\u0442\u043e \u0441 \u043f\u0438\u0441\u044c\u043c\u0435\u043d\u043d\u044b\u043c \u0441\u0442\u043e\u043b\u043e\u043c<\/b><\/li>\n<\/ul>\n<p>\u0423\u0447\u0438\u0442\u044b\u0432\u0430\u044f, \u0447\u0442\u043e \u043e\u0442\u0435\u043b\u044c \ufffdViktor\ufffd \u043f\u0440\u0438\u043d\u044f\u0442 \u0432 \u044d\u043a\u0441\u043f\u043b\u0443\u0430\u0442\u0430\u0446\u0438\u044e \u0432 2011 \u0433\u043e\u0434\u0443, \u0432\u0441\u0435 \u043d\u043e\u043c\u0435\u0440\u0430 \u043d\u0430\u0445\u043e\u0434\u044f\u0442\u0441\u044f \u0432 \u0431\u0435\u0437\u0443\u043f\u0440\u0435\u0447\u043d\u043e\u043c \u0441\u043e\u0441\u0442\u043e\u044f\u043d\u0438\u0438. \u041a\u0440\u043e\u043c\u0435 \u0442\u043e\u0433\u043e, \u043e\u0442\u0435\u043b\u044c \u043e\u0442\u0432\u0435\u0447\u0430\u0435\u0442 \u0441\u0430\u043c\u044b\u043c \u0432\u044b\u0441\u043e\u043a\u0438\u043c \u0441\u0442\u0430\u043d\u0434\u0430\u0440\u0442\u0430\u043c \u0431\u0435\u0437\u043e\u043f\u0430\u0441\u043d\u043e\u0441\u0442\u0438 \u0435\u0433\u043e \u0433\u043e\u0441\u0442\u0435\u0439.<\/p>\n<p>[\/et_pb_text][et_pb_button _builder_version=&#187;3.0.73&#8243; button_text=&#187;\u0440\u0435\u0437\u0435\u0440\u0432&#187; button_url=&#187;http:\/\/www.hotelviktor.sk\/rezervacia?izba=Dvojl\u00f4\u017ekov\u00e1 izba BIZNIS&#187; url_new_window=&#187;off&#187; button_alignment=&#187;left&#187; background_layout=&#187;light&#187; custom_button=&#187;on&#187; button_letter_spacing=&#187;0&#8243; button_icon_placement=&#187;right&#187; button_letter_spacing_hover=&#187;0&#8243; button_text_size=&#187;16&#8243; button_border_radius=&#187;0&#8243; \/][\/et_pb_column][et_pb_column type=&#187;1_3&#8243;][et_pb_image _builder_version=&#187;3.0.73&#8243; src=&#187;http:\/\/www.hotelviktor.sk\/wp-content\/uploads\/2017\/12\/FV_i2_img_promo.jpg&#187; show_in_lightbox=&#187;off&#187; url_new_window=&#187;off&#187; use_overlay=&#187;off&#187; sticky=&#187;off&#187; align=&#187;left&#187; always_center_on_mobile=&#187;on&#187; border_style=&#187;solid&#187; force_fullwidth=&#187;off&#187; \/][\/et_pb_column][\/et_pb_row][et_pb_row _builder_version=&#187;3.0.73&#8243; custom_css_main_element=&#187;float: left;||padding-left: 6%;||padding-right: 4%;||width: 95%!important;||padding-top:0px;||padding-bottom:6%;||background-color:#fff;&#187; use_custom_gutter=&#187;on&#187; gutter_width=&#187;2&#8243;][et_pb_column type=&#187;4_4&#8243;][et_pb_gallery _builder_version=&#187;3.0.73&#8243; posts_number=&#187;30&#8243; show_title_and_caption=&#187;off&#187; show_pagination=&#187;off&#187; gallery_ids=&#187;485,624,648,646,484,642,627,622,607,609,348&#8243; fullwidth=&#187;off&#187; orientation=&#187;landscape&#187; zoom_icon_color=&#187;#ad060b&#187; hover_overlay_color=&#187;rgba(255,255,255,0.9)&#187; background_layout=&#187;light&#187; border_style=&#187;solid&#187; hover_icon=&#187;%%43%%&#187; custom_css_main_element=&#187;margin-bottom:20px;&#187; \/][\/et_pb_column][\/et_pb_row][\/et_pb_section]<\/p>\n","protected":false},"excerpt":{"rendered":"<p>\u0423\u0434\u043e\u0431\u043d\u044b\u0439, \u0441\u043e\u0432\u0440\u0435\u043c\u0435\u043d\u043d\u044b\u0439, \u0441\u043e \u0432\u043a\u0443\u0441\u043e\u043c \u043e\u0441\u043d\u0430\u0449\u0435\u043d\u043d\u044b\u0439 \u043a\u0430\u0447\u0435\u0441\u0442\u0432\u0435\u043d\u043d\u043e\u0439 \u043c\u0435\u0431\u0435\u043b\u044c\u044e \u043d\u043e\u043c\u0435\u0440 \u043d\u0430 \u0434\u0432\u043e\u0438\u0445 \u0441 \u0434\u0432\u0443\u043c\u044f \u043e\u0442\u0434\u0435\u043b\u044c\u043d\u044b\u043c\u0438 \u043a\u0440\u043e\u0432\u0430\u0442\u044f\u043c\u0438, \u043f\u043e\u0434\u0445\u043e\u0434\u0438\u0442 \u0434\u043b\u044f \u0433\u043e\u0441\u0442\u0435\u0439, \u043a\u043e\u0442\u043e\u0440\u044b\u0435 \u043d\u0430\u0445\u043e\u0434\u044f\u0442\u0441\u044f \u0411\u0440\u0430\u0442\u0438\u0441\u043b\u0430\u0432\u0435 \u043f\u043e \u0441\u043b\u0443\u0436\u0435\u0431\u043d\u044b\u043c \u0434\u0435\u043b\u0430\u043c \u0438 \u0436\u0435\u043b\u0430\u044e\u0442 \u043f\u0440\u043e\u0436\u0438\u0432\u0430\u0442\u044c \u0432 \u0442\u0438\u0445\u043e\u043c \u043c\u0435\u0441\u0442\u0435 \u0433\u043e\u0440\u043e\u0434\u0430 \u0441 \u0432\u043e\u0437\u043c\u043e\u0436\u043d\u043e\u0441\u0442\u044c\u044e \u0441\u043e\u0437\u0434\u0430\u043d\u0438\u044f \u0440\u0430\u0431\u043e\u0447\u0435\u0439 \u0430\u0442\u043c\u043e\u0441\u0444\u0435\u0440\u044b \u0432 \u043d\u043e\u043c\u0435\u0440\u0435, \u0441 \u043f\u043e\u0434\u043a\u043b\u044e\u0447\u0435\u043d\u0438\u0435\u043c \u043a \u0418\u043d\u0442\u0435\u0440\u043d\u0435\u0442\u0443 \u0438 \u043a\u043e\u043c\u0444\u043e\u0440\u0442\u043d\u044b\u043c \u0440\u0430\u0431\u043e\u0447\u0438\u043c \u043c\u0435\u0441\u0442\u043e\u043c \u043f\u0440\u044f\u043c\u043e \u0432 \u043d\u043e\u043c\u0435\u0440\u0435. \u041d\u043e\u043c\u0435\u0440 \u043f\u0440\u0435\u0434\u043b\u0430\u0433\u0430\u0435\u0442 \u0432\u044b\u0441\u043e\u043a\u0438\u0439 \u0443\u0440\u043e\u0432\u0435\u043d\u044c \u043f\u0440\u043e\u0436\u0438\u0432\u0430\u043d\u0438\u044f, \u043a\u043e\u0442\u043e\u0440\u044b\u0439 \u0445\u0430\u0440\u0430\u043a\u0442\u0435\u0440\u0438\u0437\u0443\u0435\u0442\u0441\u044f: [&hellip;]<\/p>\n","protected":false},"author":1,"featured_media":0,"parent":949,"menu_order":0,"comment_status":"closed","ping_status":"closed","template":"","meta":{"_et_pb_use_builder":"on","_et_pb_old_content":"","_et_gb_content_width":"","footnotes":""},"class_list":["post-1020","page","type-page","status-publish","hentry"],"_links":{"self":[{"href":"https:\/\/www.hotelviktor.sk\/ru\/wp-json\/wp\/v2\/pages\/1020"}],"collection":[{"href":"https:\/\/www.hotelviktor.sk\/ru\/wp-json\/wp\/v2\/pages"}],"about":[{"href":"https:\/\/www.hotelviktor.sk\/ru\/wp-json\/wp\/v2\/types\/page"}],"author":[{"embeddable":true,"href":"https:\/\/www.hotelviktor.sk\/ru\/wp-json\/wp\/v2\/users\/1"}],"replies":[{"embeddable":true,"href":"https:\/\/www.hotelviktor.sk\/ru\/wp-json\/wp\/v2\/comments?post=1020"}],"version-history":[{"count":6,"href":"https:\/\/www.hotelviktor.sk\/ru\/wp-json\/wp\/v2\/pages\/1020\/revisions"}],"predecessor-version":[{"id":1838,"href":"https:\/\/www.hotelviktor.sk\/ru\/wp-json\/wp\/v2\/pages\/1020\/revisions\/1838"}],"up":[{"embeddable":true,"href":"https:\/\/www.hotelviktor.sk\/ru\/wp-json\/wp\/v2\/pages\/949"}],"wp:attachment":[{"href":"https:\/\/www.hotelviktor.sk\/ru\/wp-json\/wp\/v2\/media?parent=1020"}],"curies":[{"name":"wp","href":"https:\/\/api.w.org\/{rel}","templated":true}]}}