{"id":872,"date":"2018-01-10T15:15:27","date_gmt":"2018-01-10T14:15:27","guid":{"rendered":"http:\/\/www.hotelviktor.sk\/atrakcje-w-okolicy\/"},"modified":"2018-01-10T15:15:27","modified_gmt":"2018-01-10T14:15:27","slug":"atrakcje-w-okolicy","status":"publish","type":"page","link":"https:\/\/www.hotelviktor.sk\/pl\/atrakcje-w-okolicy\/","title":{"rendered":"Atrakcje w okolicy"},"content":{"rendered":"<p>[et_pb_section bb_built=&#8221;1&#8243; _builder_version=&#8221;3.0.73&#8243; background_size=&#8221;initial&#8221; background_position=&#8221;top_right&#8221; transparent_background=&#8221;on&#8221;][et_pb_row _builder_version=&#8221;3.0.73&#8243; background_color=&#8221;#ffffff&#8221; custom_css_main_element=&#8221;float: left;||padding-left: 6%;||width: 95%!important;||padding-top:0px;&#8221;][et_pb_column type=&#8221;2_3&#8243;][et_pb_post_title _builder_version=&#8221;3.0.73&#8243; title=&#8221;on&#8221; meta=&#8221;off&#8221; author=&#8221;on&#8221; date=&#8221;on&#8221; categories=&#8221;on&#8221; comments=&#8221;on&#8221; featured_image=&#8221;off&#8221; featured_placement=&#8221;below&#8221; parallax_method=&#8221;on&#8221; text_orientation=&#8221;left&#8221; text_color=&#8221;dark&#8221; text_background=&#8221;off&#8221; border_style=&#8221;solid&#8221; custom_css_main_element=&#8221;padding-top:4%;&#8221; \/][et_pb_text _builder_version=&#8221;3.0.73&#8243; background_layout=&#8221;light&#8221; text_orientation=&#8221;left&#8221; border_style=&#8221;solid&#8221;]<\/p>\n<p>Bratys\u0142awa i jej okolice oferuj\u0105 wiele atrakcji zwi\u0105zanych z kultur\u0105, histori\u0105, sportem czy relaksem. Chcieliby\u015bmy przedstawi\u0107 Pa\u0144stwu niekt\u00f3re z nich.<\/p>\n<h2>Wycieczki historyczne<\/h2>\n<h3>&#8211; W granicach miasta Bratys\u0142awy<\/h3>\n<p>Zamek bratys\u0142awski<br \/>\n(<a href=\"http:\/\/www.bkis.sk\/turista-v-bratislave\/atrakcie\/top-pamiatky\/bratislavsky-hrad\/\">wi\u0119cej informacji<\/a>,<a href=\"http:\/\/maps.google.cz\/maps?saddr=Kremnick%C3%A1+26,+Bratislava-Petr%C5%BEalka,+Slovensk%C3%A1+republika&amp;daddr=48.142365,17.099637&amp;hl=sk&amp;ie=UTF8&amp;ll=48.135564,17.104769&amp;spn=0.033452,0.077162&amp;sll=48.13184,17.103052&amp;sspn=0.033454,0.077162&amp;geocode=FXNZ3gIdmM0EASlTY4YaeYlsRzHMW241xd-c4Q%3BFR2Y3gIddesEAQ&amp;vpsrc=0&amp;brcurrent=5,0,0&amp;dirflg=w&amp;mra=ltm&amp;t=m&amp;z=14\">\u00a0spacer z hotelu na zamek<\/a>)<\/p>\n<p>Wie\u017ca Michalsk\u00e1 ve\u017ea<br \/>\n(<a href=\"http:\/\/www.bkis.sk\/turista-v-bratislave\/atrakcie\/top-pamiatky\/michalska-brana\/\">wi\u0119cej informacji<\/a>,\u00a0<a href=\"http:\/\/maps.google.cz\/amaps?q=Michalsk%C3%A1+ve%C5%BEa,+Michalsk%C3%A1,+Bratislava,+Slovensk%C3%A1+republika&amp;hl=sk&amp;ie=UTF8&amp;ll=48.145816,17.106485&amp;spn=0.008361,0.01929&amp;sll=48.145145,17.107049&amp;sspn=0.001045,0.002411&amp;vpsrc=0&amp;brcurrent=5,0,0&amp;dirflg=w&amp;hq=Michalsk%C3%A1+ve%C5%BEa,&amp;hnear=Michalsk%C3%A1,+Bratislava,+Slovensk%C3%A1+republika&amp;t=m&amp;z=16&amp;iwloc=A\">poka\u017c na\u00a0mapie<\/a>)<\/p>\n<p>Stary ratusz<br \/>\n(<a href=\"http:\/\/visit.bratislava.sk\/vismo\/o_utvar.asp?id_org=700013&amp;id_u=11012378&amp;p1=11024364\">wi\u0119cej informacji<\/a>,\u00a0<a href=\"http:\/\/maps.google.com\/maps?hl=sk&amp;ll=48.143933,17.10979&amp;spn=0.004181,0.009645&amp;t=h&amp;z=17&amp;vpsrc=6\">poka\u017c na mapie<\/a>)<\/p>\n<p>Dom \u015bw. Marcina<br \/>\n(<a href=\"http:\/\/www.bkis.sk\/turista-v-bratislave\/atrakcie\/top-pamiatky\/dom-sv-martina\/\">wi\u0119cej informacji<\/a>,\u00a0<a href=\"http:\/\/maps.google.com\/maps?q=48.142036,17.10472&amp;hl=sk&amp;num=1&amp;t=h&amp;vpsrc=0&amp;z=18&amp;iwloc=ltrends\">poka\u017c na mapie<\/a>)<\/p>\n<p>Galeria miasta Bratys\u0142awa \u2013 Pa\u0142ac Mirbachov pal\u00e1c<br \/>\nWystawa sta\u0142a: Malarstwo i rze\u017abiarstwo \u015brodkowoeuropejskie w okresie baroku.<br \/>\n(<a href=\"http:\/\/www.gmb.sk\/sk\/content\/mirbachov-palac\">wi\u0119cej informacji<\/a>,\u00a0<a href=\"http:\/\/maps.google.cz\/maps?f=q&amp;source=s_q&amp;hl=sk&amp;q=Franti%C5%A1k%C3%A1nske+n%C3%A1mestie+11,+Bratislava,+Slovensk%C3%A1+republika&amp;ie=UTF8&amp;cd=1&amp;geocode=FZ2h3gId9AsFAQ&amp;split=0&amp;sll=49.930008,15.369873&amp;sspn=3.401661,7.382813&amp;ll=48.144835,17.108781&amp;spn=0.005319,0.016512&amp;z=17&amp;iwloc=A\">poka\u017c na mapie<\/a>)<\/p>\n<p>Galeria miasta Bratys\u0142awa \u2013 Pa\u0142ac P\u00e1lffyho pal\u00e1c<br \/>\nWystawa sta\u0142a: Gotyckie malarstwo tablicowe i rze\u017aba \u2013 \u015arodkowoeuropejskie malarstwo i rze\u017abiarstwo XIX wieku &#8211; Sztuka XX wieku na S\u0142owacji.<br \/>\n(<a href=\"http:\/\/www.gmb.sk\/sk\/content\/palffyho-palac\">wi\u0119cej informacji<\/a>,<a href=\"http:\/\/maps.google.cz\/maps?f=q&amp;source=s_q&amp;hl=sk&amp;geocode=&amp;q=P%C3%A1nska+19+bratislava&amp;sll=50.660809,14.032091&amp;sspn=0.010106,0.033023&amp;g=P%C3%A1nska+19&amp;ie=UTF8&amp;ll=48.14224,17.107075&amp;spn=0.00266,0.008256&amp;z=18&amp;iwloc=A\">\u00a0poka\u017c na mapie<\/a>)<\/p>\n<p>Galeria miasta Bratys\u0142awa \u2013 Pa\u0142ac Primaci\u00e1lny pal\u00e1c<br \/>\nWystawa sta\u0142a: Holenderskie i flamandzkie malarstwo obyczajowe XVII wieku &#8211; Malarstwo w\u0142oskie XVI i XVII wieku.<br \/>\n(<a href=\"http:\/\/visit.bratislava.sk\/vismo\/o_utvar.asp?id_org=700013&amp;id_u=11012379&amp;p1=11024730\">wi\u0119cej informacji<\/a>,<a href=\"http:\/\/maps.google.com\/?q=48.1439343,17.1092337&amp;t=h&amp;z=16&amp;vpsrc=0\">\u00a0poka\u017c na mapie<\/a>)<\/p>\n<p>S\u0142owacka Galeria Narodowa \u2013 Koszary Vodn\u00e9 kas\u00e1rne<br \/>\nWystawa sta\u0142a: Stara sztuka europejska XVI &#8211; XVIII wieku \u2013 S\u0142owacka sztuka gotycka \u2013 Sztuka barokowa na S\u0142owacji \u2013 Sztuka XIX wieku na S\u0142owacji.<br \/>\n(<a href=\"http:\/\/www.muzeum.sk\/?obj=galeria&amp;ix=sngba\">wi\u0119cej informacji<\/a>,<a href=\"http:\/\/maps.google.cz\/maps?q=Rie%C4%8Dna+1,+Bratislava,+Slovensk%C3%A1+republika&amp;hl=sk&amp;ie=UTF8&amp;sll=48.144835,17.108781&amp;sspn=0.004181,0.009645&amp;vpsrc=0&amp;brcurrent=5,0,0&amp;hnear=Rie%C4%8Dna+199%2F1,+81102+Bratislava+-+Star%C3%A9+Mesto-Star%C3%A9+Mesto,+Slovensk%C3%A1+republika&amp;t=m&amp;z=16\">\u00a0poka\u017c na mapie<\/a>)<\/p>\n<p><a href=\"http:\/\/www.bkis.sk\/turista-v-bratislave\/atrakcie\/galerie\/\">&gt; Kompletny wykaz galerii w Bratys\u0142awie<\/a><\/p>\n<p>S\u0142owackie Muzeum Narodowe<br \/>\n(<a href=\"http:\/\/www.bkis.sk\/sk\/turista-v-bratislave\/atrakcie\/muzea\/expozicie-snm\/\">przegl\u0105d ekspozycji<\/a>)<\/p>\n<p>Muzeum Miasta Bratys\u0142awa<br \/>\n(<a href=\"http:\/\/www.bkis.sk\/sk\/turista-v-bratislave\/atrakcie\/muzea\/expozicie-mmb\/\">przegl\u0105d ekspozycji<\/a>)<\/p>\n<h3>&#8211; Okolice Bratys\u0142awy<\/h3>\n<p><span style=\"color: #333333;\"><span style=\"font-family: sans-serif, Arial;\"><span style=\"font-size: small;\">Zamek Dev\u00edn<\/span><\/span><\/span><br \/>\n<span style=\"color: #333333;\"><span style=\"font-family: sans-serif, Arial;\"><span style=\"font-size: small;\">(<\/span><\/span><\/span><span style=\"color: #000080;\"><span lang=\"zxx\"><u><a class=\"western\" href=\"http:\/\/www.visitslovakia.com\/hrad-devin\" target=\"_blank\" rel=\"noopener\"><span style=\"font-family: sans-serif, Arial;\"><span style=\"font-size: small;\">wi\u0119cej informacji<\/span><\/span><\/a><\/u><\/span><\/span><span style=\"color: #000080;\"><span style=\"font-family: sans-serif, Arial;\"><span style=\"font-size: small;\">,\u00a0<\/span><\/span><\/span><span style=\"color: #000080;\"><span lang=\"zxx\"><u><a class=\"western\" href=\"http:\/\/maps.google.cz\/maps?q=Hrad+Dev%EDn,+Bratislava-Dev%EDn,+Slovensk%E1+republika&amp;hl=sk&amp;ie=UTF8&amp;sll=48.176228,16.9801&amp;sspn=0.008356,0.01929&amp;vpsrc=0&amp;brcurrent=5,0,0&amp;dirflg=w&amp;hnear=Hrad+Dev%EDn&amp;t=m&amp;z=16\" target=\"_blank\" rel=\"noopener\"><span style=\"font-family: sans-serif, Arial;\"><span style=\"font-size: small;\">poka\u017c na mapie<\/span><\/span><\/a><\/u><\/span><\/span><span style=\"color: #333333;\"><span style=\"font-family: sans-serif, Arial;\"><span style=\"font-size: small;\">)<\/span><\/span><\/span><\/p>\n<p><span style=\"color: #333333;\"><span style=\"font-family: sans-serif, Arial;\"><span style=\"font-size: small;\">Zamek \u010cerven\u00fd kame\u0148<\/span><\/span><\/span><br \/>\n<span style=\"color: #333333;\"><span style=\"font-family: sans-serif, Arial;\"><span style=\"font-size: small;\">(<\/span><\/span><\/span><span style=\"color: #000080;\"><span lang=\"zxx\"><u><a class=\"western\" href=\"http:\/\/www.snm.sk\/?muzeum-cerveny-kamen-uvodna-stranka\" target=\"_blank\" rel=\"noopener\"><span style=\"font-family: sans-serif, Arial;\"><span style=\"font-size: small;\">wi\u0119cej informacji<\/span><\/span><\/a><\/u><\/span><\/span><span style=\"color: #000080;\"><span style=\"font-family: sans-serif, Arial;\"><span style=\"font-size: small;\">,\u00a0<\/span><\/span><\/span><span style=\"color: #000080;\"><span lang=\"zxx\"><u><a class=\"western\" href=\"http:\/\/maps.google.cz\/maps?q=Hrad+%C8erven%FD+Kame%F2,+%C8ast%E1-%C8erven%FD+Kame%F2,+Slovensk%E1+republika&amp;hl=sk&amp;ie=UTF8&amp;sll=48.391789,17.335229&amp;sspn=0.008321,0.01929&amp;vpsrc=0&amp;brcurrent=5,0,1&amp;dirflg=w&amp;hnear=Hrad+%C8erven%FD+Kame%F2+90089+%C8ast%E1-%C8erven%FD+Kame%F2,+Slovensk%E1+republika&amp;t=m&amp;z=16\" target=\"_blank\" rel=\"noopener\"><span style=\"font-family: sans-serif, Arial;\"><span style=\"font-size: small;\">poka\u017c na mapie<\/span><\/span><\/a><\/u><\/span><\/span><span style=\"color: #333333;\"><span style=\"font-family: sans-serif, Arial;\"><span style=\"font-size: small;\">)<\/span><\/span><\/span><\/p>\n<p><span style=\"color: #333333;\"><span style=\"font-family: sans-serif, Arial;\"><span style=\"font-size: small;\">Zamek Schloss Hof<\/span><\/span><\/span><br \/>\n<span style=\"color: #333333;\"><span style=\"font-family: sans-serif, Arial;\"><span style=\"font-size: small;\">(<\/span><\/span><\/span><span style=\"color: #000080;\"><span lang=\"zxx\"><u><a class=\"western\" href=\"http:\/\/www.schlosshof.at\/cms-sl\/\" target=\"_blank\" rel=\"noopener\"><span style=\"font-family: sans-serif, Arial;\"><span style=\"font-size: small;\">wi\u0119cej informacji<\/span><\/span><\/a><\/u><\/span><\/span><span style=\"color: #000080;\"><span style=\"font-family: sans-serif, Arial;\"><span style=\"font-size: small;\">,\u00a0<\/span><\/span><\/span><span style=\"color: #000080;\"><span lang=\"zxx\"><u><a class=\"western\" href=\"http:\/\/maps.google.sk\/maps?q=schloss+hof&amp;ll=48.214808,16.934288&amp;spn=0.00835,0.01929&amp;oe=utf-8&amp;client=firefox-a&amp;fb=1&amp;gl=sk&amp;hq=schloss+hof&amp;cid=0,0,5840040915125857441&amp;t=m&amp;z=16&amp;vpsrc=0&amp;iwloc=A\" target=\"_blank\" rel=\"noopener\"><span style=\"font-family: sans-serif, Arial;\"><span style=\"font-size: small;\">poka\u017c na mapie<\/span><\/span><\/a><\/u><\/span><\/span><span style=\"color: #333333;\"><span style=\"font-family: sans-serif, Arial;\"><span style=\"font-size: small;\">)<\/span><\/span><\/span><\/p>\n<h2>Atrakcje sportowe<\/h2>\n<p>Golf\u00a0 \u2013 Black River Resort &amp; White Eurovalley (23 km)<br \/>\n(<a href=\"http:\/\/www.golf.sk\/pages\/intro\">wi\u0119cej informacji<\/a>,\u00a0<a href=\"http:\/\/www.slovakiagolf.sk\/golfove-ihriska-v-zapadnom-slovensku\">inne pola golfowe<\/a>)<\/p>\n<p>Rafting, \u010cunovo (17,5 km)<br \/>\n(<a href=\"http:\/\/www.visitslovakia.com\/raftovanie-cunovo\">wi\u0119cej informacji<\/a>)<\/p>\n<p>Jazda na rolkach, Bratys\u0142awa<br \/>\n(<a href=\"http:\/\/maps.google.cz\/maps?q=48.108936,17.12648&amp;hl=sk&amp;num=1&amp;vpsrc=0&amp;dirflg=w&amp;brcurrent=5,0,0&amp;t=m&amp;z=16\">poka\u017c na mapie<\/a>)<\/p>\n<p>Basen Pasienky, Bratys\u0142awa (9,5 km)<br \/>\n(<a href=\"http:\/\/maps.google.sk\/maps?q=48.166415,17.138625&amp;hl=sk&amp;ll=48.166343,17.142599&amp;spn=0.008358,0.01929&amp;num=1&amp;vpsrc=0&amp;dirflg=w&amp;t=m&amp;z=16\">poka\u017c na mapie<\/a>)<\/p>\n<p>Rafting na rzece Morawa, Vysok\u00e1 pri Morave (36 km)<\/p>\n<h2>Program na wiecz\u00f3r<\/h2>\n<p><span style=\"color: #333333;\"><span style=\"font-family: sans-serif, Arial;\"><span style=\"font-size: small;\">S\u0142owacki Teatr Narodowy, Bratys\u0142awa<\/span><\/span><\/span><br \/>\n<span style=\"color: #333333;\"><span style=\"font-family: sans-serif, Arial;\"><span style=\"font-size: small;\">(<\/span><\/span><\/span><span style=\"color: #000080;\"><span lang=\"zxx\"><u><a class=\"western\" href=\"http:\/\/www.snd.sk\/\" target=\"_blank\" rel=\"noopener\"><span style=\"font-family: sans-serif, Arial;\"><span style=\"font-size: small;\">wi\u0119cej informacji<\/span><\/span><\/a><\/u><\/span><\/span><span style=\"color: #333333;\"><span style=\"font-family: sans-serif, Arial;\"><span style=\"font-size: small;\">)<\/span><\/span><\/span><\/p>\n<p><span style=\"color: #333333;\"><span style=\"font-family: sans-serif, Arial;\"><span style=\"font-size: small;\">Kino Cinema City, Bratys\u0142awa<\/span><\/span><\/span><br \/>\n<span style=\"color: #333333;\"><span style=\"font-family: sans-serif, Arial;\"><span style=\"font-size: small;\">(<\/span><\/span><\/span><span style=\"color: #000080;\"><span lang=\"zxx\"><u><a class=\"western\" href=\"http:\/\/www.cinemacity.sk\/\" target=\"_blank\" rel=\"noopener\"><span style=\"font-family: sans-serif, Arial;\"><span style=\"font-size: small;\">wi\u0119cej informacji<\/span><\/span><\/a><\/u><\/span><\/span><span style=\"color: #333333;\"><span style=\"font-family: sans-serif, Arial;\"><span style=\"font-size: small;\">)<\/span><\/span><\/span><\/p>\n<p><span style=\"color: #333333;\"><span style=\"font-family: sans-serif, Arial;\"><span style=\"font-size: small;\">Filharmonia S\u0142owacka, Bratys\u0142awa<\/span><\/span><\/span><br \/>\n<span style=\"color: #333333;\"><span style=\"font-family: sans-serif, Arial;\"><span style=\"font-size: small;\">(<\/span><\/span><\/span><span style=\"color: #000080;\"><span lang=\"zxx\"><u><a class=\"western\" href=\"http:\/\/www.filharm.sk\/\" target=\"_blank\" rel=\"noopener\"><span style=\"font-family: sans-serif, Arial;\"><span style=\"font-size: small;\">wi\u0119cej informacji<\/span><\/span><\/a><\/u><\/span><\/span><span style=\"color: #333333;\"><span style=\"font-family: sans-serif, Arial;\"><span style=\"font-size: small;\">)<\/span><\/span><\/span><\/p>\n<p><span style=\"color: #333333;\"><span style=\"font-family: sans-serif, Arial;\"><span style=\"font-size: small;\">Kluby i dyskoteki w Bratys\u0142awie<\/span><\/span><\/span><br \/>\n<span style=\"color: #333333;\"><span style=\"font-family: sans-serif, Arial;\"><span style=\"font-size: small;\">(<\/span><\/span><\/span><span style=\"color: #000080;\"><span lang=\"zxx\"><u><a class=\"western\" href=\"http:\/\/visit.bratislava.sk\/en\/vismo\/dokumenty2.asp?id_org=700014&amp;id=1028&amp;p1=3984\" target=\"_blank\" rel=\"noopener\"><span style=\"font-family: sans-serif, Arial;\"><span style=\"font-size: small;\">wi\u0119cej informacji<\/span><\/span><\/a><\/u><\/span><\/span><span style=\"color: #333333;\"><span style=\"font-family: sans-serif, Arial;\"><span style=\"font-size: small;\">)<\/span><\/span><\/span><\/p>\n<h2><span style=\"color: #333333;\"><span style=\"font-family: sans-serif, Arial;\">Relaks i wellness<\/span><\/span><\/h2>\n<p>Ma\u0142okarpacki szlak winny (30 km)<br \/>\n(<a href=\"http:\/\/www.visitslovakia.com\/vinna-cesta\">wi\u0119cej informacji<\/a>)<\/p>\n<p>Aquapark, Senec (33 km)<br \/>\n(<a href=\"http:\/\/www.aquathermal.sk\/sk\/index-aquathermal\">wi\u0119cej informacji<\/a>,\u00a0<a href=\"http:\/\/maps.google.sk\/maps?q=Aquathermal+Senec,+A.s.,+Slne%C4%8Dn%C3%A9+jazer%C3%A1+-+sever,+Senec&amp;hl=sk&amp;ie=UTF8&amp;sll=48.144835,17.108781&amp;sspn=0.004181,0.009645&amp;vpsrc=0&amp;hq=aquathermal+senec+as&amp;hnear=Slne%C4%8Dn%C3%A9+jazer%C3%A1+-+sever,+90301+Senec&amp;t=m&amp;z=16\">poka\u017c na mapie<\/a>)<\/p>\n<p>Jeziora Slne\u010dn\u00e9, Senec (33,5 km)<br \/>\n(<a href=\"http:\/\/www.slnecnejazerasenec.sk\/\">wi\u0119cej informacji<\/a>,\u00a0<a href=\"http:\/\/maps.google.sk\/maps?q=Slne%C4%8Dn%C3%A9+jazer%C3%A1+-+sever,+Senec&amp;hl=sk&amp;ie=UTF8&amp;ll=48.220984,17.420175&amp;spn=0.008349,0.01929&amp;sll=48.221055,17.420132&amp;sspn=0.008349,0.01929&amp;vpsrc=0&amp;hnear=Slne%C4%8Dn%C3%A9+jazer%C3%A1+-+sever,+90301+Senec&amp;t=m&amp;z=16\">poka\u017c na mapie<\/a>)<\/p>\n<p>ZOO, Bratys\u0142awa (5 km)<br \/>\n(<a href=\"http:\/\/www.zoobratislava.sk\/\">wi\u0119cej informacji<\/a>,\u00a0<a href=\"http:\/\/maps.google.sk\/maps?q=zoo+bratislava&amp;ll=48.16806,17.078032&amp;spn=0.008358,0.01929&amp;oe=utf-8&amp;client=firefox-a&amp;fb=1&amp;gl=sk&amp;hq=zoo&amp;hnear=0x476c89360aca6197:0x631f9b82fd884368,Bratislava&amp;cid=0,0,5732891129545405888&amp;t=m&amp;z=16&amp;vpsrc=0&amp;iwloc=A\">poka\u017c na mapie<\/a>)<\/p>\n<p>Park Horsk\u00fd, Bratys\u0142awa (7 km)<br \/>\n(<a href=\"http:\/\/maps.google.sk\/maps?q=Lesn%C3%A1+1,+bratislava&amp;hl=sk&amp;ie=UTF8&amp;ll=48.157426,17.093396&amp;spn=0.008359,0.01929&amp;sll=48.166343,17.142599&amp;sspn=0.008358,0.01929&amp;vpsrc=6&amp;dirflg=w&amp;hnear=Lesn%C3%A1+3376%2F1,+81104+Bratislava+-+Star%C3%A9+Mesto-Star%C3%A9+Mesto&amp;t=m&amp;z=16\">poka\u017c na mapie<\/a>)<\/p>\n<h2>Spacery w okolicy hotelu<\/h2>\n<p>Jezioro Ve\u013ek\u00fd Dra\u017ediak (4 km)<br \/>\nNaturalne k\u0105pielisko rekreacyjne, kt\u00f3re jest przyjemnym miejscem na spacery r\u00f3wnie\u017c w okresie zimowym.<br \/>\n(<a href=\"http:\/\/maps.google.cz\/maps?saddr=Kremnick%C3%A1+26,+Bratislava-Petr%C5%BEalka,+Slovensk%C3%A1+republika&amp;daddr=48.105382,17.112232&amp;hl=sk&amp;ie=UTF8&amp;sll=48.11669,17.101215&amp;sspn=0.033464,0.077162&amp;geocode=FXNZ3gIdmM0EASlTY4YaeYlsRzHMW241xd-c4Q%3BFaYH3gIdqBwFAQ&amp;vpsrc=0&amp;brcurrent=5,0,0&amp;dirflg=w&amp;mra=ltm&amp;t=m&amp;z=14\">poka\u017c na mapie<\/a>)<\/p>\n<p>Nabrze\u017ce rzeki Dunaj (2 km)<br \/>\n(<a href=\"http:\/\/maps.google.sk\/maps?saddr=Kremnick%C3%A1+26,+Bratislava-Petr%C5%BEalka&amp;daddr=48.136881,17.11004&amp;hl=sk&amp;ie=UTF8&amp;ll=48.131497,17.100949&amp;spn=0.016727,0.038581&amp;sll=48.131096,17.107215&amp;sspn=0.016727,0.038581&amp;geocode=FXNZ3gIdmM0EASlTY4YaeYlsRzHMW241xd-c4Q%3BFbGC3gIdGBQFAQ&amp;vpsrc=0&amp;dirflg=w&amp;mra=ltm&amp;t=m&amp;z=15\">poka\u017c na mapie<\/a>)<\/p>\n<p>Jezioro Rusoveck\u00e9 i okolice (11 km)<br \/>\n(<a href=\"http:\/\/maps.google.sk\/maps?q=48.061475,17.1542&amp;hl=sk&amp;num=1&amp;vpsrc=0&amp;dirflg=w&amp;t=m&amp;z=15\">poka\u017c na mapie<\/a>)<\/p>\n<p>Wi\u0119cej informacji o Bratys\u0142awie mo\u017cna znale\u017a\u0107 na stronie\u00a0<a href=\"http:\/\/www.bkis.sk\/sk\/\">www.bkis.sk\u00a0<\/a>lub\u00a0<a href=\"http:\/\/visit.bratislava.sk\/\">visit.bratislava.sk.<\/a><br \/>\nPracownicy recepcji hotelowej z przyjemno\u015bci\u0105 pomog\u0105 w planowaniu wolnego czasu.<\/p>\n<p>[\/et_pb_text][\/et_pb_column][et_pb_column type=&#8221;1_3&#8243;][et_pb_image _builder_version=&#8221;3.0.73&#8243; src=&#8221;http:\/\/www.hotelviktor.sk\/wp-content\/uploads\/2017\/11\/img_01.jpg&#8221; show_in_lightbox=&#8221;off&#8221; url_new_window=&#8221;off&#8221; use_overlay=&#8221;off&#8221; sticky=&#8221;off&#8221; align=&#8221;left&#8221; always_center_on_mobile=&#8221;on&#8221; border_style=&#8221;solid&#8221; force_fullwidth=&#8221;off&#8221; \/][\/et_pb_column][\/et_pb_row][\/et_pb_section]<\/p>\n","protected":false},"excerpt":{"rendered":"<p>Bratys\u0142awa i jej okolice oferuj\u0105 wiele atrakcji zwi\u0105zanych z kultur\u0105, histori\u0105, sportem czy relaksem. Chcieliby\u015bmy przedstawi\u0107 Pa\u0144stwu niekt\u00f3re z nich. Wycieczki historyczne &#8211; W granicach miasta Bratys\u0142awy Zamek bratys\u0142awski (wi\u0119cej informacji,\u00a0spacer z hotelu na zamek) Wie\u017ca Michalsk\u00e1 ve\u017ea (wi\u0119cej informacji,\u00a0poka\u017c na\u00a0mapie) Stary ratusz (wi\u0119cej informacji,\u00a0poka\u017c na mapie) Dom \u015bw. Marcina (wi\u0119cej informacji,\u00a0poka\u017c na mapie) Galeria [&hellip;]<\/p>\n","protected":false},"author":1,"featured_media":0,"parent":0,"menu_order":0,"comment_status":"closed","ping_status":"closed","template":"","meta":{"_et_pb_use_builder":"on","_et_pb_old_content":"","_et_gb_content_width":"","footnotes":""},"class_list":["post-872","page","type-page","status-publish","hentry"],"_links":{"self":[{"href":"https:\/\/www.hotelviktor.sk\/pl\/wp-json\/wp\/v2\/pages\/872"}],"collection":[{"href":"https:\/\/www.hotelviktor.sk\/pl\/wp-json\/wp\/v2\/pages"}],"about":[{"href":"https:\/\/www.hotelviktor.sk\/pl\/wp-json\/wp\/v2\/types\/page"}],"author":[{"embeddable":true,"href":"https:\/\/www.hotelviktor.sk\/pl\/wp-json\/wp\/v2\/users\/1"}],"replies":[{"embeddable":true,"href":"https:\/\/www.hotelviktor.sk\/pl\/wp-json\/wp\/v2\/comments?post=872"}],"version-history":[{"count":1,"href":"https:\/\/www.hotelviktor.sk\/pl\/wp-json\/wp\/v2\/pages\/872\/revisions"}],"predecessor-version":[{"id":873,"href":"https:\/\/www.hotelviktor.sk\/pl\/wp-json\/wp\/v2\/pages\/872\/revisions\/873"}],"wp:attachment":[{"href":"https:\/\/www.hotelviktor.sk\/pl\/wp-json\/wp\/v2\/media?parent=872"}],"curies":[{"name":"wp","href":"https:\/\/api.w.org\/{rel}","templated":true}]}}