{"id":1103,"date":"2018-01-10T17:00:55","date_gmt":"2018-01-10T16:00:55","guid":{"rendered":"http:\/\/www.hotelviktor.sk\/kontakt\/"},"modified":"2018-02-01T09:18:56","modified_gmt":"2018-02-01T08:18:56","slug":"kontakt","status":"publish","type":"page","link":"https:\/\/www.hotelviktor.sk\/pl\/kontakt\/","title":{"rendered":"Kontakt"},"content":{"rendered":"<p>[et_pb_section bb_built=&#8221;1&#8243; _builder_version=&#8221;3.0.73&#8243; background_size=&#8221;initial&#8221; background_position=&#8221;top_right&#8221; transparent_background=&#8221;on&#8221;][et_pb_row _builder_version=&#8221;3.0.73&#8243; background_color=&#8221;#ffffff&#8221; custom_css_main_element=&#8221;float: left;||padding-left: 6%;||width: 95%!important;||padding-top:0px;&#8221;][et_pb_column type=&#8221;2_3&#8243;][et_pb_post_title _builder_version=&#8221;3.0.73&#8243; title=&#8221;on&#8221; meta=&#8221;off&#8221; author=&#8221;on&#8221; date=&#8221;on&#8221; categories=&#8221;on&#8221; comments=&#8221;on&#8221; featured_image=&#8221;off&#8221; featured_placement=&#8221;below&#8221; parallax_method=&#8221;on&#8221; text_orientation=&#8221;left&#8221; text_color=&#8221;dark&#8221; text_background=&#8221;off&#8221; border_style=&#8221;solid&#8221; custom_css_main_element=&#8221;padding-top:4%;&#8221; \/][et_pb_text _builder_version=&#8221;3.0.73&#8243; background_layout=&#8221;light&#8221; text_orientation=&#8221;left&#8221; border_style=&#8221;solid&#8221;]<\/p>\n<h3>Adres<\/h3>\n<p><b>Hotel Viktor***<\/b><br \/>\nKremnick\u00e1 26<br \/>\n851 01\u00a0Bratislava<\/p>\n<h3>Recepcja:<\/h3>\n<p>telefon:\u00a0<strong>+421 2 63 45 20 84\u00a0\u00a0\u00a0\u00a0 +421 2 63 45 20 85<\/strong>\u00a0\u00a0 W razie problem\u00f3w w dowolnym momencie mo\u017cna zadzwoni\u0107 pod numer dost\u0119pny non stop: 00421 905 777 888<br \/>\nfaks: +421 2 63 45 20 86<br \/>\ne-mail:\u00a0<a href=\"http:\/\/recepcia@hotelviktor.sk\/\">recepcia@hotelviktor.sk<\/a><\/p>\n<p><b>GPS:\u00a0<\/b>N48.126326426\u00b0, E17.092033625\u00b0<\/p>\n<h3>Dyrektor hotelu:<\/h3>\n<p>dr Ivona Podstavkov\u00e1,PhD.<\/p>\n<p>telefon: +421 2 63 45 20 84 lub +421 905 777 888<br \/>\ne-mail:\u00a0<a href=\"http:\/\/riaditel@hotelviktor.sk\/\">riaditel@hotelviktor.sk<\/a><\/p>\n<p>[\/et_pb_text][\/et_pb_column][et_pb_column type=&#8221;1_3&#8243;][et_pb_image _builder_version=&#8221;3.0.73&#8243; src=&#8221;http:\/\/www.hotelviktor.sk\/wp-content\/uploads\/2017\/11\/img_01.jpg&#8221; show_in_lightbox=&#8221;off&#8221; url_new_window=&#8221;off&#8221; use_overlay=&#8221;off&#8221; sticky=&#8221;off&#8221; align=&#8221;left&#8221; always_center_on_mobile=&#8221;on&#8221; border_style=&#8221;solid&#8221; force_fullwidth=&#8221;off&#8221; \/][\/et_pb_column][\/et_pb_row][et_pb_row _builder_version=&#8221;3.0.73&#8243; custom_css_main_element=&#8221;float: left;||padding-left: 6%;||width: 95%!important;||padding-top:0px;||background-color:#fff;&#8221;][et_pb_column type=&#8221;4_4&#8243;][et_pb_map _builder_version=&#8221;3.0.73&#8243; address=&#8221;Kremnick\u00e1 2009\/26, 851 01 Petr\u017ealka, Slovensko&#8221; zoom_level=&#8221;17&#8243; address_lat=&#8221;48.1263209&#8243; address_lng=&#8221;17.092002200000024&#8243; mouse_wheel=&#8221;on&#8221; mobile_dragging=&#8221;on&#8221; use_grayscale_filter=&#8221;off&#8221; grayscale_filter_amount=&#8221;0&#8243;]<\/p>\n<p>[et_pb_map_pin title=&#8221;Hotel Viktor&#8221; pin_address=&#8221;Kremnick\u00e1 4-26, 851 01 Petr\u017ealka, Slovensko&#8221; pin_address_lat=&#8221;48.125887633667816&#8243; pin_address_lng=&#8221;17.091261910311914&#8243;]<\/p>\n<p>Kremnick\u00e1 26<br \/>\n851 01 Bratislava<\/p>\n<p>[\/et_pb_map_pin]<\/p>\n<p>[\/et_pb_map][\/et_pb_column][\/et_pb_row][\/et_pb_section]<\/p>\n","protected":false},"excerpt":{"rendered":"<p>Adres Hotel Viktor*** Kremnick\u00e1 26 851 01\u00a0Bratislava Recepcja: telefon:\u00a0+421 2 63 45 20 84\u00a0\u00a0\u00a0\u00a0 +421 2 63 45 20 85\u00a0\u00a0 W razie problem\u00f3w w dowolnym momencie mo\u017cna zadzwoni\u0107 pod numer dost\u0119pny non stop: 00421 905 777 888 faks: +421 2 63 45 20 86 e-mail:\u00a0recepcia@hotelviktor.sk GPS:\u00a0N48.126326426\u00b0, E17.092033625\u00b0 Dyrektor hotelu: dr Ivona Podstavkov\u00e1,PhD. telefon: +421 2 [&hellip;]<\/p>\n","protected":false},"author":1,"featured_media":0,"parent":0,"menu_order":3,"comment_status":"closed","ping_status":"closed","template":"","meta":{"_et_pb_use_builder":"on","_et_pb_old_content":"","_et_gb_content_width":"","footnotes":""},"class_list":["post-1103","page","type-page","status-publish","hentry"],"_links":{"self":[{"href":"https:\/\/www.hotelviktor.sk\/pl\/wp-json\/wp\/v2\/pages\/1103"}],"collection":[{"href":"https:\/\/www.hotelviktor.sk\/pl\/wp-json\/wp\/v2\/pages"}],"about":[{"href":"https:\/\/www.hotelviktor.sk\/pl\/wp-json\/wp\/v2\/types\/page"}],"author":[{"embeddable":true,"href":"https:\/\/www.hotelviktor.sk\/pl\/wp-json\/wp\/v2\/users\/1"}],"replies":[{"embeddable":true,"href":"https:\/\/www.hotelviktor.sk\/pl\/wp-json\/wp\/v2\/comments?post=1103"}],"version-history":[{"count":3,"href":"https:\/\/www.hotelviktor.sk\/pl\/wp-json\/wp\/v2\/pages\/1103\/revisions"}],"predecessor-version":[{"id":1781,"href":"https:\/\/www.hotelviktor.sk\/pl\/wp-json\/wp\/v2\/pages\/1103\/revisions\/1781"}],"wp:attachment":[{"href":"https:\/\/www.hotelviktor.sk\/pl\/wp-json\/wp\/v2\/media?parent=1103"}],"curies":[{"name":"wp","href":"https:\/\/api.w.org\/{rel}","templated":true}]}}