{"id":1080,"date":"2018-01-10T16:32:20","date_gmt":"2018-01-10T15:32:20","guid":{"rendered":"http:\/\/www.hotelviktor.sk\/zakwaterowanie\/apartament-family\/"},"modified":"2018-02-01T15:18:41","modified_gmt":"2018-02-01T14:18:41","slug":"apartament-family","status":"publish","type":"page","link":"https:\/\/www.hotelviktor.sk\/pl\/zakwaterowanie\/apartament-family\/","title":{"rendered":"Apartament FAMILY"},"content":{"rendered":"<p>[et_pb_section bb_built=&#8221;1&#8243; _builder_version=&#8221;3.0.73&#8243; background_size=&#8221;initial&#8221; background_position=&#8221;top_right&#8221; transparent_background=&#8221;on&#8221;][et_pb_row _builder_version=&#8221;3.0.73&#8243; background_color=&#8221;#ffffff&#8221; custom_css_main_element=&#8221;float: left;||padding-left: 6%;||width: 95%!important;||padding-top:0px;&#8221; background_position=&#8221;top_left&#8221; background_repeat=&#8221;repeat&#8221; background_size=&#8221;initial&#8221;][et_pb_column type=&#8221;2_3&#8243;][et_pb_post_title _builder_version=&#8221;3.0.73&#8243; title=&#8221;on&#8221; meta=&#8221;off&#8221; author=&#8221;on&#8221; date=&#8221;on&#8221; categories=&#8221;on&#8221; comments=&#8221;on&#8221; featured_image=&#8221;off&#8221; featured_placement=&#8221;below&#8221; parallax_method=&#8221;on&#8221; text_orientation=&#8221;left&#8221; text_color=&#8221;dark&#8221; text_background=&#8221;off&#8221; border_style=&#8221;solid&#8221; custom_css_main_element=&#8221;padding-top:4%;&#8221; \/][et_pb_text _builder_version=&#8221;3.0.73&#8243; background_layout=&#8221;light&#8221; text_orientation=&#8221;left&#8221; border_style=&#8221;solid&#8221;]<\/p>\n<p><strong>Cena 100 EUR za apartament za noc. Cena nie dotyczy osoby!!!P\u0142atno\u015b\u0107 reguluje si\u0119 za pok\u00f3j, nie za osob\u0119.<\/strong><br \/>\nNajwi\u0119kszy apartament w hotelu przygotowany dla czterech os\u00f3b (dwa \u0142\u00f3\u017cka pojedyncze i jedno podw\u00f3jne). Jest idealny dla rodzin z dzie\u0107mi, kt\u00f3re szukaj\u0105 komfortowego zakwaterowania w spokojnej okolicy, z du\u017c\u0105 ilo\u015bci\u0105 miejsca do zabawy dla dzieci.<\/p>\n<p>Standard zakwaterowania obejmuje:<\/p>\n<ul>\n<li>dost\u0119p za pomoc\u0105 karty z chipem, kt\u00f3rej mo\u017cna u\u017cywa\u0107 przy parkowaniu lub p\u0142aceniu w restauracji<\/li>\n<li>Telewizor LCD (30 program\u00f3w, w tym zagraniczne kana\u0142y informacyjne)<\/li>\n<li>wi-fi oraz sta\u0142e \u0142\u0105cze<\/li>\n<li>sejf w pokoju<\/li>\n<li>telefon<\/li>\n<li>du\u017c\u0105, nowoczesn\u0105 \u0142azienk\u0119 z wielk\u0105 wann\u0105, bidet<\/li>\n<li>przestronn\u0105 cz\u0119\u015b\u0107 dzienn\u0105<\/li>\n<\/ul>\n<p>Bior\u0105c pod uwag\u0119, \u017ce hotel Viktor zosta\u0142 otwarty dopiero w 2011 roku, wszystkie pokoje s\u0105 w doskona\u0142ym stanie. Ponadto, hotel spe\u0142nia najwy\u017csze standardy w zakresie bezpiecze\u0144stwa zakwaterowanych go\u015bci.<\/p>\n<p>[\/et_pb_text][et_pb_button _builder_version=&#8221;3.0.73&#8243; button_text=&#8221;zarezerwuj apartament&#8221; button_url=&#8221;http:\/\/www.hotelviktor.sk\/rezervacia?izba=Apartm\u00e1n FAMILY&#8221; url_new_window=&#8221;off&#8221; button_alignment=&#8221;left&#8221; background_layout=&#8221;light&#8221; custom_button=&#8221;on&#8221; button_letter_spacing=&#8221;0&#8243; button_icon_placement=&#8221;right&#8221; button_letter_spacing_hover=&#8221;0&#8243; button_text_size=&#8221;16&#8243; button_border_radius=&#8221;0&#8243; \/][\/et_pb_column][et_pb_column type=&#8221;1_3&#8243;][et_pb_image _builder_version=&#8221;3.0.73&#8243; src=&#8221;http:\/\/www.hotelviktor.sk\/wp-content\/uploads\/2017\/12\/HV_i5_promo.jpg&#8221; show_in_lightbox=&#8221;off&#8221; url_new_window=&#8221;off&#8221; use_overlay=&#8221;off&#8221; sticky=&#8221;off&#8221; align=&#8221;left&#8221; always_center_on_mobile=&#8221;on&#8221; border_style=&#8221;solid&#8221; force_fullwidth=&#8221;off&#8221; \/][\/et_pb_column][\/et_pb_row][et_pb_row _builder_version=&#8221;3.0.73&#8243; custom_css_main_element=&#8221;float: left;||padding-left: 6%;||padding-right: 4%;||width: 95%!important;||padding-top:0px;||padding-bottom:6%;||background-color:#fff;&#8221; use_custom_gutter=&#8221;on&#8221; gutter_width=&#8221;2&#8243;][et_pb_column type=&#8221;4_4&#8243;][et_pb_gallery _builder_version=&#8221;3.0.73&#8243; posts_number=&#8221;30&#8243; show_title_and_caption=&#8221;off&#8221; show_pagination=&#8221;off&#8221; gallery_ids=&#8221;382,383,381,623,483,622,625&#8243; fullwidth=&#8221;off&#8221; orientation=&#8221;landscape&#8221; zoom_icon_color=&#8221;#ad060b&#8221; hover_overlay_color=&#8221;rgba(255,255,255,0.9)&#8221; background_layout=&#8221;light&#8221; border_style=&#8221;solid&#8221; hover_icon=&#8221;%%43%%&#8221; custom_css_main_element=&#8221;margin-bottom:20px;&#8221; \/][\/et_pb_column][\/et_pb_row][\/et_pb_section]<\/p>\n","protected":false},"excerpt":{"rendered":"<p>Cena 100 EUR za apartament za noc. Cena nie dotyczy osoby!!!P\u0142atno\u015b\u0107 reguluje si\u0119 za pok\u00f3j, nie za osob\u0119. Najwi\u0119kszy apartament w hotelu przygotowany dla czterech os\u00f3b (dwa \u0142\u00f3\u017cka pojedyncze i jedno podw\u00f3jne). Jest idealny dla rodzin z dzie\u0107mi, kt\u00f3re szukaj\u0105 komfortowego zakwaterowania w spokojnej okolicy, z du\u017c\u0105 ilo\u015bci\u0105 miejsca do zabawy dla dzieci. Standard zakwaterowania [&hellip;]<\/p>\n","protected":false},"author":1,"featured_media":0,"parent":935,"menu_order":0,"comment_status":"closed","ping_status":"closed","template":"","meta":{"_et_pb_use_builder":"on","_et_pb_old_content":"","_et_gb_content_width":"","footnotes":""},"class_list":["post-1080","page","type-page","status-publish","hentry"],"_links":{"self":[{"href":"https:\/\/www.hotelviktor.sk\/pl\/wp-json\/wp\/v2\/pages\/1080"}],"collection":[{"href":"https:\/\/www.hotelviktor.sk\/pl\/wp-json\/wp\/v2\/pages"}],"about":[{"href":"https:\/\/www.hotelviktor.sk\/pl\/wp-json\/wp\/v2\/types\/page"}],"author":[{"embeddable":true,"href":"https:\/\/www.hotelviktor.sk\/pl\/wp-json\/wp\/v2\/users\/1"}],"replies":[{"embeddable":true,"href":"https:\/\/www.hotelviktor.sk\/pl\/wp-json\/wp\/v2\/comments?post=1080"}],"version-history":[{"count":3,"href":"https:\/\/www.hotelviktor.sk\/pl\/wp-json\/wp\/v2\/pages\/1080\/revisions"}],"predecessor-version":[{"id":1864,"href":"https:\/\/www.hotelviktor.sk\/pl\/wp-json\/wp\/v2\/pages\/1080\/revisions\/1864"}],"up":[{"embeddable":true,"href":"https:\/\/www.hotelviktor.sk\/pl\/wp-json\/wp\/v2\/pages\/935"}],"wp:attachment":[{"href":"https:\/\/www.hotelviktor.sk\/pl\/wp-json\/wp\/v2\/media?parent=1080"}],"curies":[{"name":"wp","href":"https:\/\/api.w.org\/{rel}","templated":true}]}}