{"id":991,"date":"2018-01-10T15:47:00","date_gmt":"2018-01-10T14:47:00","guid":{"rendered":"http:\/\/www.hotelviktor.sk\/alloggio\/camera-doppia-standard\/"},"modified":"2018-01-24T15:41:32","modified_gmt":"2018-01-24T14:41:32","slug":"camera-doppia-standard","status":"publish","type":"page","link":"https:\/\/www.hotelviktor.sk\/it\/alloggio\/camera-doppia-standard\/","title":{"rendered":"Camera doppia STANDARD"},"content":{"rendered":"<p>[et_pb_section bb_built=&#8221;1&#8243; _builder_version=&#8221;3.0.73&#8243; background_size=&#8221;initial&#8221; background_position=&#8221;top_right&#8221; transparent_background=&#8221;on&#8221;][et_pb_row _builder_version=&#8221;3.0.73&#8243; background_color=&#8221;#ffffff&#8221; custom_css_main_element=&#8221;float: left;||padding-left: 6%;||width: 95%!important;||padding-top:0px;&#8221; background_position=&#8221;top_left&#8221; background_repeat=&#8221;repeat&#8221; background_size=&#8221;initial&#8221;][et_pb_column type=&#8221;2_3&#8243;][et_pb_post_title _builder_version=&#8221;3.0.73&#8243; title=&#8221;on&#8221; meta=&#8221;off&#8221; author=&#8221;on&#8221; date=&#8221;on&#8221; categories=&#8221;on&#8221; comments=&#8221;on&#8221; featured_image=&#8221;off&#8221; featured_placement=&#8221;below&#8221; parallax_method=&#8221;on&#8221; text_orientation=&#8221;left&#8221; text_color=&#8221;dark&#8221; text_background=&#8221;off&#8221; border_style=&#8221;solid&#8221; custom_css_main_element=&#8221;padding-top:4%;&#8221; \/][et_pb_text _builder_version=&#8221;3.0.73&#8243; background_layout=&#8221;light&#8221; text_orientation=&#8221;left&#8221; border_style=&#8221;solid&#8221;]<\/p>\n<p>La camera offre uno standard di alloggio pi\u00f9 elevato che comprende:<\/p>\n<ul>\n<li>accesso tramite smart card utilizzabile anche per il parcheggio o per il pagamento nel ristorante<\/li>\n<li>televisore LCD (30 programmi, compreso notiziario estero)<\/li>\n<li>wi-fi nonch\u00e9 il collegamento fisso<\/li>\n<li>cassaforte direttamente nella stanza<\/li>\n<li>telefono<\/li>\n<li>scrivania<\/li>\n<\/ul>\n<p>In quanto l\u2019hotel Viktor \u00e8 stato aperto soltanto nell\u2019anno 2011, tutte le stanze sono in uno stato perfetto. Analogamente l\u2019hotel adempie alle pi\u00f9 severe norme di sicurezza degli ospiti alloggiati.<\/p>\n<p>[\/et_pb_text][et_pb_button _builder_version=&#8221;3.0.73&#8243; button_text=&#8221;riserva&#8221; button_url=&#8221;http:\/\/www.hotelviktor.sk\/rezervacia?izba=Dvojl\u00f4\u017ekov\u00e1 izba \u0160TANDARD&#8221; url_new_window=&#8221;off&#8221; button_alignment=&#8221;left&#8221; background_layout=&#8221;light&#8221; custom_button=&#8221;on&#8221; button_letter_spacing=&#8221;0&#8243; button_icon_placement=&#8221;right&#8221; button_letter_spacing_hover=&#8221;0&#8243; button_text_size=&#8221;16&#8243; button_border_radius=&#8221;0&#8243; \/][\/et_pb_column][et_pb_column type=&#8221;1_3&#8243;][et_pb_image _builder_version=&#8221;3.0.73&#8243; src=&#8221;http:\/\/www.hotelviktor.sk\/wp-content\/uploads\/2017\/12\/HV_i1_promo.jpg&#8221; show_in_lightbox=&#8221;off&#8221; url_new_window=&#8221;off&#8221; use_overlay=&#8221;off&#8221; sticky=&#8221;off&#8221; align=&#8221;left&#8221; always_center_on_mobile=&#8221;on&#8221; border_style=&#8221;solid&#8221; force_fullwidth=&#8221;off&#8221; \/][\/et_pb_column][\/et_pb_row][et_pb_row _builder_version=&#8221;3.0.73&#8243; custom_css_main_element=&#8221;float: left;||padding-left: 6%;||width: 95%!important;||padding-top:0px;||padding-bottom:6%;||background-color:#fff;||padding-right: 4%;&#8221; use_custom_gutter=&#8221;on&#8221; gutter_width=&#8221;2&#8243;][et_pb_column type=&#8221;4_4&#8243;][et_pb_gallery _builder_version=&#8221;3.0.73&#8243; posts_number=&#8221;30&#8243; show_title_and_caption=&#8221;off&#8221; show_pagination=&#8221;off&#8221; gallery_ids=&#8221;364,365,366,367,368,369,370,371,372,373,374,375,376,377,378,379,380,381,382,383&#8243; fullwidth=&#8221;off&#8221; orientation=&#8221;landscape&#8221; zoom_icon_color=&#8221;#ad060b&#8221; hover_overlay_color=&#8221;rgba(255,255,255,0.9)&#8221; background_layout=&#8221;light&#8221; border_style=&#8221;solid&#8221; hover_icon=&#8221;%%43%%&#8221; custom_css_main_element=&#8221;margin-bottom:20px;&#8221; \/][\/et_pb_column][\/et_pb_row][\/et_pb_section]<\/p>\n","protected":false},"excerpt":{"rendered":"<p>La camera offre uno standard di alloggio pi\u00f9 elevato che comprende: accesso tramite smart card utilizzabile anche per il parcheggio o per il pagamento nel ristorante televisore LCD (30 programmi, compreso notiziario estero) wi-fi nonch\u00e9 il collegamento fisso cassaforte direttamente nella stanza telefono scrivania In quanto l\u2019hotel Viktor \u00e8 stato aperto soltanto nell\u2019anno 2011, tutte [&hellip;]<\/p>\n","protected":false},"author":1,"featured_media":0,"parent":921,"menu_order":0,"comment_status":"closed","ping_status":"closed","template":"","meta":{"_et_pb_use_builder":"on","_et_pb_old_content":"","_et_gb_content_width":"","footnotes":""},"class_list":["post-991","page","type-page","status-publish","hentry"],"_links":{"self":[{"href":"https:\/\/www.hotelviktor.sk\/it\/wp-json\/wp\/v2\/pages\/991"}],"collection":[{"href":"https:\/\/www.hotelviktor.sk\/it\/wp-json\/wp\/v2\/pages"}],"about":[{"href":"https:\/\/www.hotelviktor.sk\/it\/wp-json\/wp\/v2\/types\/page"}],"author":[{"embeddable":true,"href":"https:\/\/www.hotelviktor.sk\/it\/wp-json\/wp\/v2\/users\/1"}],"replies":[{"embeddable":true,"href":"https:\/\/www.hotelviktor.sk\/it\/wp-json\/wp\/v2\/comments?post=991"}],"version-history":[{"count":5,"href":"https:\/\/www.hotelviktor.sk\/it\/wp-json\/wp\/v2\/pages\/991\/revisions"}],"predecessor-version":[{"id":1703,"href":"https:\/\/www.hotelviktor.sk\/it\/wp-json\/wp\/v2\/pages\/991\/revisions\/1703"}],"up":[{"embeddable":true,"href":"https:\/\/www.hotelviktor.sk\/it\/wp-json\/wp\/v2\/pages\/921"}],"wp:attachment":[{"href":"https:\/\/www.hotelviktor.sk\/it\/wp-json\/wp\/v2\/media?parent=991"}],"curies":[{"name":"wp","href":"https:\/\/api.w.org\/{rel}","templated":true}]}}