{"id":830,"date":"2018-01-10T14:18:32","date_gmt":"2018-01-10T13:18:32","guid":{"rendered":"http:\/\/www.hotelviktor.sk\/ristorante\/"},"modified":"2018-01-10T14:18:33","modified_gmt":"2018-01-10T13:18:33","slug":"ristorante","status":"publish","type":"page","link":"https:\/\/www.hotelviktor.sk\/it\/ristorante\/","title":{"rendered":"Ristorante"},"content":{"rendered":"<p>[et_pb_section bb_built=&#8221;1&#8243; _builder_version=&#8221;3.0.73&#8243; background_size=&#8221;initial&#8221; background_position=&#8221;top_right&#8221; transparent_background=&#8221;on&#8221;][et_pb_row _builder_version=&#8221;3.0.73&#8243; background_color=&#8221;#ffffff&#8221; custom_css_main_element=&#8221;float: left;||padding-left: 6%;||width: 95%!important;||padding-top:0px;&#8221; background_position=&#8221;top_left&#8221; background_repeat=&#8221;repeat&#8221; background_size=&#8221;initial&#8221;][et_pb_column type=&#8221;2_3&#8243;][et_pb_post_title _builder_version=&#8221;3.0.73&#8243; title=&#8221;on&#8221; meta=&#8221;off&#8221; author=&#8221;on&#8221; date=&#8221;on&#8221; categories=&#8221;on&#8221; comments=&#8221;on&#8221; featured_image=&#8221;off&#8221; featured_placement=&#8221;below&#8221; parallax_method=&#8221;on&#8221; text_orientation=&#8221;left&#8221; text_color=&#8221;dark&#8221; text_background=&#8221;off&#8221; border_style=&#8221;solid&#8221; custom_css_main_element=&#8221;padding-top:4%;&#8221; \/][et_pb_text _builder_version=&#8221;3.0.73&#8243; background_layout=&#8221;light&#8221; text_orientation=&#8221;left&#8221; border_style=&#8221;solid&#8221;]<\/p>\n<h3>Locale interessante<\/h3>\n<p>Il ristorante dell\u2019hotel Viktor \u00e8 arredato in uno stile moderno e sobrio. Qui predominano colori gradevoli e caldi che dopo l\u2019imbrunire vengono ravvivati con delle colonne nella parte del bar che cambiano colore. Il bar \u00e8 stato progettato con uno spazio ampio e generoso e offre il posto a sette ospiti che hanno la possibilit\u00e0 di seguire il lavoro di un barista esperto.<\/p>\n<p>Vale la pena di osservare l\u2019insolita soluzione del &#8220;salotto&#8221; separato dalla parte principale del ristorante da una parete di vetro che lascia i due ambienti collegati visivamente ma insonorizzati tra di loro. Questa sezione \u00e8 inoltre costruita leggermente pi\u00f9 in alto rispetto al piano del pavimento del ristorante, sottolineando cos\u00ec il suo carattere indipendente.<\/p>\n<h3>Ottima cucina<\/h3>\n<p>Gli ospiti dell\u2019hotel cos\u00ec come gli altri visitatori apprezzeranno l\u2019ottima cucina prodotta da un esperto chef. Il men\u00f9 del nostro ristorante attinge alle tradizioni della cucina internazionale. Non mancano altres\u00ec le specialit\u00e0 della cucina slovacca. Il sapore dei nostri piatti \u00e8 arricchito da interessanti combinazioni di spezie e di erbe fresche che lasciano al cliente il ricordo di una piacevole esperienza gastronomica.<\/p>\n<p>Nel menu troverete anche un\u2019ampia selezione di ottimi vini di rinomati produttori slovacchi capaci di accompagnare nel migliore dei modi il vostro pasto. Chi vorr\u00e0 chiudere con un dessert trover\u00e0 sempre qualcosa di gustoso adatto alla stagione.<\/p>\n<h3>Ristorante per eventi speciali<\/h3>\n<p>Con una capacit\u00e0 complessiva di\u00a0<strong>70 posti<\/strong>\u00a0e uno spazio ampiamente modificabile pu\u00f2 adattarsi a diverse tipologie di eventi. Per i vostri incontri aziendali, rinfreschi, party, matrimoni, compleanni troveremo sempre la soluzione migliore. Il locale ha a disposizione un impianto audio, tre schermi LCD e il\u00a0<strong>collegamento ad internet wi-fi\u00a0<\/strong>gratuito.<br \/>\n<strong><br \/>\nPrenotazioni e informazioni sono disponibili ai numeri telefonici +421 2 63 45 20 84, +421 2 63 45 20 85, +421 905 777 888.<\/strong><\/p>\n<p>[\/et_pb_text][\/et_pb_column][et_pb_column type=&#8221;1_3&#8243;][et_pb_image _builder_version=&#8221;3.0.73&#8243; src=&#8221;http:\/\/www.hotelviktor.sk\/wp-content\/uploads\/2017\/12\/stravovanie.jpg&#8221; show_in_lightbox=&#8221;off&#8221; url_new_window=&#8221;off&#8221; use_overlay=&#8221;off&#8221; sticky=&#8221;off&#8221; align=&#8221;left&#8221; always_center_on_mobile=&#8221;on&#8221; border_style=&#8221;solid&#8221; force_fullwidth=&#8221;off&#8221; \/][\/et_pb_column][\/et_pb_row][et_pb_row _builder_version=&#8221;3.0.73&#8243; custom_css_main_element=&#8221;float: left;||padding-left: 6%;||width: 95%!important;||padding-top:0px;||padding-bottom:6%;||background-color:#fff;||padding-right: 4%;&#8221; use_custom_gutter=&#8221;on&#8221; gutter_width=&#8221;2&#8243;][et_pb_column type=&#8221;4_4&#8243;][et_pb_gallery _builder_version=&#8221;3.0.73&#8243; posts_number=&#8221;30&#8243; show_title_and_caption=&#8221;off&#8221; show_pagination=&#8221;off&#8221; gallery_ids=&#8221;577,576,575,574,573,572,571,570,569,568,567,566&#8243; fullwidth=&#8221;off&#8221; orientation=&#8221;landscape&#8221; zoom_icon_color=&#8221;#ad060b&#8221; hover_overlay_color=&#8221;rgba(255,255,255,0.9)&#8221; background_layout=&#8221;light&#8221; border_style=&#8221;solid&#8221; hover_icon=&#8221;%%43%%&#8221; custom_css_main_element=&#8221;margin-bottom:20px;&#8221; \/][\/et_pb_column][\/et_pb_row][\/et_pb_section]<\/p>\n","protected":false},"excerpt":{"rendered":"<p>Locale interessante Il ristorante dell\u2019hotel Viktor \u00e8 arredato in uno stile moderno e sobrio. Qui predominano colori gradevoli e caldi che dopo l\u2019imbrunire vengono ravvivati con delle colonne nella parte del bar che cambiano colore. Il bar \u00e8 stato progettato con uno spazio ampio e generoso e offre il posto a sette ospiti che hanno [&hellip;]<\/p>\n","protected":false},"author":1,"featured_media":0,"parent":0,"menu_order":0,"comment_status":"closed","ping_status":"closed","template":"","meta":{"_et_pb_use_builder":"on","_et_pb_old_content":"","_et_gb_content_width":"","footnotes":""},"class_list":["post-830","page","type-page","status-publish","hentry"],"_links":{"self":[{"href":"https:\/\/www.hotelviktor.sk\/it\/wp-json\/wp\/v2\/pages\/830"}],"collection":[{"href":"https:\/\/www.hotelviktor.sk\/it\/wp-json\/wp\/v2\/pages"}],"about":[{"href":"https:\/\/www.hotelviktor.sk\/it\/wp-json\/wp\/v2\/types\/page"}],"author":[{"embeddable":true,"href":"https:\/\/www.hotelviktor.sk\/it\/wp-json\/wp\/v2\/users\/1"}],"replies":[{"embeddable":true,"href":"https:\/\/www.hotelviktor.sk\/it\/wp-json\/wp\/v2\/comments?post=830"}],"version-history":[{"count":2,"href":"https:\/\/www.hotelviktor.sk\/it\/wp-json\/wp\/v2\/pages\/830\/revisions"}],"predecessor-version":[{"id":832,"href":"https:\/\/www.hotelviktor.sk\/it\/wp-json\/wp\/v2\/pages\/830\/revisions\/832"}],"wp:attachment":[{"href":"https:\/\/www.hotelviktor.sk\/it\/wp-json\/wp\/v2\/media?parent=830"}],"curies":[{"name":"wp","href":"https:\/\/api.w.org\/{rel}","templated":true}]}}