{"id":1172,"date":"2018-01-11T10:05:44","date_gmt":"2018-01-11T09:05:44","guid":{"rendered":"http:\/\/www.hotelviktor.sk\/parkolas\/"},"modified":"2018-01-11T10:05:45","modified_gmt":"2018-01-11T09:05:45","slug":"parkolas","status":"publish","type":"page","link":"https:\/\/www.hotelviktor.sk\/hu\/parkolas\/","title":{"rendered":"Parkol\u00e1s"},"content":{"rendered":"<p>[et_pb_section bb_built=&#8221;1&#8243; transparent_background=&#8221;on&#8221; _builder_version=&#8221;3.0.73&#8243; background_size=&#8221;initial&#8221; background_position=&#8221;top_right&#8221;][et_pb_row background_color=&#8221;#ffffff&#8221; _builder_version=&#8221;3.0.73&#8243; custom_css_main_element=&#8221;float: left;||padding-left: 6%;||width: 95%!important;||padding-top:0px;&#8221;][et_pb_column type=&#8221;2_3&#8243;][et_pb_post_title meta=&#8221;off&#8221; featured_image=&#8221;off&#8221; _builder_version=&#8221;3.0.73&#8243; custom_css_main_element=&#8221;padding-top:4%;&#8221;]<\/p>\n<p>&nbsp;<\/p>\n<p>[\/et_pb_post_title][et_pb_text _builder_version=&#8221;3.0.73&#8243; background_layout=&#8221;light&#8221; text_orientation=&#8221;left&#8221; border_style=&#8221;solid&#8221;]<\/p>\n<p>Vend\u00e9geink sz\u00e1m\u00e1ra 39 parkol\u00f3hely \u00e1ll rendelkez\u00e9sre a sz\u00e1lloda gar\u00e1zs\u00e1ban. Tov\u00e1bbi parkol\u00f3helyek az \u00e9p\u00fclet el\u0151tt tal\u00e1lhat\u00f3k.<br \/>\nA f\u00f6ldalatti gar\u00e1zs biztons\u00e1g\u00e1ra kamerarendszer seg\u00edts\u00e9g\u00e9vel a sz\u00e1lloda szem\u00e9lyzete fel\u00fcgyel.<br \/>\nA sz\u00e1llod\u00e1hoz aut\u00f3busszal is \u00e9rkezhet.<\/p>\n<p>[\/et_pb_text][et_pb_gallery _builder_version=&#8221;3.0.73&#8243; show_title_and_caption=&#8221;off&#8221; show_pagination=&#8221;on&#8221; gallery_ids=&#8221;555,556,557&#8243; fullwidth=&#8221;off&#8221; orientation=&#8221;landscape&#8221; zoom_icon_color=&#8221;#ad060b&#8221; hover_overlay_color=&#8221;rgba(255,255,255,0.9)&#8221; hover_icon=&#8221;%%43%%&#8221; background_layout=&#8221;light&#8221; border_style=&#8221;solid&#8221; \/][\/et_pb_column][et_pb_column type=&#8221;1_3&#8243;][et_pb_image src=&#8221;http:\/\/www.hotelviktor.sk\/wp-content\/uploads\/2017\/12\/img_parkovanie.jpg&#8221; _builder_version=&#8221;3.0.73&#8243; show_in_lightbox=&#8221;off&#8221; url_new_window=&#8221;off&#8221; use_overlay=&#8221;off&#8221; sticky=&#8221;off&#8221; align=&#8221;left&#8221; always_center_on_mobile=&#8221;on&#8221; border_style=&#8221;solid&#8221; force_fullwidth=&#8221;off&#8221;]<\/p>\n<p>&nbsp;<\/p>\n<p>[\/et_pb_image][\/et_pb_column][\/et_pb_row][\/et_pb_section]<\/p>\n","protected":false},"excerpt":{"rendered":"<p>&nbsp; Vend\u00e9geink sz\u00e1m\u00e1ra 39 parkol\u00f3hely \u00e1ll rendelkez\u00e9sre a sz\u00e1lloda gar\u00e1zs\u00e1ban. Tov\u00e1bbi parkol\u00f3helyek az \u00e9p\u00fclet el\u0151tt tal\u00e1lhat\u00f3k. A f\u00f6ldalatti gar\u00e1zs biztons\u00e1g\u00e1ra kamerarendszer seg\u00edts\u00e9g\u00e9vel a sz\u00e1lloda szem\u00e9lyzete fel\u00fcgyel. A sz\u00e1llod\u00e1hoz aut\u00f3busszal is \u00e9rkezhet. &nbsp;<\/p>\n","protected":false},"author":1,"featured_media":0,"parent":0,"menu_order":3,"comment_status":"closed","ping_status":"closed","template":"","meta":{"_et_pb_use_builder":"on","_et_pb_old_content":"","_et_gb_content_width":"","footnotes":""},"class_list":["post-1172","page","type-page","status-publish","hentry"],"_links":{"self":[{"href":"https:\/\/www.hotelviktor.sk\/hu\/wp-json\/wp\/v2\/pages\/1172"}],"collection":[{"href":"https:\/\/www.hotelviktor.sk\/hu\/wp-json\/wp\/v2\/pages"}],"about":[{"href":"https:\/\/www.hotelviktor.sk\/hu\/wp-json\/wp\/v2\/types\/page"}],"author":[{"embeddable":true,"href":"https:\/\/www.hotelviktor.sk\/hu\/wp-json\/wp\/v2\/users\/1"}],"replies":[{"embeddable":true,"href":"https:\/\/www.hotelviktor.sk\/hu\/wp-json\/wp\/v2\/comments?post=1172"}],"version-history":[{"count":1,"href":"https:\/\/www.hotelviktor.sk\/hu\/wp-json\/wp\/v2\/pages\/1172\/revisions"}],"predecessor-version":[{"id":1173,"href":"https:\/\/www.hotelviktor.sk\/hu\/wp-json\/wp\/v2\/pages\/1172\/revisions\/1173"}],"wp:attachment":[{"href":"https:\/\/www.hotelviktor.sk\/hu\/wp-json\/wp\/v2\/media?parent=1172"}],"curies":[{"name":"wp","href":"https:\/\/api.w.org\/{rel}","templated":true}]}}