{"id":1053,"date":"2018-01-10T16:23:25","date_gmt":"2018-01-10T15:23:25","guid":{"rendered":"http:\/\/www.hotelviktor.sk\/szallas\/friends-apartman\/"},"modified":"2018-02-01T15:12:27","modified_gmt":"2018-02-01T14:12:27","slug":"friends-apartman","status":"publish","type":"page","link":"https:\/\/www.hotelviktor.sk\/hu\/szallas\/friends-apartman\/","title":{"rendered":"FRIENDS apartman"},"content":{"rendered":"<p>[et_pb_section bb_built=&#8221;1&#8243; _builder_version=&#8221;3.0.73&#8243; background_size=&#8221;initial&#8221; background_position=&#8221;top_right&#8221; transparent_background=&#8221;on&#8221;][et_pb_row _builder_version=&#8221;3.0.73&#8243; background_color=&#8221;#ffffff&#8221; custom_css_main_element=&#8221;float: left;||padding-left: 6%;||width: 95%!important;||padding-top:0px;&#8221; background_position=&#8221;top_left&#8221; background_repeat=&#8221;repeat&#8221; background_size=&#8221;initial&#8221;][et_pb_column type=&#8221;2_3&#8243;][et_pb_post_title _builder_version=&#8221;3.0.73&#8243; title=&#8221;on&#8221; meta=&#8221;off&#8221; author=&#8221;on&#8221; date=&#8221;on&#8221; categories=&#8221;on&#8221; comments=&#8221;on&#8221; featured_image=&#8221;off&#8221; featured_placement=&#8221;below&#8221; parallax_method=&#8221;on&#8221; text_orientation=&#8221;left&#8221; text_color=&#8221;dark&#8221; text_background=&#8221;off&#8221; border_style=&#8221;solid&#8221; custom_css_main_element=&#8221;padding-top:4%;&#8221; \/][et_pb_text _builder_version=&#8221;3.0.73&#8243; background_layout=&#8221;light&#8221; text_orientation=&#8221;left&#8221; border_style=&#8221;solid&#8221;]<\/p>\n<p>K\u00e9nyelmes \u00e9s t\u00e1gas apartman k\u00e9t fekhellyel \u00e9s kih\u00fazhat\u00f3 rekami\u00e9 esetleges kihaszn\u00e1l\u00e1s\u00e1nak lehet\u0151s\u00e9g\u00e9vel az apartman nappali r\u00e9sz\u00e9ben<\/p>\n<p>A sz\u00e1ll\u00e1s standardja mag\u00e1ban foglalja:<\/p>\n<ul>\n<li>Bel\u00e9p\u00e9s chipk\u00e1rty\u00e1val, amely felhaszn\u00e1lhat\u00f3 a parkol\u00e1sn\u00e1l, vagy a vend\u00e9gl\u0151ben val\u00f3 fizet\u00e9sn\u00e9l is<\/li>\n<li>LCD telev\u00edzi\u00f3 (30 program, bele\u00e9rtve a k\u00fclf\u00f6ldi h\u00edrm\u0171sorokat)<\/li>\n<li>wi-fi \u00e9s vezet\u00e9kes csatlakoz\u00e1s<\/li>\n<li>trezor k\u00f6zvetlen\u00fcl a szob\u00e1n<\/li>\n<li>telefon<\/li>\n<li>modern zuhanyoz\u00f3sarok<\/li>\n<li>nappali r\u00e9sz<\/li>\n<\/ul>\n<p>A sz\u00e1lloda csendes k\u00f6rnyezetben, csal\u00e1di h\u00e1zak k\u00f6z\u00f6tt, \u00e9s egyben fontos k\u00f6zleked\u00e9si csom\u00f3pontok \u00e9s a v\u00e1rosk\u00f6zpont k\u00f6zel\u00e9ben tal\u00e1lhat\u00f3.<\/p>\n<p>[\/et_pb_text][et_pb_button _builder_version=&#8221;3.0.73&#8243; button_text=&#8221;lak\u00e1s foglal\u00e1sa&#8221; button_url=&#8221;http:\/\/www.hotelviktor.sk\/rezervacia?izba=Apartm\u00e1n FRIENDS&#8221; url_new_window=&#8221;off&#8221; button_alignment=&#8221;left&#8221; background_layout=&#8221;light&#8221; custom_button=&#8221;on&#8221; button_letter_spacing=&#8221;0&#8243; button_icon_placement=&#8221;right&#8221; button_letter_spacing_hover=&#8221;0&#8243; button_text_size=&#8221;16&#8243; button_border_radius=&#8221;0&#8243; \/][\/et_pb_column][et_pb_column type=&#8221;1_3&#8243;][et_pb_image _builder_version=&#8221;3.0.73&#8243; src=&#8221;http:\/\/www.hotelviktor.sk\/wp-content\/uploads\/2017\/12\/HV_i4_promo.jpg&#8221; show_in_lightbox=&#8221;off&#8221; url_new_window=&#8221;off&#8221; use_overlay=&#8221;off&#8221; sticky=&#8221;off&#8221; align=&#8221;left&#8221; always_center_on_mobile=&#8221;on&#8221; border_style=&#8221;solid&#8221; force_fullwidth=&#8221;off&#8221; \/][\/et_pb_column][\/et_pb_row][et_pb_row _builder_version=&#8221;3.0.73&#8243; custom_css_main_element=&#8221;float: left;||padding-left: 6%;||padding-right: 4%;||width: 95%!important;||padding-top:0px;||padding-bottom:6%;||background-color:#fff;&#8221; use_custom_gutter=&#8221;on&#8221; gutter_width=&#8221;2&#8243;][et_pb_column type=&#8221;4_4&#8243;][et_pb_gallery _builder_version=&#8221;3.0.73&#8243; posts_number=&#8221;30&#8243; show_title_and_caption=&#8221;off&#8221; show_pagination=&#8221;off&#8221; gallery_ids=&#8221;499,500,613,609,348,484&#8243; fullwidth=&#8221;off&#8221; orientation=&#8221;landscape&#8221; zoom_icon_color=&#8221;#ad060b&#8221; hover_overlay_color=&#8221;rgba(255,255,255,0.9)&#8221; background_layout=&#8221;light&#8221; border_style=&#8221;solid&#8221; hover_icon=&#8221;%%43%%&#8221; custom_css_main_element=&#8221;margin-bottom:20px;&#8221; \/][\/et_pb_column][\/et_pb_row][\/et_pb_section]<\/p>\n","protected":false},"excerpt":{"rendered":"<p>K\u00e9nyelmes \u00e9s t\u00e1gas apartman k\u00e9t fekhellyel \u00e9s kih\u00fazhat\u00f3 rekami\u00e9 esetleges kihaszn\u00e1l\u00e1s\u00e1nak lehet\u0151s\u00e9g\u00e9vel az apartman nappali r\u00e9sz\u00e9ben A sz\u00e1ll\u00e1s standardja mag\u00e1ban foglalja: Bel\u00e9p\u00e9s chipk\u00e1rty\u00e1val, amely felhaszn\u00e1lhat\u00f3 a parkol\u00e1sn\u00e1l, vagy a vend\u00e9gl\u0151ben val\u00f3 fizet\u00e9sn\u00e9l is LCD telev\u00edzi\u00f3 (30 program, bele\u00e9rtve a k\u00fclf\u00f6ldi h\u00edrm\u0171sorokat) wi-fi \u00e9s vezet\u00e9kes csatlakoz\u00e1s trezor k\u00f6zvetlen\u00fcl a szob\u00e1n telefon modern zuhanyoz\u00f3sarok nappali r\u00e9sz A [&hellip;]<\/p>\n","protected":false},"author":1,"featured_media":0,"parent":907,"menu_order":0,"comment_status":"closed","ping_status":"closed","template":"","meta":{"_et_pb_use_builder":"on","_et_pb_old_content":"","_et_gb_content_width":"","footnotes":""},"class_list":["post-1053","page","type-page","status-publish","hentry"],"_links":{"self":[{"href":"https:\/\/www.hotelviktor.sk\/hu\/wp-json\/wp\/v2\/pages\/1053"}],"collection":[{"href":"https:\/\/www.hotelviktor.sk\/hu\/wp-json\/wp\/v2\/pages"}],"about":[{"href":"https:\/\/www.hotelviktor.sk\/hu\/wp-json\/wp\/v2\/types\/page"}],"author":[{"embeddable":true,"href":"https:\/\/www.hotelviktor.sk\/hu\/wp-json\/wp\/v2\/users\/1"}],"replies":[{"embeddable":true,"href":"https:\/\/www.hotelviktor.sk\/hu\/wp-json\/wp\/v2\/comments?post=1053"}],"version-history":[{"count":3,"href":"https:\/\/www.hotelviktor.sk\/hu\/wp-json\/wp\/v2\/pages\/1053\/revisions"}],"predecessor-version":[{"id":1853,"href":"https:\/\/www.hotelviktor.sk\/hu\/wp-json\/wp\/v2\/pages\/1053\/revisions\/1853"}],"up":[{"embeddable":true,"href":"https:\/\/www.hotelviktor.sk\/hu\/wp-json\/wp\/v2\/pages\/907"}],"wp:attachment":[{"href":"https:\/\/www.hotelviktor.sk\/hu\/wp-json\/wp\/v2\/media?parent=1053"}],"curies":[{"name":"wp","href":"https:\/\/api.w.org\/{rel}","templated":true}]}}