{"id":1011,"date":"2018-01-10T16:09:28","date_gmt":"2018-01-10T15:09:28","guid":{"rendered":"http:\/\/www.hotelviktor.sk\/szallas\/ketagyas-biznis-szoba\/"},"modified":"2018-02-01T14:56:59","modified_gmt":"2018-02-01T13:56:59","slug":"ketagyas-biznis-szoba","status":"publish","type":"page","link":"https:\/\/www.hotelviktor.sk\/hu\/szallas\/ketagyas-biznis-szoba\/","title":{"rendered":"K\u00e9t\u00e1gyas BIZNIS szoba"},"content":{"rendered":"<p>[et_pb_section bb_built=&#8221;1&#8243; _builder_version=&#8221;3.0.73&#8243; background_size=&#8221;initial&#8221; background_position=&#8221;top_right&#8221; transparent_background=&#8221;on&#8221;][et_pb_row _builder_version=&#8221;3.0.73&#8243; background_color=&#8221;#ffffff&#8221; custom_css_main_element=&#8221;float: left;||padding-left: 6%;||width: 95%!important;||padding-top:0px;&#8221; background_position=&#8221;top_left&#8221; background_repeat=&#8221;repeat&#8221; background_size=&#8221;initial&#8221;][et_pb_column type=&#8221;2_3&#8243;][et_pb_post_title _builder_version=&#8221;3.0.73&#8243; title=&#8221;on&#8221; meta=&#8221;off&#8221; author=&#8221;on&#8221; date=&#8221;on&#8221; categories=&#8221;on&#8221; comments=&#8221;on&#8221; featured_image=&#8221;off&#8221; featured_placement=&#8221;below&#8221; parallax_method=&#8221;on&#8221; text_orientation=&#8221;left&#8221; text_color=&#8221;dark&#8221; text_background=&#8221;off&#8221; border_style=&#8221;solid&#8221; custom_css_main_element=&#8221;padding-top:4%;&#8221; \/][et_pb_text _builder_version=&#8221;3.0.73&#8243; background_layout=&#8221;light&#8221; text_orientation=&#8221;left&#8221; border_style=&#8221;solid&#8221;]<\/p>\n<p>K\u00e9nyelmes, modern \u00e9s c\u00e9lszer\u0171 berendez\u00e9ssel ell\u00e1tott\u00a0<strong>szoba k\u00e9t k\u00fcl\u00f6n\u00e1ll\u00f3 fekhellyel<\/strong>. Azoknak aj\u00e1nljuk, akik munka\u00fcgyben tart\u00f3zkodnak Pozsonyban \u00e9s nyugodt helyen keresnek sz\u00e1ll\u00e1st, ig\u00e9nylik az internetes csatlakoz\u00e1st a szob\u00e1ban, ahol egy \u00edr\u00f3asztal m\u00f6g\u00f6tt k\u00e9nyelmesen dolgozhatnak.<\/p>\n<p>A szoba a sz\u00e1ll\u00e1s magasabb standardj\u00e1t k\u00edn\u00e1lja, amelyre jellemz\u0151:<\/p>\n<ul>\n<li>Bel\u00e9p\u00e9s chipk\u00e1rty\u00e1val, amely felhaszn\u00e1lhat\u00f3 a parkol\u00e1sn\u00e1l, vagy a vend\u00e9gl\u0151ben val\u00f3 fizet\u00e9sn\u00e9l is<\/li>\n<li>LCD telev\u00edzi\u00f3 (30 program, bele\u00e9rtve a k\u00fclf\u00f6ldi h\u00edrm\u0171sorokat)<\/li>\n<li>wi-fi \u00e9s vezet\u00e9kes csatlakoz\u00e1s<\/li>\n<li>trezor k\u00f6zvetlen\u00fcl a szob\u00e1n<\/li>\n<li>telefon<\/li>\n<li><strong>\u00edr\u00f3asztal<\/strong><\/li>\n<\/ul>\n<p>Arra val\u00f3 tekintettel, hogy a Viktor Sz\u00e1lloda 2011-ben ny\u00edlt, az \u00f6sszes szoba t\u00f6k\u00e9letes \u00e1llapotban van. A sz\u00e1lloda kiel\u00e9g\u00edti az elsz\u00e1ll\u00e1solt vend\u00e9gek biztons\u00e1g\u00e1ra vonatkoz\u00f3 legszigor\u00fabb k\u00f6vetelm\u00e9nyeket is.<\/p>\n<p>[\/et_pb_text][et_pb_button _builder_version=&#8221;3.0.73&#8243; button_text=&#8221;tartal\u00e9k&#8221; button_url=&#8221;http:\/\/www.hotelviktor.sk\/rezervacia?izba=Dvojl\u00f4\u017ekov\u00e1 izba BIZNIS&#8221; url_new_window=&#8221;off&#8221; button_alignment=&#8221;left&#8221; background_layout=&#8221;light&#8221; custom_button=&#8221;on&#8221; button_letter_spacing=&#8221;0&#8243; button_icon_placement=&#8221;right&#8221; button_letter_spacing_hover=&#8221;0&#8243; button_text_size=&#8221;16&#8243; button_border_radius=&#8221;0&#8243; \/][\/et_pb_column][et_pb_column type=&#8221;1_3&#8243;][et_pb_image _builder_version=&#8221;3.0.73&#8243; src=&#8221;http:\/\/www.hotelviktor.sk\/wp-content\/uploads\/2017\/12\/FV_i2_img_promo.jpg&#8221; show_in_lightbox=&#8221;off&#8221; url_new_window=&#8221;off&#8221; use_overlay=&#8221;off&#8221; sticky=&#8221;off&#8221; align=&#8221;left&#8221; always_center_on_mobile=&#8221;on&#8221; border_style=&#8221;solid&#8221; force_fullwidth=&#8221;off&#8221; \/][\/et_pb_column][\/et_pb_row][et_pb_row _builder_version=&#8221;3.0.73&#8243; custom_css_main_element=&#8221;float: left;||padding-left: 6%;||padding-right: 4%;||width: 95%!important;||padding-top:0px;||padding-bottom:6%;||background-color:#fff;&#8221; use_custom_gutter=&#8221;on&#8221; gutter_width=&#8221;2&#8243;][et_pb_column type=&#8221;4_4&#8243;][et_pb_gallery _builder_version=&#8221;3.0.73&#8243; posts_number=&#8221;30&#8243; show_title_and_caption=&#8221;off&#8221; show_pagination=&#8221;off&#8221; gallery_ids=&#8221;485,624,648,646,484,642,627,622,607,609,348&#8243; fullwidth=&#8221;off&#8221; orientation=&#8221;landscape&#8221; zoom_icon_color=&#8221;#ad060b&#8221; hover_overlay_color=&#8221;rgba(255,255,255,0.9)&#8221; background_layout=&#8221;light&#8221; border_style=&#8221;solid&#8221; hover_icon=&#8221;%%43%%&#8221; custom_css_main_element=&#8221;margin-bottom:20px;&#8221; \/][\/et_pb_column][\/et_pb_row][\/et_pb_section]<\/p>\n","protected":false},"excerpt":{"rendered":"<p>K\u00e9nyelmes, modern \u00e9s c\u00e9lszer\u0171 berendez\u00e9ssel ell\u00e1tott\u00a0szoba k\u00e9t k\u00fcl\u00f6n\u00e1ll\u00f3 fekhellyel. Azoknak aj\u00e1nljuk, akik munka\u00fcgyben tart\u00f3zkodnak Pozsonyban \u00e9s nyugodt helyen keresnek sz\u00e1ll\u00e1st, ig\u00e9nylik az internetes csatlakoz\u00e1st a szob\u00e1ban, ahol egy \u00edr\u00f3asztal m\u00f6g\u00f6tt k\u00e9nyelmesen dolgozhatnak. A szoba a sz\u00e1ll\u00e1s magasabb standardj\u00e1t k\u00edn\u00e1lja, amelyre jellemz\u0151: Bel\u00e9p\u00e9s chipk\u00e1rty\u00e1val, amely felhaszn\u00e1lhat\u00f3 a parkol\u00e1sn\u00e1l, vagy a vend\u00e9gl\u0151ben val\u00f3 fizet\u00e9sn\u00e9l is LCD telev\u00edzi\u00f3 [&hellip;]<\/p>\n","protected":false},"author":1,"featured_media":0,"parent":907,"menu_order":0,"comment_status":"closed","ping_status":"closed","template":"","meta":{"_et_pb_use_builder":"on","_et_pb_old_content":"","_et_gb_content_width":"","footnotes":""},"class_list":["post-1011","page","type-page","status-publish","hentry"],"_links":{"self":[{"href":"https:\/\/www.hotelviktor.sk\/hu\/wp-json\/wp\/v2\/pages\/1011"}],"collection":[{"href":"https:\/\/www.hotelviktor.sk\/hu\/wp-json\/wp\/v2\/pages"}],"about":[{"href":"https:\/\/www.hotelviktor.sk\/hu\/wp-json\/wp\/v2\/types\/page"}],"author":[{"embeddable":true,"href":"https:\/\/www.hotelviktor.sk\/hu\/wp-json\/wp\/v2\/users\/1"}],"replies":[{"embeddable":true,"href":"https:\/\/www.hotelviktor.sk\/hu\/wp-json\/wp\/v2\/comments?post=1011"}],"version-history":[{"count":6,"href":"https:\/\/www.hotelviktor.sk\/hu\/wp-json\/wp\/v2\/pages\/1011\/revisions"}],"predecessor-version":[{"id":1835,"href":"https:\/\/www.hotelviktor.sk\/hu\/wp-json\/wp\/v2\/pages\/1011\/revisions\/1835"}],"up":[{"embeddable":true,"href":"https:\/\/www.hotelviktor.sk\/hu\/wp-json\/wp\/v2\/pages\/907"}],"wp:attachment":[{"href":"https:\/\/www.hotelviktor.sk\/hu\/wp-json\/wp\/v2\/media?parent=1011"}],"curies":[{"name":"wp","href":"https:\/\/api.w.org\/{rel}","templated":true}]}}