{"id":821,"date":"2018-01-10T14:13:07","date_gmt":"2018-01-10T13:13:07","guid":{"rendered":"http:\/\/www.hotelviktor.sk\/restauration\/"},"modified":"2018-01-10T14:13:07","modified_gmt":"2018-01-10T13:13:07","slug":"restauration","status":"publish","type":"page","link":"https:\/\/www.hotelviktor.sk\/fr\/restauration\/","title":{"rendered":"Restauration"},"content":{"rendered":"<p>[et_pb_section bb_built=\u00a0\u00bb1&Prime; _builder_version=\u00a0\u00bb3.0.73&Prime; background_size=\u00a0\u00bbinitial\u00a0\u00bb background_position=\u00a0\u00bbtop_right\u00a0\u00bb transparent_background=\u00a0\u00bbon\u00a0\u00bb][et_pb_row _builder_version=\u00a0\u00bb3.0.73&Prime; background_color=\u00a0\u00bb#ffffff\u00a0\u00bb custom_css_main_element=\u00a0\u00bbfloat: left;||padding-left: 6%;||width: 95%!important;||padding-top:0px;\u00a0\u00bb background_position=\u00a0\u00bbtop_left\u00a0\u00bb background_repeat=\u00a0\u00bbrepeat\u00a0\u00bb background_size=\u00a0\u00bbinitial\u00a0\u00bb][et_pb_column type=\u00a0\u00bb2_3&Prime;][et_pb_post_title _builder_version=\u00a0\u00bb3.0.73&Prime; title=\u00a0\u00bbon\u00a0\u00bb meta=\u00a0\u00bboff\u00a0\u00bb author=\u00a0\u00bbon\u00a0\u00bb date=\u00a0\u00bbon\u00a0\u00bb categories=\u00a0\u00bbon\u00a0\u00bb comments=\u00a0\u00bbon\u00a0\u00bb featured_image=\u00a0\u00bboff\u00a0\u00bb featured_placement=\u00a0\u00bbbelow\u00a0\u00bb parallax_method=\u00a0\u00bbon\u00a0\u00bb text_orientation=\u00a0\u00bbleft\u00a0\u00bb text_color=\u00a0\u00bbdark\u00a0\u00bb text_background=\u00a0\u00bboff\u00a0\u00bb border_style=\u00a0\u00bbsolid\u00a0\u00bb custom_css_main_element=\u00a0\u00bbpadding-top:4%;\u00a0\u00bb \/][et_pb_text _builder_version=\u00a0\u00bb3.0.73&Prime; background_layout=\u00a0\u00bblight\u00a0\u00bb text_orientation=\u00a0\u00bbleft\u00a0\u00bb border_style=\u00a0\u00bbsolid\u00a0\u00bb]<\/p>\n<h3>Espace int\u00e9ressant<\/h3>\n<p>Le restaurant de l\u2019H\u00f4tel Viktor est meubl\u00e9 dans un style moderne et \u00e9pur\u00e9. Les couleurs chaudes dominent, anim\u00e9es la nuit tomb\u00e9e par les colonnes qui changent de couleur dans la partie bar. Le bar lui-m\u00eame est tr\u00e8s spacieux et dispose de sept places g\u00e9n\u00e9reuses pour les clients qui peuvent ainsi observer le travail de l\u2019habile barman.<\/p>\n<p>Le \u00ab salon priv\u00e9 \u00bb inhabituel m\u00e9rite notre attention ; il est s\u00e9par\u00e9 acoustiquement de la partie principale du restaurant, mais \u00e0 travers la paroi en verre, vous restez en contact visuel. Cet espace est \u00e9galement l\u00e9g\u00e8rement sur\u00e9lev\u00e9 par rapport au restaurant, ce qui accentue son caract\u00e8re s\u00e9par\u00e9.<\/p>\n<h3>Excellente cuisine<\/h3>\n<p>Les clients de l\u2019h\u00f4tel, ainsi que les autres visiteurs appr\u00e9cieront certainement la d\u00e9licieuse cuisine du chef chevronn\u00e9. Le menu de notre restaurant est compos\u00e9 de plats traditionnels de la cuisine internationale. Les sp\u00e9cialit\u00e9s slovaques sont aussi au rendez-vous. Vous sentirez dans nos bons plats l\u2019ar\u00f4me des herbes fra\u00eeches et les combinaisons int\u00e9ressantes d\u2019\u00e9pices qui feront de votre visite une exp\u00e9rience gastronomique.<\/p>\n<p>Vous trouverez \u00e9galement une s\u00e9lection de vins provenant de viticulteurs slovaques renomm\u00e9s qui vous ouvriront l\u2019app\u00e9tit. Si vous avez envie d\u2019un dessert, vous trouverez toujours chez nous quelque chose de d\u00e9licieux, selon la saison.<\/p>\n<h3>Restaurant pour vos f\u00eates<\/h3>\n<p>Avec sa capacit\u00e9 totale de<strong>\u00a070 places<\/strong>\u00a0et un espace modulable, nous pouvons pr\u00e9parer diff\u00e9rents \u00e9v\u00e9nements. Nous serons heureux d\u2019accueillir votre \u00e9v\u00e9nement d\u2019affaires, votre soir\u00e9e, f\u00eate, mariage ou anniversaire.<\/p>\n<p>Les salles sont sonoris\u00e9es et \u00e9quip\u00e9es de trois \u00e9crans LCD. Une\u00a0<strong>connexion \u00e0 Internet wi-fi\u00a0<\/strong>gratuite est disponible.<\/p>\n<p><strong>Nous serons heureux de prendre vos r\u00e9servations et de vous donner plus de renseignements aux num\u00e9ros de t\u00e9l\u00e9phone suivants : +421 2 63 45 20 84, +421 2 63 45 20 85, +421 905 777 888.<\/strong><\/p>\n<p>[\/et_pb_text][\/et_pb_column][et_pb_column type=\u00a0\u00bb1_3&Prime;][et_pb_image _builder_version=\u00a0\u00bb3.0.73&Prime; src=\u00a0\u00bbhttp:\/\/www.hotelviktor.sk\/wp-content\/uploads\/2017\/12\/stravovanie.jpg\u00a0\u00bb show_in_lightbox=\u00a0\u00bboff\u00a0\u00bb url_new_window=\u00a0\u00bboff\u00a0\u00bb use_overlay=\u00a0\u00bboff\u00a0\u00bb sticky=\u00a0\u00bboff\u00a0\u00bb align=\u00a0\u00bbleft\u00a0\u00bb always_center_on_mobile=\u00a0\u00bbon\u00a0\u00bb border_style=\u00a0\u00bbsolid\u00a0\u00bb force_fullwidth=\u00a0\u00bboff\u00a0\u00bb \/][\/et_pb_column][\/et_pb_row][et_pb_row _builder_version=\u00a0\u00bb3.0.73&Prime; custom_css_main_element=\u00a0\u00bbfloat: left;||padding-left: 6%;||width: 95%!important;||padding-top:0px;||padding-bottom:6%;||background-color:#fff;||padding-right: 4%;\u00a0\u00bb use_custom_gutter=\u00a0\u00bbon\u00a0\u00bb gutter_width=\u00a0\u00bb2&Prime;][et_pb_column type=\u00a0\u00bb4_4&Prime;][et_pb_gallery _builder_version=\u00a0\u00bb3.0.73&Prime; posts_number=\u00a0\u00bb30&Prime; show_title_and_caption=\u00a0\u00bboff\u00a0\u00bb show_pagination=\u00a0\u00bboff\u00a0\u00bb gallery_ids=\u00a0\u00bb577,576,575,574,573,572,571,570,569,568,567,566&Prime; fullwidth=\u00a0\u00bboff\u00a0\u00bb orientation=\u00a0\u00bblandscape\u00a0\u00bb zoom_icon_color=\u00a0\u00bb#ad060b\u00a0\u00bb hover_overlay_color=\u00a0\u00bbrgba(255,255,255,0.9)\u00a0\u00bb background_layout=\u00a0\u00bblight\u00a0\u00bb border_style=\u00a0\u00bbsolid\u00a0\u00bb hover_icon=\u00a0\u00bb%%43%%\u00a0\u00bb custom_css_main_element=\u00a0\u00bbmargin-bottom:20px;\u00a0\u00bb \/][\/et_pb_column][\/et_pb_row][\/et_pb_section]<\/p>\n","protected":false},"excerpt":{"rendered":"<p>Espace int\u00e9ressant Le restaurant de l\u2019H\u00f4tel Viktor est meubl\u00e9 dans un style moderne et \u00e9pur\u00e9. Les couleurs chaudes dominent, anim\u00e9es la nuit tomb\u00e9e par les colonnes qui changent de couleur dans la partie bar. Le bar lui-m\u00eame est tr\u00e8s spacieux et dispose de sept places g\u00e9n\u00e9reuses pour les clients qui peuvent ainsi observer le travail [&hellip;]<\/p>\n","protected":false},"author":1,"featured_media":0,"parent":0,"menu_order":0,"comment_status":"closed","ping_status":"closed","template":"","meta":{"_et_pb_use_builder":"on","_et_pb_old_content":"","_et_gb_content_width":"","footnotes":""},"class_list":["post-821","page","type-page","status-publish","hentry"],"_links":{"self":[{"href":"https:\/\/www.hotelviktor.sk\/fr\/wp-json\/wp\/v2\/pages\/821"}],"collection":[{"href":"https:\/\/www.hotelviktor.sk\/fr\/wp-json\/wp\/v2\/pages"}],"about":[{"href":"https:\/\/www.hotelviktor.sk\/fr\/wp-json\/wp\/v2\/types\/page"}],"author":[{"embeddable":true,"href":"https:\/\/www.hotelviktor.sk\/fr\/wp-json\/wp\/v2\/users\/1"}],"replies":[{"embeddable":true,"href":"https:\/\/www.hotelviktor.sk\/fr\/wp-json\/wp\/v2\/comments?post=821"}],"version-history":[{"count":2,"href":"https:\/\/www.hotelviktor.sk\/fr\/wp-json\/wp\/v2\/pages\/821\/revisions"}],"predecessor-version":[{"id":823,"href":"https:\/\/www.hotelviktor.sk\/fr\/wp-json\/wp\/v2\/pages\/821\/revisions\/823"}],"wp:attachment":[{"href":"https:\/\/www.hotelviktor.sk\/fr\/wp-json\/wp\/v2\/media?parent=821"}],"curies":[{"name":"wp","href":"https:\/\/api.w.org\/{rel}","templated":true}]}}