{"id":1617,"date":"2018-01-24T15:07:20","date_gmt":"2018-01-24T14:07:20","guid":{"rendered":"http:\/\/www.hotelviktor.sk\/bienvenue-sur-le-site-de-lhotel-viktor\/"},"modified":"2018-01-24T15:07:20","modified_gmt":"2018-01-24T14:07:20","slug":"bienvenue-sur-le-site-de-lhotel-viktor","status":"publish","type":"page","link":"https:\/\/www.hotelviktor.sk\/fr\/bienvenue-sur-le-site-de-lhotel-viktor\/","title":{"rendered":"Bienvenue sur le site de l\u2019h\u00f4tel Viktor"},"content":{"rendered":"<p>[et_pb_section bb_built=\u00a0\u00bb1&Prime; _builder_version=\u00a0\u00bb3.0.73&Prime; background_size=\u00a0\u00bbinitial\u00a0\u00bb background_position=\u00a0\u00bbtop_right\u00a0\u00bb transparent_background=\u00a0\u00bbon\u00a0\u00bb][et_pb_row _builder_version=\u00a0\u00bb3.0.73&Prime; background_color=\u00a0\u00bb#ffffff\u00a0\u00bb custom_css_main_element=\u00a0\u00bbfloat: left;||padding-left: 6%;||width: 95%!important;||padding-top:0px;\u00a0\u00bb background_position=\u00a0\u00bbtop_left\u00a0\u00bb background_repeat=\u00a0\u00bbrepeat\u00a0\u00bb background_size=\u00a0\u00bbinitial\u00a0\u00bb][et_pb_column type=\u00a0\u00bb2_3&Prime;][et_pb_post_title _builder_version=\u00a0\u00bb3.0.73&Prime; title=\u00a0\u00bbon\u00a0\u00bb meta=\u00a0\u00bboff\u00a0\u00bb author=\u00a0\u00bbon\u00a0\u00bb date=\u00a0\u00bbon\u00a0\u00bb categories=\u00a0\u00bbon\u00a0\u00bb comments=\u00a0\u00bbon\u00a0\u00bb featured_image=\u00a0\u00bboff\u00a0\u00bb featured_placement=\u00a0\u00bbbelow\u00a0\u00bb parallax_method=\u00a0\u00bbon\u00a0\u00bb text_orientation=\u00a0\u00bbleft\u00a0\u00bb text_color=\u00a0\u00bbdark\u00a0\u00bb text_background=\u00a0\u00bboff\u00a0\u00bb border_style=\u00a0\u00bbsolid\u00a0\u00bb custom_css_main_element=\u00a0\u00bbpadding-top:4%;\u00a0\u00bb \/][et_pb_text _builder_version=\u00a0\u00bb3.0.73&Prime; background_layout=\u00a0\u00bblight\u00a0\u00bb text_orientation=\u00a0\u00bbleft\u00a0\u00bb border_style=\u00a0\u00bbsolid\u00a0\u00bb]<\/p>\n<h3>H\u00f4tel construit en 2011<\/h3>\n<p>Cet h\u00f4tel moderne nouvellement construit pr\u00e8s du centre de Bratislava propose un h\u00e9bergement de haut de gamme pour une client\u00e8le d\u2019affaires, des familles avec enfants, des touristes et en ce moment pour les amateurs de diff\u00e9rentes manifestations.<\/p>\n<p>L\u2019h\u00f4tel Viktor*** dispose de 39 chambres d\u2019une capacit\u00e9 totale de 82 lits. Nous avons des chambres \u00e0 deux lits avec des lits doubles ou s\u00e9par\u00e9s. Nos deux suites offrent encore plus de confort. Les chambres sont meubl\u00e9es avec des meubles modernes de haute qualit\u00e9, et ont une ambiance agr\u00e9able et intime.<\/p>\n<p>Tout l\u2019h\u00f4tel, y compris les chambres, est climatis\u00e9 ; chaque chambre a son acc\u00e8s Internet (par c\u00e2ble et par wi-fi), et l\u2019h\u00f4tel est conforme aux derni\u00e8res normes anti-incendie.<\/p>\n<h3>Pr\u00e8s des principaux axes routiers, tout en \u00e9tant situ\u00e9 dans un quartier calme<\/h3>\n<p>L\u2019h\u00f4tel est situ\u00e9 dans un quartier calme de Bratislava, entre des maisons individuelles, mais en m\u00eame temps \u00e0 seulement quelques rues des autoroutes D1 et D2, entre ces axes routiers importants.<\/p>\n<p>GPS: N48.126326426\u00b0, E17092033625\u00b0<\/p>\n<p>Les touristes passant par Bratislava appr\u00e9cieront \u00e9galement la proximit\u00e9 de la gare de Petr\u017ealka, par o\u00f9 passent tous les trains vers l\u2019Autriche et d\u2019o\u00f9 partent \u00e9galement des trains vers l\u2019est de la Slovaquie. Cette gare est situ\u00e9e \u00e0 environ 500 m\u00e8tres de l\u2019h\u00f4tel.<\/p>\n<p>Des arr\u00eats de bus sont \u00e9galement situ\u00e9s pr\u00e8s de l\u2019h\u00f4tel, permettant une liaison directe vers le centre ville. Pour les clients arrivant en voiture, vous pouvez vous garer dans le parking souterrain am\u00e9nag\u00e9 plac\u00e9 sous surveillance cam\u00e9ra permanente, ou devant le b\u00e2timent de l\u2019h\u00f4tel.<\/p>\n<p>L\u2019h\u00f4tel Viktor*** dispose d\u2019un restaurant avec un caf\u00e9, un bar et un salon priv\u00e9.<\/p>\n<h3>Nous sommes heureux de vous accueillir<\/h3>\n<p>Nos clients peuvent \u00eatre re\u00e7us tous les jours jusqu\u2019\u00e0 22h. Nous acceptons aussi des arriv\u00e9es plus tardives (merci de nous pr\u00e9venir \u00e0 l\u2019avance par email \u00e0 <a href=\"mailto:recepcia@hotelviktor.sk\">recepcia@hotelviktor.sk<\/a>).<\/p>\n<p>Vous trouverez plus d\u2019informations sur les chambres dans la section <a href=\"http:\/\/www.hotelviktor.sk\/fr\/?IDe=146524\">H\u00e9bergement<\/a>.<\/p>\n<p>[\/et_pb_text][\/et_pb_column][et_pb_column type=\u00a0\u00bb1_3&Prime;][et_pb_image _builder_version=\u00a0\u00bb3.0.73&Prime; src=\u00a0\u00bbhttp:\/\/www.hotelviktor.sk\/wp-content\/uploads\/2017\/12\/HV_i1_promo.jpg\u00a0\u00bb show_in_lightbox=\u00a0\u00bboff\u00a0\u00bb url_new_window=\u00a0\u00bboff\u00a0\u00bb use_overlay=\u00a0\u00bboff\u00a0\u00bb sticky=\u00a0\u00bboff\u00a0\u00bb align=\u00a0\u00bbleft\u00a0\u00bb always_center_on_mobile=\u00a0\u00bbon\u00a0\u00bb border_style=\u00a0\u00bbsolid\u00a0\u00bb force_fullwidth=\u00a0\u00bboff\u00a0\u00bb \/][\/et_pb_column][\/et_pb_row][et_pb_row _builder_version=\u00a0\u00bb3.0.73&Prime; custom_css_main_element=\u00a0\u00bbfloat: left;||padding-left: 6%;||width: 95%!important;||padding-top:0px;||padding-bottom:6%;||background-color:#fff;||padding-right: 4%;\u00a0\u00bb use_custom_gutter=\u00a0\u00bbon\u00a0\u00bb gutter_width=\u00a0\u00bb2&Prime;][et_pb_column type=\u00a0\u00bb4_4&Prime;][et_pb_gallery _builder_version=\u00a0\u00bb3.0.73&Prime; posts_number=\u00a0\u00bb30&Prime; show_title_and_caption=\u00a0\u00bboff\u00a0\u00bb show_pagination=\u00a0\u00bboff\u00a0\u00bb gallery_ids=\u00a0\u00bb556,557,555,621,575,634&Prime; fullwidth=\u00a0\u00bboff\u00a0\u00bb orientation=\u00a0\u00bblandscape\u00a0\u00bb zoom_icon_color=\u00a0\u00bb#ad060b\u00a0\u00bb hover_overlay_color=\u00a0\u00bbrgba(255,255,255,0.9)\u00a0\u00bb background_layout=\u00a0\u00bblight\u00a0\u00bb border_style=\u00a0\u00bbsolid\u00a0\u00bb hover_icon=\u00a0\u00bb%%43%%\u00a0\u00bb custom_css_main_element=\u00a0\u00bbmargin-bottom:20px;\u00a0\u00bb \/][\/et_pb_column][\/et_pb_row][\/et_pb_section]<\/p>\n","protected":false},"excerpt":{"rendered":"<p>H\u00f4tel construit en 2011 Cet h\u00f4tel moderne nouvellement construit pr\u00e8s du centre de Bratislava propose un h\u00e9bergement de haut de gamme pour une client\u00e8le d\u2019affaires, des familles avec enfants, des touristes et en ce moment pour les amateurs de diff\u00e9rentes manifestations. L\u2019h\u00f4tel Viktor*** dispose de 39 chambres d\u2019une capacit\u00e9 totale de 82 lits. Nous avons [&hellip;]<\/p>\n","protected":false},"author":1,"featured_media":0,"parent":0,"menu_order":0,"comment_status":"closed","ping_status":"closed","template":"","meta":{"_et_pb_use_builder":"on","_et_pb_old_content":"","_et_gb_content_width":"","footnotes":""},"class_list":["post-1617","page","type-page","status-publish","hentry"],"_links":{"self":[{"href":"https:\/\/www.hotelviktor.sk\/fr\/wp-json\/wp\/v2\/pages\/1617"}],"collection":[{"href":"https:\/\/www.hotelviktor.sk\/fr\/wp-json\/wp\/v2\/pages"}],"about":[{"href":"https:\/\/www.hotelviktor.sk\/fr\/wp-json\/wp\/v2\/types\/page"}],"author":[{"embeddable":true,"href":"https:\/\/www.hotelviktor.sk\/fr\/wp-json\/wp\/v2\/users\/1"}],"replies":[{"embeddable":true,"href":"https:\/\/www.hotelviktor.sk\/fr\/wp-json\/wp\/v2\/comments?post=1617"}],"version-history":[{"count":2,"href":"https:\/\/www.hotelviktor.sk\/fr\/wp-json\/wp\/v2\/pages\/1617\/revisions"}],"predecessor-version":[{"id":1619,"href":"https:\/\/www.hotelviktor.sk\/fr\/wp-json\/wp\/v2\/pages\/1617\/revisions\/1619"}],"wp:attachment":[{"href":"https:\/\/www.hotelviktor.sk\/fr\/wp-json\/wp\/v2\/media?parent=1617"}],"curies":[{"name":"wp","href":"https:\/\/api.w.org\/{rel}","templated":true}]}}