{"id":1026,"date":"2018-01-10T16:14:46","date_gmt":"2018-01-10T15:14:46","guid":{"rendered":"http:\/\/www.hotelviktor.sk\/hebergement\/chambre-double-pour-personnes-handicapees\/"},"modified":"2018-02-01T15:04:11","modified_gmt":"2018-02-01T14:04:11","slug":"chambre-double-pour-personnes-handicapees","status":"publish","type":"page","link":"https:\/\/www.hotelviktor.sk\/fr\/hebergement\/chambre-double-pour-personnes-handicapees\/","title":{"rendered":"Chambre double pour personnes handicap\u00e9es"},"content":{"rendered":"<p>[et_pb_section bb_built=\u00a0\u00bb1&Prime; _builder_version=\u00a0\u00bb3.0.73&Prime; background_size=\u00a0\u00bbinitial\u00a0\u00bb background_position=\u00a0\u00bbtop_right\u00a0\u00bb transparent_background=\u00a0\u00bbon\u00a0\u00bb][et_pb_row _builder_version=\u00a0\u00bb3.0.73&Prime; background_color=\u00a0\u00bb#ffffff\u00a0\u00bb custom_css_main_element=\u00a0\u00bbfloat: left;||padding-left: 6%;||width: 95%!important;||padding-top:0px;\u00a0\u00bb background_position=\u00a0\u00bbtop_left\u00a0\u00bb background_repeat=\u00a0\u00bbrepeat\u00a0\u00bb background_size=\u00a0\u00bbinitial\u00a0\u00bb][et_pb_column type=\u00a0\u00bb2_3&Prime;][et_pb_post_title _builder_version=\u00a0\u00bb3.0.73&Prime; title=\u00a0\u00bbon\u00a0\u00bb meta=\u00a0\u00bboff\u00a0\u00bb author=\u00a0\u00bbon\u00a0\u00bb date=\u00a0\u00bbon\u00a0\u00bb categories=\u00a0\u00bbon\u00a0\u00bb comments=\u00a0\u00bbon\u00a0\u00bb featured_image=\u00a0\u00bboff\u00a0\u00bb featured_placement=\u00a0\u00bbbelow\u00a0\u00bb parallax_method=\u00a0\u00bbon\u00a0\u00bb text_orientation=\u00a0\u00bbleft\u00a0\u00bb text_color=\u00a0\u00bbdark\u00a0\u00bb text_background=\u00a0\u00bboff\u00a0\u00bb border_style=\u00a0\u00bbsolid\u00a0\u00bb custom_css_main_element=\u00a0\u00bbpadding-top:4%;\u00a0\u00bb \/][et_pb_text _builder_version=\u00a0\u00bb3.0.73&Prime; background_layout=\u00a0\u00bblight\u00a0\u00bb text_orientation=\u00a0\u00bbleft\u00a0\u00bb border_style=\u00a0\u00bbsolid\u00a0\u00bb]<\/p>\n<p>La chambre double construite sp\u00e9cialement pour les clients \u00e0 mobilit\u00e9 r\u00e9duite propose un haut niveau de confort et de libert\u00e9 de d\u00e9placement. La chambre est enti\u00e8rement adapt\u00e9e aux attentes des clients : portes plus larges, plus de place \u00e0 l\u2019int\u00e9rieur de la chambre et un coin douche sp\u00e9cialement \u00e9quip\u00e9 avec des mains-courantes et des aides pour faciliter la manipulation.<\/p>\n<p>Comme les autres chambres, celle-ci propose un standard d\u2019h\u00e9bergement sup\u00e9rieur, comprenant :<\/p>\n<ul>\n<li>Acc\u00e8s avec une carte \u00e0 puces, utilis\u00e9e pour le parking ou pour payer au restaurant<\/li>\n<li>Un t\u00e9l\u00e9viseur LCD (30 programmes, y compris des cha\u00eenes d\u2019informations \u00e9trang\u00e8res)<\/li>\n<li>Wi-fi et connexion par c\u00e2ble<\/li>\n<li>Coffre-fort dans la chambre<\/li>\n<li>T\u00e9l\u00e9phone<\/li>\n<li>Bureau<\/li>\n<\/ul>\n<p>Puisque l\u2019h\u00f4tel Viktor n\u2019a ouvert ses portes qu\u2019en 2011, toutes les chambres sont dans un \u00e9tat impeccable. L\u2019h\u00f4tel satisfait \u00e9galement aux normes les plus strictes concernant la s\u00e9curit\u00e9 des clients h\u00e9berg\u00e9s.<\/p>\n<p>[\/et_pb_text][et_pb_button _builder_version=\u00a0\u00bb3.0.73&Prime; button_text=\u00a0\u00bbr\u00e9serve\u00a0\u00bb button_url=\u00a0\u00bbhttp:\/\/www.hotelviktor.sk\/rezervacia?izba=Bezbari\u00e9rov\u00e1 dvojl\u00f4\u017ekov\u00e1 izba\u00a0\u00bb url_new_window=\u00a0\u00bboff\u00a0\u00bb button_alignment=\u00a0\u00bbleft\u00a0\u00bb background_layout=\u00a0\u00bblight\u00a0\u00bb custom_button=\u00a0\u00bbon\u00a0\u00bb button_letter_spacing=\u00a0\u00bb0&Prime; button_icon_placement=\u00a0\u00bbright\u00a0\u00bb button_letter_spacing_hover=\u00a0\u00bb0&Prime; button_text_size=\u00a0\u00bb16&Prime; button_border_radius=\u00a0\u00bb0&Prime; \/][\/et_pb_column][et_pb_column type=\u00a0\u00bb1_3&Prime;][et_pb_image _builder_version=\u00a0\u00bb3.0.73&Prime; src=\u00a0\u00bbhttp:\/\/www.hotelviktor.sk\/wp-content\/uploads\/2017\/12\/FV_i3_promo.jpg\u00a0\u00bb show_in_lightbox=\u00a0\u00bboff\u00a0\u00bb url_new_window=\u00a0\u00bboff\u00a0\u00bb use_overlay=\u00a0\u00bboff\u00a0\u00bb sticky=\u00a0\u00bboff\u00a0\u00bb align=\u00a0\u00bbleft\u00a0\u00bb always_center_on_mobile=\u00a0\u00bbon\u00a0\u00bb border_style=\u00a0\u00bbsolid\u00a0\u00bb force_fullwidth=\u00a0\u00bboff\u00a0\u00bb \/][\/et_pb_column][\/et_pb_row][et_pb_row _builder_version=\u00a0\u00bb3.0.73&Prime; custom_css_main_element=\u00a0\u00bbfloat: left;||padding-left: 6%;||padding-right: 4%;||width: 95%!important;||padding-top:0px;||padding-bottom:6%;||background-color:#fff;\u00a0\u00bb use_custom_gutter=\u00a0\u00bbon\u00a0\u00bb gutter_width=\u00a0\u00bb2&Prime;][et_pb_column type=\u00a0\u00bb4_4&Prime;][et_pb_gallery _builder_version=\u00a0\u00bb3.0.73&Prime; posts_number=\u00a0\u00bb30&Prime; show_title_and_caption=\u00a0\u00bboff\u00a0\u00bb show_pagination=\u00a0\u00bboff\u00a0\u00bb gallery_ids=\u00a0\u00bb495,627,626,625,607,609,494,484&Prime; fullwidth=\u00a0\u00bboff\u00a0\u00bb orientation=\u00a0\u00bblandscape\u00a0\u00bb zoom_icon_color=\u00a0\u00bb#ad060b\u00a0\u00bb hover_overlay_color=\u00a0\u00bbrgba(255,255,255,0.9)\u00a0\u00bb background_layout=\u00a0\u00bblight\u00a0\u00bb border_style=\u00a0\u00bbsolid\u00a0\u00bb hover_icon=\u00a0\u00bb%%43%%\u00a0\u00bb custom_css_main_element=\u00a0\u00bbmargin-bottom:20px;\u00a0\u00bb \/][\/et_pb_column][\/et_pb_row][\/et_pb_section]<\/p>\n","protected":false},"excerpt":{"rendered":"<p>La chambre double construite sp\u00e9cialement pour les clients \u00e0 mobilit\u00e9 r\u00e9duite propose un haut niveau de confort et de libert\u00e9 de d\u00e9placement. La chambre est enti\u00e8rement adapt\u00e9e aux attentes des clients : portes plus larges, plus de place \u00e0 l\u2019int\u00e9rieur de la chambre et un coin douche sp\u00e9cialement \u00e9quip\u00e9 avec des mains-courantes et des aides [&hellip;]<\/p>\n","protected":false},"author":1,"featured_media":0,"parent":878,"menu_order":0,"comment_status":"closed","ping_status":"closed","template":"","meta":{"_et_pb_use_builder":"on","_et_pb_old_content":"","_et_gb_content_width":"","footnotes":""},"class_list":["post-1026","page","type-page","status-publish","hentry"],"_links":{"self":[{"href":"https:\/\/www.hotelviktor.sk\/fr\/wp-json\/wp\/v2\/pages\/1026"}],"collection":[{"href":"https:\/\/www.hotelviktor.sk\/fr\/wp-json\/wp\/v2\/pages"}],"about":[{"href":"https:\/\/www.hotelviktor.sk\/fr\/wp-json\/wp\/v2\/types\/page"}],"author":[{"embeddable":true,"href":"https:\/\/www.hotelviktor.sk\/fr\/wp-json\/wp\/v2\/users\/1"}],"replies":[{"embeddable":true,"href":"https:\/\/www.hotelviktor.sk\/fr\/wp-json\/wp\/v2\/comments?post=1026"}],"version-history":[{"count":6,"href":"https:\/\/www.hotelviktor.sk\/fr\/wp-json\/wp\/v2\/pages\/1026\/revisions"}],"predecessor-version":[{"id":1842,"href":"https:\/\/www.hotelviktor.sk\/fr\/wp-json\/wp\/v2\/pages\/1026\/revisions\/1842"}],"up":[{"embeddable":true,"href":"https:\/\/www.hotelviktor.sk\/fr\/wp-json\/wp\/v2\/pages\/878"}],"wp:attachment":[{"href":"https:\/\/www.hotelviktor.sk\/fr\/wp-json\/wp\/v2\/media?parent=1026"}],"curies":[{"name":"wp","href":"https:\/\/api.w.org\/{rel}","templated":true}]}}