{"id":860,"date":"2018-01-10T14:47:32","date_gmt":"2018-01-10T13:47:32","guid":{"rendered":"http:\/\/www.hotelviktor.sk\/reservaciones\/"},"modified":"2018-02-23T15:41:51","modified_gmt":"2018-02-23T14:41:51","slug":"reservaciones","status":"publish","type":"page","link":"https:\/\/www.hotelviktor.sk\/es\/reservaciones\/","title":{"rendered":"Reservaciones"},"content":{"rendered":"<p>[et_pb_section bb_built=\u00bb1&#8243; transparent_background=\u00bbon\u00bb _builder_version=\u00bb3.0.73&#8243; background_size=\u00bbinitial\u00bb background_position=\u00bbtop_right\u00bb background_color=\u00bbrgba(255,255,255,0)\u00bb][et_pb_row background_color=\u00bb#ffffff\u00bb _builder_version=\u00bb3.0.73&#8243; background_size=\u00bbinitial\u00bb background_position=\u00bbtop_left\u00bb background_repeat=\u00bbrepeat\u00bb custom_css_main_element=\u00bbfloat: left;||padding-left: 6%;||width: 95%!important;||padding-top:0px;\u00bb][et_pb_column type=\u00bb2_3&#8243;][et_pb_post_title meta=\u00bboff\u00bb featured_image=\u00bboff\u00bb _builder_version=\u00bb3.0.73&#8243; custom_css_main_element=\u00bbpadding-top:4%;\u00bb parallax_method=\u00bboff\u00bb]<\/p>\n<p>&nbsp;<\/p>\n<p>[\/et_pb_post_title][et_pb_text _builder_version=\u00bb3.0.105&#8243; background_layout=\u00bblight\u00bb]<\/p>\n<h2>Estimados clientes,<\/h2>\n<p>rellene el formulario, ingrese la direcci\u00f3n de correo electr\u00f3nico correcta y el n\u00famero de tel\u00e9fono con el prefijo tambi\u00e9n.<\/p>\n<p>Nos contactaremos con usted de inmediato.<\/p>\n<p>\u00a1Esperamos su visita!<\/p>\n<p><strong><span id=\"result_box\" class=\"\" lang=\"en\"><span class=\"\">The filled out reservation form has the character of a pre-order.<\/span> It is not a binding reservation. <span class=\"\">To make a binding reservation, please follow the instructions given to you by telephone or mail.<\/span><\/span><\/strong><\/p>\n<div class=\"caldera-grid\" id=\"caldera_form_1\" data-cf-ver=\"1.5.9.1\" data-cf-form-id=\"CF5a5768060c6fe\"><div id=\"caldera_notices_1\" data-spinner=\"https:\/\/www.hotelviktor.sk\/wp-admin\/images\/spinner.gif\"><\/div><form data-instance=\"1\" class=\"CF5a5768060c6fe caldera_forms_form\" method=\"POST\" enctype=\"multipart\/form-data\" id=\"CF5a5768060c6fe_1\" data-form-id=\"CF5a5768060c6fe\" aria-label=\"Resevation\">\r\n<input type=\"hidden\" id=\"_cf_verify_CF5a5768060c6fe\" name=\"_cf_verify\" value=\"c8123547db\"  data-nonce-time=\"1777133562\" \/><input type=\"hidden\" name=\"_wp_http_referer\" value=\"\/es\/wp-json\/wp\/v2\/pages\/860\" \/><input type=\"hidden\" name=\"_cf_frm_id\" value=\"CF5a5768060c6fe\">\r\n<input type=\"hidden\" name=\"_cf_frm_ct\" value=\"1\">\r\n<input type=\"hidden\" name=\"_cf_cr_pst\" value=\"860\">\r\n<div class=\"hide\" style=\"display:none; overflow:hidden;height:0;width:0;\">\r\n<label>Url<\/label><input type=\"text\" name=\"url\" value=\"\" autocomplete=\"off\">\r\n<\/div><div id=\"CF5a5768060c6fe_1-row-1\"  class=\"row  first_row\"><div  class=\"col-sm-12  single\"><div class=\"\"><label>Room<\/label><\/div><div data-field-wrapper=\"fld_3384806\" class=\"form-group\" id=\"fld_3384806_1-wrap\">\r\n\t<label id=\"fld_3384806Label\" for=\"fld_3384806_1\" class=\"control-label screen-reader-text sr-only\">Izba<\/label>\r\n\t<div class=\"\">\r\n\t\t<select name=\"fld_3384806\" value=\"\" data-field=\"fld_3384806\" class=\"form-control\" id=\"fld_3384806_1\"  required=\"required\"  aria-labelledby=\"fld_3384806Label\" >\n\t\t<option value=\"\" disabled selected>choose a room<\/option>\t\t\t\t\t<option value=\"Dvojl\u00f4\u017ekov\u00e1 izba \u0160TANDARD\"  data-calc-value=\"Dvojl\u00f4\u017ekov\u00e1 izba \u0160TANDARD\" >\n\t\t\t\t\t\tDouble room STANDARD\t\t\t\t\t<\/option>\n\t\t\t\t\t\t\t\t\t\t<option value=\"Dvojl\u00f4\u017ekov\u00e1 izba BIZNIS\"  data-calc-value=\"Dvojl\u00f4\u017ekov\u00e1 izba BIZNIS\" >\n\t\t\t\t\t\tDouble room BIZNIS\t\t\t\t\t<\/option>\n\t\t\t\t\t\t\t\t\t\t<option value=\"Bezbari\u00e9rov\u00e1 dvojl\u00f4\u017ekov\u00e1 izba\"  data-calc-value=\"Bezbari\u00e9rov\u00e1 dvojl\u00f4\u017ekov\u00e1 izba\" >\n\t\t\t\t\t\tBarrier - free double room\t\t\t\t\t<\/option>\n\t\t\t\t\t\t\t\t\t\t<option value=\"Apartm\u00e1n FRIENDS\"  data-calc-value=\"Apartm\u00e1n FRIENDS\" >\n\t\t\t\t\t\tApartment FRIENDS\t\t\t\t\t<\/option>\n\t\t\t\t\t\t\t\t\t\t<option value=\"Apartm\u00e1n FAMILY\"  data-calc-value=\"Apartm\u00e1n FAMILY\" >\n\t\t\t\t\t\tApartment FAMILY\t\t\t\t\t<\/option>\n\t\t\t\t\t\t\t<\/select>\n\t\t\t<\/div>\r\n<\/div>\r\n<div data-field-wrapper=\"fld_2417885\" class=\"form-group\" id=\"fld_2417885_1-wrap\">\r\n\t<label id=\"fld_2417885Label\" for=\"fld_2417885_1\" class=\"control-label\">Number of rooms <span aria-hidden=\"true\" role=\"presentation\" class=\"field_required\" style=\"color:#ee0000;\">*<\/span><\/label>\r\n\t<div class=\"\">\r\n\t\t<input   required type=\"number\" data-field=\"fld_2417885\" class=\" form-control\" id=\"fld_2417885_1\" name=\"fld_2417885\" value=\"\" data-type=\"number\" min=\"1\" max=\"20\" data-parsley-type=\"number\" aria-required=\"true\"   aria-labelledby=\"fld_2417885Label\" >\t\t\t<\/div>\r\n<\/div>\r\n<\/div><\/div><div id=\"CF5a5768060c6fe_1-row-2\"  class=\"row \"><div  class=\"col-sm-12  single\"><hr id=\"fld_4833029_1\" class=\"\" style=\"width: 100%\" \/><div class=\"\"><h2>Date of stay:<\/h2><\/div><\/div><\/div><div id=\"CF5a5768060c6fe_1-row-3\"  class=\"row \"><div  class=\"col-sm-6  first_col\">\n<div data-field-wrapper=\"fld_6722163\" class=\"form-group\" id=\"fld_6722163_1-wrap\">\r\n\t<label id=\"fld_6722163Label\" for=\"fld_6722163_1\" class=\"control-label\">Date of arrival <span aria-hidden=\"true\" role=\"presentation\" class=\"field_required\" style=\"color:#ee0000;\">*<\/span><\/label>\r\n\t<div class=\"\">\r\n\t\t<input  type=\"text\" data-provide=\"cfdatepicker\" name=\"fld_6722163\" value=\"\" id=\"fld_6722163_1\" data-field=\"fld_6722163\" class=\"form-control cfdatepicker is-cfdatepicker\" data-date-format=\"dd-mm-yyyy\" required=\"1\" data-date-start-view=\"month\" data-date-end-date=\"+1y\"   aria-labelledby=\"fld_6722163Label\" required  \/>\n\t\t\t<\/div>\r\n<\/div>\r\n<\/div><div  class=\"col-sm-6  last_col\">\n<div data-field-wrapper=\"fld_7574009\" class=\"form-group\" id=\"fld_7574009_1-wrap\">\r\n\t<label id=\"fld_7574009Label\" for=\"fld_7574009_1\" class=\"control-label\">Date of departure <span aria-hidden=\"true\" role=\"presentation\" class=\"field_required\" style=\"color:#ee0000;\">*<\/span><\/label>\r\n\t<div class=\"\">\r\n\t\t<input  type=\"text\" data-provide=\"cfdatepicker\" name=\"fld_7574009\" value=\"\" id=\"fld_7574009_1\" data-field=\"fld_7574009\" class=\"form-control cfdatepicker is-cfdatepicker\" data-date-format=\"dd-mm-yyyy\" required=\"1\" data-date-start-view=\"month\" data-date-end-date=\"+1y\"   aria-labelledby=\"fld_7574009Label\" required  \/>\n\t\t\t<\/div>\r\n<\/div>\r\n<\/div><\/div><div id=\"CF5a5768060c6fe_1-row-4\"  class=\"row \"><div  class=\"col-sm-12  single\"><hr id=\"fld_8930679_1\" class=\"\" style=\"width: 100%\" \/><\/div><\/div><div id=\"CF5a5768060c6fe_1-row-5\"  class=\"row  last_row\"><div  class=\"col-sm-12  single\"><div class=\"\"><h2>Your details:<\/h2><\/div><div data-field-wrapper=\"fld_9072181\" class=\"form-group\" id=\"fld_9072181_1-wrap\">\r\n\t<label id=\"fld_9072181Label\" for=\"fld_9072181_1\" class=\"control-label\">Name <span aria-hidden=\"true\" role=\"presentation\" class=\"field_required\" style=\"color:#ee0000;\">*<\/span><\/label>\r\n\t<div class=\"\">\r\n\t\t<input   required type=\"text\" data-field=\"fld_9072181\" class=\" form-control\" id=\"fld_9072181_1\" name=\"fld_9072181\" value=\"\" data-type=\"text\" aria-required=\"true\"   aria-labelledby=\"fld_9072181Label\" >\t\t\t<\/div>\r\n<\/div>\r\n<div data-field-wrapper=\"fld_8707952\" class=\"form-group\" id=\"fld_8707952_1-wrap\">\r\n\t<label id=\"fld_8707952Label\" for=\"fld_8707952_1\" class=\"control-label\">Surname <span aria-hidden=\"true\" role=\"presentation\" class=\"field_required\" style=\"color:#ee0000;\">*<\/span><\/label>\r\n\t<div class=\"\">\r\n\t\t<input   required type=\"text\" data-field=\"fld_8707952\" class=\" form-control\" id=\"fld_8707952_1\" name=\"fld_8707952\" value=\"\" data-type=\"text\" aria-required=\"true\"   aria-labelledby=\"fld_8707952Label\" >\t\t\t<\/div>\r\n<\/div>\r\n<div data-field-wrapper=\"fld_5867647\" class=\"form-group\" id=\"fld_5867647_1-wrap\">\r\n\t<label id=\"fld_5867647Label\" for=\"fld_5867647_1\" class=\"control-label\">E-mail <span aria-hidden=\"true\" role=\"presentation\" class=\"field_required\" style=\"color:#ee0000;\">*<\/span><\/label>\r\n\t<div class=\"\">\r\n\t\t<input   required type=\"email\" data-field=\"fld_5867647\" class=\" form-control\" id=\"fld_5867647_1\" name=\"fld_5867647\" value=\"\" data-type=\"email\" aria-required=\"true\"   aria-labelledby=\"fld_5867647Label\" >\t\t\t<\/div>\r\n<\/div>\r\n<div data-field-wrapper=\"fld_9206730\" class=\"form-group\" id=\"fld_9206730_1-wrap\">\r\n\t<label id=\"fld_9206730Label\" for=\"fld_9206730_1\" class=\"control-label\">Phone <span aria-hidden=\"true\" role=\"presentation\" class=\"field_required\" style=\"color:#ee0000;\">*<\/span><\/label>\r\n\t<div class=\"\">\r\n\t\t<input   required type=\"tel\" data-field=\"fld_9206730\" class=\" form-control\" id=\"fld_9206730_1\" name=\"fld_9206730\" value=\"\" data-type=\"phone_better\" aria-required=\"true\"   aria-labelledby=\"fld_9206730Label\" >\t\t\t<\/div>\r\n<\/div>\r\n<div data-field-wrapper=\"fld_8222412\" class=\"form-group\" id=\"fld_8222412_1-wrap\">\r\n\t<label id=\"fld_8222412Label\" for=\"fld_8222412_1\" class=\"control-label\">Report to us<\/label>\r\n\t<div class=\"\">\r\n\t\t<textarea name=\"fld_8222412\" value=\"\" data-field=\"fld_8222412\" class=\"form-control\" id=\"fld_8222412_1\" rows=\"4\"    aria-labelledby=\"fld_8222412Label\" ><\/textarea>\n\t\t\t<\/div>\r\n<\/div>\r\n<div data-field-wrapper=\"fld_9619823\" class=\"form-group\" id=\"fld_9619823_1-wrap\">\r\n\n\n\n<div class=\"\">\r\n\n<input   required type=\"hidden\" data-field=\"fld_9619823\" class=\" form-control\" id=\"fld_9619823_1\" name=\"fld_9619823\" value=\"\" data-type=\"recaptcha\" aria-required=\"true\"   aria-labelledby=\"fld_9619823Label\" >\n\t<div id=\"capfld_9619823_1\"><\/div>\n\n<script>\n\tif(!window.cf_anti_loading_recaptcha) {\n\t\twindow.cf_anti_loading_recaptcha = true;\n\t\tjQuery('.cf_anti_capfld').html('');\n\t\tjQuery('script[src=\"https:\/\/www.google.com\/recaptcha\/api.js?onload=cf_recaptcha_is_ready&render=6Ld45Y0oAAAAAAM2L81bPRl5geIL-K5zMmqCN8Bm&hl=es_ES\"]').remove();\n\t\tjQuery('<script>').attr('src', \"https:\/\/www.google.com\/recaptcha\/api.js?onload=cf_recaptcha_is_ready&render=6Ld45Y0oAAAAAAM2L81bPRl5geIL-K5zMmqCN8Bm&hl=es_ES\").appendTo('body');\n\t}\n<\/script>\n\n\n<\/div>\r\n\n<\/div>\r\n<div data-field-wrapper=\"fld_2924602\" class=\"form-group\" id=\"fld_2924602_1-wrap\">\r\n<div class=\"\">\r\n\t<input  class=\"btn btn-default\" type=\"submit\" name=\"fld_2924602\" id=\"fld_2924602_1\" value=\"Make a reservation\" data-field=\"fld_2924602\"  >\n<\/div>\r\n<\/div>\r\n\t<input class=\"button_trigger_1\" type=\"hidden\" name=\"fld_2924602\" id=\"fld_2924602_1_btn\" value=\"\" data-field=\"fld_2924602\"  \/>\n<\/div><\/div><\/form>\r\n<\/div>\r\n\n<p>[\/et_pb_text][\/et_pb_column][et_pb_column type=\u00bb1_3&#8243;][et_pb_image src=\u00bbhttp:\/\/www.hotelviktor.sk\/wp-content\/uploads\/2017\/11\/img_01.jpg\u00bb _builder_version=\u00bb3.0.73&#8243; show_bottom_space=\u00bbon\u00bb]<\/p>\n<p>&nbsp;<\/p>\n<p>[\/et_pb_image][\/et_pb_column][\/et_pb_row][\/et_pb_section]<\/p>\n","protected":false},"excerpt":{"rendered":"<p>&nbsp; Estimados clientes, rellene el formulario, ingrese la direcci\u00f3n de correo electr\u00f3nico correcta y el n\u00famero de tel\u00e9fono con el prefijo tambi\u00e9n. Nos contactaremos con usted de inmediato. \u00a1Esperamos su visita! The filled out reservation form has the character of a pre-order. It is not a binding reservation. To make a binding reservation, please follow [&hellip;]<\/p>\n","protected":false},"author":1,"featured_media":0,"parent":0,"menu_order":0,"comment_status":"closed","ping_status":"closed","template":"","meta":{"_et_pb_use_builder":"on","_et_pb_old_content":"","_et_gb_content_width":"","footnotes":""},"class_list":["post-860","page","type-page","status-publish","hentry"],"_links":{"self":[{"href":"https:\/\/www.hotelviktor.sk\/es\/wp-json\/wp\/v2\/pages\/860"}],"collection":[{"href":"https:\/\/www.hotelviktor.sk\/es\/wp-json\/wp\/v2\/pages"}],"about":[{"href":"https:\/\/www.hotelviktor.sk\/es\/wp-json\/wp\/v2\/types\/page"}],"author":[{"embeddable":true,"href":"https:\/\/www.hotelviktor.sk\/es\/wp-json\/wp\/v2\/users\/1"}],"replies":[{"embeddable":true,"href":"https:\/\/www.hotelviktor.sk\/es\/wp-json\/wp\/v2\/comments?post=860"}],"version-history":[{"count":6,"href":"https:\/\/www.hotelviktor.sk\/es\/wp-json\/wp\/v2\/pages\/860\/revisions"}],"predecessor-version":[{"id":1898,"href":"https:\/\/www.hotelviktor.sk\/es\/wp-json\/wp\/v2\/pages\/860\/revisions\/1898"}],"wp:attachment":[{"href":"https:\/\/www.hotelviktor.sk\/es\/wp-json\/wp\/v2\/media?parent=860"}],"curies":[{"name":"wp","href":"https:\/\/api.w.org\/{rel}","templated":true}]}}