{"id":813,"date":"2018-01-10T14:08:41","date_gmt":"2018-01-10T13:08:41","guid":{"rendered":"http:\/\/www.hotelviktor.sk\/casa\/"},"modified":"2022-11-29T19:03:10","modified_gmt":"2022-11-29T18:03:10","slug":"casa","status":"publish","type":"page","link":"https:\/\/www.hotelviktor.sk\/es\/","title":{"rendered":"Casa"},"content":{"rendered":"<p>[et_pb_section fb_built=\u00bb1&#8243; fullwidth=\u00bbon\u00bb _builder_version=\u00bb3.0.105&#8243; max_width=\u00bb95%\u00bb max_width_phone=\u00bb100%\u00bb max_width_last_edited=\u00bbon|tablet\u00bb][et_pb_fullwidth_code _builder_version=\u00bb3.0.105&#8243; custom_css_main_element=\u00bbpadding-top:0px!important;\u00bb]\t\t\t<rs-module-wrap id=\"rev_slider_error_1_wrapper\">\n\t\t\t\t<rs-module id=\"rev_slider_error_1\">\n\t\t\t\t\t<div class=\"rs_error_message_box\">\n\t\t\t\t\t\t<div class=\"rs_error_message_oops\">There is nothing to show here!<\/div>\n\t\t\t\t\t\t<div class=\"rs_error_message_content\">Slider with alias &quot;change&quot; not found.<\/div>\n\t\t\t\t\t<\/div>\n\t\t\t\t<\/rs-module>\n\t\t\t<\/rs-module-wrap>\n\t\t\t<script>\n\t\t\t\tvar rs_eslider = document.getElementById(\"rev_slider_error_1\");\n\t\t\t\trs_eslider.style.display = \"none\";\n\t\t\t\tconsole.log(\"Slider with alias &quot;change&quot; not found.\");\n\t\t\t<\/script>\n[\/et_pb_fullwidth_code][\/et_pb_section][et_pb_section fb_built=\u00bb1&#8243; background_color=\u00bbrgba(255,255,255,0)\u00bb disabled_on=\u00bbon||\u00bb _builder_version=\u00bb3.0.105&#8243; background_size=\u00bbinitial\u00bb background_position=\u00bbtop_right\u00bb custom_css_main_element=\u00bbmargin-top:0px;\u00bb transparent_background=\u00bbon\u00bb][et_pb_row make_equal=\u00bbon\u00bb background_color=\u00bb#ffffff\u00bb bg_img_2=\u00bbhttps:\/\/www.hotelviktor.sk\/wp-content\/uploads\/2017\/11\/logo_bg.png\u00bb background_size_2=\u00bbcontain\u00bb background_repeat_2=\u00bbno-repeat\u00bb background_blend_2=\u00bbsoft-light\u00bb use_background_color_gradient_2=\u00bbon\u00bb background_color_gradient_start_2=\u00bb#1a3d0c\u00bb background_color_gradient_end_2=\u00bb#036300&#8243; background_color_gradient_direction_2=\u00bb162deg\u00bb custom_css_main_2=\u00bbpadding-top:5%;\u00bb _builder_version=\u00bb3.0.105&#8243; custom_css_main_element=\u00bbfloat: left;||padding-left: 6%;||width: 95%!important;||padding-top:0px;||padding-bottom: 0px;\u00bb][et_pb_column type=\u00bb2_3&#8243; _builder_version=\u00bb3.0.47&#8243; parallax=\u00bboff\u00bb parallax_method=\u00bbon\u00bb][et_pb_text _builder_version=\u00bb3.0.73&#8243; custom_css_main_element=\u00bbpadding-top: 4%;||\u00bb border_style=\u00bbsolid\u00bb]<\/p>\n<h1>Vitajte na str\u00e1nkach <span style=\"color: #ad060b;\">hotela Viktor<\/span><\/h1>\n<p>Novopostaven\u00fd modern\u00fd hotel v bl\u00edzkosti centra Bratislava pon\u00faka vysok\u00fd \u0161tandard ubytovania pre biznis klientelu, turistov \u010di rodiny s de\u0165mi. Hotel Viktor disponuje vlastnou re\u0161taur\u00e1ciou, barom, non-stop recepciou a str\u00e1\u017een\u00fdm podzemn\u00fdm parkoviskom. Bl\u00edzkos\u0165 v\u00fdstaviska Incheba, \u017eelezni\u010dnej stanice Petr\u017ealka, \u010di dia\u013en\u00edc D1 a D2 ho predur\u010duj\u00fa k ubytovaniu host\u00ed, ktor\u00ed h\u013eadaj\u00fa luxus bl\u00edzkosti.<br \/>\n[\/et_pb_text][et_pb_button button_url=\u00bbhttp:\/\/www.hotelviktor.sk\/vitajte-na-strankach-hotela-viktor\u00bb button_text=\u00bbleer m\u00e1s\u00bb button_alignment=\u00bbleft\u00bb _builder_version=\u00bb3.0.73&#8243; custom_button=\u00bbon\u00bb button_text_size=\u00bb16&#8243; button_border_radius=\u00bb0&#8243; animation_style=\u00bbslide\u00bb animation_delay=\u00bb200ms\u00bb custom_css_main_element=\u00bbmargin-bottom:4% !important;\u00bb][\/et_pb_button][\/et_pb_column][et_pb_column type=\u00bb1_3&#8243; _builder_version=\u00bb3.0.47&#8243; bg_img=\u00bbhttps:\/\/www.hotelviktor.sk\/wp-content\/uploads\/2017\/11\/logo_bg.png\u00bb parallax=\u00bboff\u00bb parallax_method=\u00bbon\u00bb background_size=\u00bbcontain\u00bb background_repeat=\u00bbno-repeat\u00bb background_blend=\u00bbsoft-light\u00bb use_background_color_gradient=\u00bbon\u00bb background_color_gradient_start=\u00bb#1a3d0c\u00bb background_color_gradient_end=\u00bb#036300&#8243; background_color_gradient_direction=\u00bb162deg\u00bb custom_css_main=\u00bbpadding-top:5%;\u00bb][et_pb_text background_layout=\u00bbdark\u00bb _builder_version=\u00bb3.0.105&#8243; text_orientation=\u00bbcenter\u00bb module_alignment=\u00bbcenter\u00bb custom_margin=\u00bb6%|||\u00bb animation_style=\u00bbbounce\u00bb custom_css_main_element=\u00bbpadding-top:4%;\u00bb]<\/p>\n<h2 style=\"font-size: 120px; line-height: 1em;\"><em><strong>70<span class=\"st\" style=\"font-size: 40px;\">\u20ac<\/span><\/strong><\/em><\/h2>\n<p>[\/et_pb_text][et_pb_text background_layout=\u00bbdark\u00bb _builder_version=\u00bb3.0.105&#8243; text_orientation=\u00bbcenter\u00bb module_alignment=\u00bbcenter\u00bb custom_margin=\u00bb6%|||\u00bb animation_style=\u00bbfade\u00bb animation_delay=\u00bb100ms\u00bb custom_css_main_element=\u00bbmargin-top: -70px !important;||padding-top: 0;\u00bb]za izbu za noc \/ 2 osoby<br \/>\n[\/et_pb_text][et_pb_button button_url=\u00bbhttp:\/\/www.hotelviktor.sk\/rezervacia\/\u00bb button_text=\u00bbreserva de habitaci\u00f3n\u00bb button_alignment=\u00bbcenter\u00bb background_layout=\u00bbdark\u00bb _builder_version=\u00bb3.0.105&#8243; custom_button=\u00bbon\u00bb button_text_size=\u00bb16&#8243; animation_style=\u00bbslide\u00bb animation_delay=\u00bb200ms\u00bb][\/et_pb_button][\/et_pb_column][\/et_pb_row][\/et_pb_section][et_pb_section fb_built=\u00bb1&#8243; disabled_on=\u00bb|on|on\u00bb _builder_version=\u00bb3.0.105&#8243; background_image=\u00bbhttps:\/\/www.hotelviktor.sk\/wp-content\/uploads\/2018\/10\/bg_mobile.jpg\u00bb background_repeat=\u00bbrepeat\u00bb custom_css_main_element=\u00bbmargin-top:0px !important;\u00bb][et_pb_row custom_padding=\u00bb15px|15px|15px|15px\u00bb custom_margin=\u00bb||15px|\u00bb background_color=\u00bbrgba(255,255,255,0.7)\u00bb _builder_version=\u00bb3.0.105&#8243;][et_pb_column type=\u00bb4_4&#8243; _builder_version=\u00bb3.0.47&#8243; parallax=\u00bboff\u00bb parallax_method=\u00bbon\u00bb][et_pb_text _builder_version=\u00bb3.0.105&#8243; custom_css_main_element=\u00bbpadding-top: 4%;||\u00bb border_style=\u00bbsolid\u00bb]<\/p>\n<h1>Vitajte na str\u00e1nkach <span style=\"color: #ad060b;\">hotela Viktor<\/span><\/h1>\n<p>Novopostaven\u00fd modern\u00fd hotel v bl\u00edzkosti centra Bratislava pon\u00faka vysok\u00fd \u0161tandard ubytovania pre biznis klientelu, turistov \u010di rodiny s de\u0165mi. Hotel Viktor disponuje vlastnou re\u0161taur\u00e1ciou, barom, non-stop recepciou a str\u00e1\u017een\u00fdm podzemn\u00fdm parkoviskom. Bl\u00edzkos\u0165 v\u00fdstaviska Incheba, \u017eelezni\u010dnej stanice Petr\u017ealka, \u010di dia\u013en\u00edc D1 a D2 ho predur\u010duj\u00fa k ubytovaniu host\u00ed, ktor\u00ed h\u013eadaj\u00fa luxus bl\u00edzkosti.<br \/>\n[\/et_pb_text][et_pb_button button_url=\u00bbhttp:\/\/www.hotelviktor.sk\/vitajte-na-strankach-hotela-viktor\u00bb button_text=\u00bbleer m\u00e1s\u00bb button_alignment=\u00bbleft\u00bb _builder_version=\u00bb3.0.105&#8243; custom_button=\u00bbon\u00bb button_text_size=\u00bb16&#8243; button_border_radius=\u00bb0&#8243; animation_style=\u00bbslide\u00bb animation_delay=\u00bb200ms\u00bb custom_css_main_element=\u00bbmargin-bottom:4% !important;\u00bb][\/et_pb_button][\/et_pb_column][\/et_pb_row][et_pb_row custom_padding=\u00bb|15px||15px\u00bb custom_margin=\u00bb||15px|\u00bb background_color=\u00bbrgba(255,255,255,0.7)\u00bb _builder_version=\u00bb3.0.105&#8243;][et_pb_column type=\u00bb4_4&#8243; _builder_version=\u00bb3.0.47&#8243; parallax=\u00bboff\u00bb parallax_method=\u00bbon\u00bb][et_pb_blurb title=\u00bbDvojl\u00f4\u017ekov\u00e1 izba \u0160TANDARD\u00bb url=\u00bbhttp:\/\/www.hotelviktor.sk\/ubytovanie\/dvojlozkova-izba-standard\/\u00bb image=\u00bbhttp:\/\/www.hotelviktor.sk\/wp-content\/uploads\/2017\/12\/HV_i1_promo_01.jpg\u00bb _builder_version=\u00bb3.0.105&#8243; header_font_size=\u00bb22&#8243; header_line_height=\u00bb1.4em\u00bb body_line_height=\u00bb1.4em\u00bb max_width_tablet=\u00bb50px\u00bb animation_style=\u00bbslide\u00bb animation=\u00bboff\u00bb custom_css_main_element=\u00bbpadding-bottom:30px !important;\u00bb custom_css_blurb_image=\u00bbmargin-bottom:10px!important;||\u00bb custom_css_blurb_title=\u00bbcolor:#ad060b;||padding-bottom:10px!important;||\u00bb saved_tabs=\u00bball\u00bb]Komfortn\u00e1, \u0161t\u00fdlovo zariaden\u00e1 izba pre dve osoby s pohodlnou man\u017eelskou poste\u013eou.<br \/>\n[\/et_pb_blurb][et_pb_button button_url=\u00bbhttp:\/\/www.hotelviktor.sk\/rezervacia?izba=Dvojl\u00f4\u017ekov\u00e1%20izba%20\u0160TANDARD\u00bb button_text=\u00bbRezervova\u0165\u00bb button_alignment=\u00bbleft\u00bb _builder_version=\u00bb3.0.73&#8243; custom_css_main_element=\u00bbbottom: 0px;||position: absolute;\u00bb][\/et_pb_button][\/et_pb_column][\/et_pb_row][et_pb_row custom_padding=\u00bb|15px||15px\u00bb custom_margin=\u00bb||15px|\u00bb background_color=\u00bbrgba(255,255,255,0.7)\u00bb _builder_version=\u00bb3.0.105&#8243;][et_pb_column type=\u00bb4_4&#8243; _builder_version=\u00bb3.0.47&#8243; parallax=\u00bboff\u00bb parallax_method=\u00bbon\u00bb][et_pb_blurb title=\u00bbDvojl\u00f4\u017ekov\u00e1 izba BIZNIS\u00bb url=\u00bbhttp:\/\/www.hotelviktor.sk\/ubytovanie\/dvojlozkova-izba-biznis\/\u00bb image=\u00bbhttp:\/\/www.hotelviktor.sk\/wp-content\/uploads\/2017\/12\/FV_i2_img01.jpg\u00bb _builder_version=\u00bb3.0.73&#8243; header_font_size=\u00bb22&#8243; header_line_height=\u00bb1.4em\u00bb body_line_height=\u00bb1.4em\u00bb animation_style=\u00bbslide\u00bb animation=\u00bboff\u00bb custom_css_main_element=\u00bbpadding-bottom:30px !important;\u00bb custom_css_blurb_image=\u00bbmargin-bottom:10px!important;\u00bb custom_css_blurb_title=\u00bbcolor:#ad060b;||padding-bottom:10px!important;||\u00bb border_style=\u00bbsolid\u00bb saved_tabs=\u00bball\u00bb]Izbu s dvomi samostatn\u00fdmi l\u00f4\u017ekami ocenia najm\u00e4 hostia, ktor\u00ed s\u00fa na pracovnej ceste.<br \/>\n[\/et_pb_blurb][et_pb_button button_url=\u00bbhttp:\/\/www.hotelviktor.sk\/rezervacia?izba=Dvojl\u00f4\u017ekov\u00e1%20izba%20BIZNIS\u00bb button_text=\u00bbRezervova\u0165\u00bb button_alignment=\u00bbleft\u00bb _builder_version=\u00bb3.0.73&#8243; custom_css_main_element=\u00bbbottom: 0px;||position: absolute;\u00bb][\/et_pb_button][\/et_pb_column][\/et_pb_row][et_pb_row custom_padding=\u00bb|15px||15px\u00bb custom_margin=\u00bb||15px|\u00bb background_color=\u00bbrgba(255,255,255,0.7)\u00bb _builder_version=\u00bb3.0.105&#8243;][et_pb_column type=\u00bb4_4&#8243; _builder_version=\u00bb3.0.47&#8243; parallax=\u00bboff\u00bb parallax_method=\u00bbon\u00bb][et_pb_blurb title=\u00bbBezbari\u00e9rov\u00e1 dvojl\u00f4\u017ekov\u00e1 izba\u00bb url=\u00bbhttp:\/\/www.hotelviktor.sk\/ubytovanie\/bezbarierova-dvojlozkova-izba\/\u00bb image=\u00bbhttp:\/\/www.hotelviktor.sk\/wp-content\/uploads\/2017\/12\/FV_i3_img01.jpg\u00bb _builder_version=\u00bb3.0.73&#8243; header_font_size=\u00bb22&#8243; header_line_height=\u00bb1.4em\u00bb body_line_height=\u00bb1.4em\u00bb animation_style=\u00bbslide\u00bb animation_delay=\u00bb50ms\u00bb animation=\u00bboff\u00bb custom_css_main_element=\u00bbpadding-bottom:30px !important;\u00bb custom_css_blurb_image=\u00bbmargin-bottom:10px!important;\u00bb custom_css_blurb_title=\u00bbcolor:#ad060b;||padding-bottom:10px!important;||\u00bb border_style=\u00bbsolid\u00bb saved_tabs=\u00bball\u00bb]Izba \u0161peci\u00e1lne prisp\u00f4soben\u00e1 pre host\u00ed s obmedzenou schopnos\u0165ou pohybu.<br \/>\n[\/et_pb_blurb][et_pb_button button_url=\u00bbhttp:\/\/www.hotelviktor.sk\/rezervacia?izba=Bezbari\u00e9rov\u00e1%20dvojl\u00f4\u017ekov\u00e1%20izba\u00bb button_text=\u00bbRezervova\u0165\u00bb button_alignment=\u00bbleft\u00bb _builder_version=\u00bb3.0.73&#8243; custom_css_main_element=\u00bbbottom: 0px;||position: absolute;\u00bb][\/et_pb_button][\/et_pb_column][\/et_pb_row][et_pb_row custom_padding=\u00bb|15px||15px\u00bb custom_margin=\u00bb||15px|\u00bb background_color=\u00bbrgba(255,255,255,0.7)\u00bb _builder_version=\u00bb3.0.105&#8243;][et_pb_column type=\u00bb4_4&#8243; _builder_version=\u00bb3.0.47&#8243; parallax=\u00bboff\u00bb parallax_method=\u00bbon\u00bb][et_pb_blurb title=\u00bbApartm\u00e1n FRIENDS\u00bb url=\u00bbhttp:\/\/www.hotelviktor.sk\/ubytovanie\/apartman-friends\/\u00bb image=\u00bbhttp:\/\/www.hotelviktor.sk\/wp-content\/uploads\/2017\/12\/HV_i4_promo01.jpg\u00bb _builder_version=\u00bb3.0.73&#8243; header_font_size=\u00bb22&#8243; header_line_height=\u00bb1.4em\u00bb body_line_height=\u00bb1.4em\u00bb animation_style=\u00bbslide\u00bb animation_delay=\u00bb50ms\u00bb animation=\u00bboff\u00bb custom_css_main_element=\u00bbpadding-bottom:30px !important;\u00bb custom_css_blurb_image=\u00bbmargin-bottom:10px!important;\u00bb custom_css_blurb_title=\u00bbcolor:#ad060b;||padding-bottom:10px!important;||\u00bb border_style=\u00bbsolid\u00bb saved_tabs=\u00bball\u00bb]Pohodln\u00fd a priestrann\u00fd apartm\u00e1n so \u0161tyrmi l\u00f4\u017ekami.<br \/>\n[\/et_pb_blurb][et_pb_button button_url=\u00bbhttp:\/\/www.hotelviktor.sk\/rezervacia?izba=Apartm\u00e1n%20FRIENDS\u00bb button_text=\u00bbRezervova\u0165\u00bb button_alignment=\u00bbleft\u00bb _builder_version=\u00bb3.0.73&#8243; custom_css_main_element=\u00bbbottom: 0px;||position: absolute;\u00bb][\/et_pb_button][\/et_pb_column][\/et_pb_row][et_pb_row custom_padding=\u00bb|15px||15px\u00bb custom_margin=\u00bb||15px|\u00bb background_color=\u00bbrgba(255,255,255,0.7)\u00bb _builder_version=\u00bb3.0.105&#8243;][et_pb_column type=\u00bb4_4&#8243; _builder_version=\u00bb3.0.47&#8243; parallax=\u00bboff\u00bb parallax_method=\u00bbon\u00bb][et_pb_blurb title=\u00bbApartm\u00e1n FAMILY\u00bb url=\u00bbhttp:\/\/www.hotelviktor.sk\/ubytovanie\/apartman-family\/\u00bb image=\u00bbhttp:\/\/www.hotelviktor.sk\/wp-content\/uploads\/2017\/12\/HV_i5_img01.jpg\u00bb _builder_version=\u00bb3.0.73&#8243; header_font_size=\u00bb22&#8243; header_line_height=\u00bb1.4em\u00bb body_line_height=\u00bb1.4em\u00bb animation_style=\u00bbslide\u00bb animation=\u00bboff\u00bb custom_css_main_element=\u00bbpadding-bottom:30px !important;\u00bb custom_css_blurb_image=\u00bbmargin-bottom:10px!important;\u00bb custom_css_blurb_title=\u00bbcolor:#ad060b;||padding-bottom:10px!important;||\u00bb border_style=\u00bbsolid\u00bb saved_tabs=\u00bball\u00bb]Najv\u00e4\u010d\u0161\u00ed hotelov\u00fd apartm\u00e1n s ubytovan\u00edm pre \u0161tyri osoby, ide\u00e1lny aj pre rodiny s de\u0165mi.<br \/>\n[\/et_pb_blurb][et_pb_button button_url=\u00bbhttp:\/\/www.hotelviktor.sk\/rezervacia?izba=Apartm\u00e1n%20FAMILY\u00bb button_text=\u00bbRezervova\u0165\u00bb button_alignment=\u00bbleft\u00bb _builder_version=\u00bb3.0.73&#8243; custom_css_main_element=\u00bbbottom: 0px;||position: absolute;\u00bb][\/et_pb_button][\/et_pb_column][\/et_pb_row][et_pb_row custom_padding=\u00bb|15px||15px\u00bb custom_margin=\u00bb||15px|\u00bb background_color=\u00bbrgba(255,255,255,0.7)\u00bb _builder_version=\u00bb3.0.105&#8243;][et_pb_column type=\u00bb4_4&#8243; _builder_version=\u00bb3.0.47&#8243; parallax=\u00bboff\u00bb parallax_method=\u00bbon\u00bb][et_pb_blurb title=\u00bbPonuka pren\u00e1jmu konferen\u010dn\u00fdch miestnost\u00ed\u00bb url=\u00bb\/?page_id=1962&#8243; url_new_window=\u00bbon\u00bb image=\u00bbhttps:\/\/www.hotelviktor.sk\/wp-content\/uploads\/2018\/10\/konf1.jpg\u00bb _builder_version=\u00bb3.0.105&#8243; header_font_size=\u00bb22&#8243; header_line_height=\u00bb1.4em\u00bb body_line_height=\u00bb1.4em\u00bb max_width_tablet=\u00bb50px\u00bb animation_style=\u00bbslide\u00bb animation=\u00bboff\u00bb custom_css_main_element=\u00bbpadding-bottom:30px !important;\u00bb custom_css_blurb_image=\u00bbmargin-bottom:10px!important;||\u00bb custom_css_blurb_title=\u00bbcolor:#ad060b;||padding-bottom:10px!important;||\u00bb saved_tabs=\u00bball\u00bb]Sal\u00f3nik\/kapacita 12 os\u00f4b\/-33 eur\/de\u0148 alebo 8 eur\/hod.<br \/>\nKonferen\u010dn\u00e1 miestnos\u0165 I. kapacita 30 os\u00f4b-50 eur\/de\u0148<br \/>\n[\/et_pb_blurb][et_pb_button button_url=\u00bb\/?page_id=1962&#8243; button_text=\u00bbdozvedie\u0165 sa viac\u00bb button_alignment=\u00bbleft\u00bb _builder_version=\u00bb3.0.105&#8243; custom_css_main_element=\u00bbbottom: 0px;||position: absolute;\u00bb][\/et_pb_button][\/et_pb_column][\/et_pb_row][et_pb_row custom_padding=\u00bb|15px||15px\u00bb custom_margin=\u00bb||15px|\u00bb background_color=\u00bbrgba(255,255,255,0.7)\u00bb _builder_version=\u00bb3.0.105&#8243;][et_pb_column type=\u00bb4_4&#8243; _builder_version=\u00bb3.0.47&#8243; parallax=\u00bboff\u00bb parallax_method=\u00bbon\u00bb][et_pb_text _builder_version=\u00bb3.0.105&#8243; custom_css_main_element=\u00bbpadding-top: 4%;||\u00bb]<\/p>\n<h2>Kde n\u00e1s n\u00e1jdete<\/h2>\n<p>[\/et_pb_text][et_pb_code _builder_version=\u00bb3.0.105&#8243;][put_wpgm id=1][\/et_pb_code][\/et_pb_column][\/et_pb_row][et_pb_row custom_padding=\u00bb|15px||15px\u00bb custom_margin=\u00bb||15px|\u00bb background_color=\u00bbrgba(255,255,255,0.7)\u00bb _builder_version=\u00bb3.0.105&#8243;][et_pb_column type=\u00bb4_4&#8243; _builder_version=\u00bb3.0.47&#8243; parallax=\u00bboff\u00bb parallax_method=\u00bbon\u00bb][et_pb_text _builder_version=\u00bb3.0.105&#8243; custom_css_main_element=\u00bbpadding-top: 4%;||\u00bb]<\/p>\n<h2>Fotogal\u00e9ria<\/h2>\n<p>[\/et_pb_text][et_pb_gallery gallery_ids=\u00bb182,194,648,640,647,639,637,633,632,635,629,630,627,620,616,595,596,597,598,599,600,601,602,603,604,605,606,607,608,609,610,611,612,613,614,615,617,618,619,621,622,623,624&#8243; fullwidth=\u00bbon\u00bb _builder_version=\u00bb3.0.105&#8243; pagination_font_size_tablet=\u00bb51&#8243; pagination_line_height_tablet=\u00bb2&#8243; auto=\u00bbon\u00bb auto_speed=\u00bb5000&#8243;][\/et_pb_gallery][\/et_pb_column][\/et_pb_row][et_pb_row custom_padding=\u00bb|15px||15px\u00bb custom_margin=\u00bb||15px|\u00bb background_color=\u00bbrgba(255,255,255,0.7)\u00bb _builder_version=\u00bb3.0.105&#8243;][et_pb_column type=\u00bb4_4&#8243; _builder_version=\u00bb3.0.47&#8243; parallax=\u00bboff\u00bb parallax_method=\u00bbon\u00bb][et_pb_text _builder_version=\u00bb3.0.105&#8243; custom_css_main_element=\u00bbpadding-top: 4%;||\u00bb]<\/p>\n<h2>Video Hotel Viktor***<\/h2>\n<p>[\/et_pb_text][et_pb_text _builder_version=\u00bb3.0.105&#8243;]https:\/\/www.youtube.com\/watch?v=FVBk_7BlEnY&#038;feature=shar<br \/>\n[\/et_pb_text][\/et_pb_column][\/et_pb_row][\/et_pb_section][et_pb_section fb_built=\u00bb1&#8243; background_color=\u00bb#1a3d0c\u00bb disabled_on=\u00bb|on|on\u00bb _builder_version=\u00bb3.0.105&#8243; background_size=\u00bbinitial\u00bb background_position=\u00bbtop_right\u00bb custom_css_main_element=\u00bbmargin-top:0px;\u00bb][et_pb_row custom_padding=\u00bb||20px|\u00bb make_equal=\u00bbon\u00bb background_color=\u00bb#1a3d0c\u00bb bg_img_2=\u00bbhttp:\/\/www.hotelviktor.sk\/wp-content\/uploads\/2017\/11\/logo_bg.png\u00bb background_size_2=\u00bbcontain\u00bb background_repeat_2=\u00bbno-repeat\u00bb background_blend_2=\u00bbsoft-light\u00bb use_background_color_gradient_2=\u00bbon\u00bb background_color_gradient_start_2=\u00bb#1a3d0c\u00bb background_color_gradient_end_2=\u00bb#036300&#8243; background_color_gradient_direction_2=\u00bb162deg\u00bb custom_css_main_2=\u00bbpadding-top:5%;\u00bb _builder_version=\u00bb3.0.105&#8243; background_image=\u00bbhttps:\/\/www.hotelviktor.sk\/wp-content\/uploads\/2017\/11\/logo_bg.png\u00bb background_size=\u00bbcontain\u00bb custom_css_main_element=\u00bbfloat: left;||||width: 100%!important;||padding-top:0px;||padding-bottom: 0px;\u00bb][et_pb_column type=\u00bb4_4&#8243; _builder_version=\u00bb3.0.47&#8243; parallax=\u00bboff\u00bb parallax_method=\u00bbon\u00bb][et_pb_text background_layout=\u00bbdark\u00bb _builder_version=\u00bb3.0.105&#8243; text_orientation=\u00bbcenter\u00bb module_alignment=\u00bbcenter\u00bb custom_margin=\u00bb6%|||\u00bb animation_style=\u00bbbounce\u00bb custom_css_main_element=\u00bbpadding-top:4%;\u00bb]<\/p>\n<h2 style=\"font-size: 120px; line-height: 1em;\"><em><strong>70<span class=\"st\" style=\"font-size: 40px;\">\u20ac<\/span><\/strong><\/em><\/h2>\n<p>[\/et_pb_text][et_pb_text background_layout=\u00bbdark\u00bb _builder_version=\u00bb3.0.105&#8243; text_font_size=\u00bb18&#8243; text_orientation=\u00bbcenter\u00bb module_alignment=\u00bbcenter\u00bb custom_margin=\u00bb6%|||\u00bb animation_style=\u00bbfade\u00bb animation_delay=\u00bb100ms\u00bb custom_css_main_element=\u00bbmargin-top: -70px !important;||padding-top: 0;\u00bb]za izbu za noc \/ 2 osoby<br \/>\n[\/et_pb_text][et_pb_button button_url=\u00bbhttp:\/\/www.hotelviktor.sk\/rezervacia\/\u00bb button_text=\u00bbreserva de habitaci\u00f3n\u00bb button_alignment=\u00bbcenter\u00bb background_layout=\u00bbdark\u00bb _builder_version=\u00bb3.0.73&#8243; custom_button=\u00bbon\u00bb button_text_size=\u00bb16&#8243; button_border_radius=\u00bb0&#8243; animation_style=\u00bbslide\u00bb animation_delay=\u00bb200ms\u00bb][\/et_pb_button][\/et_pb_column][\/et_pb_row][\/et_pb_section][et_pb_section fb_built=\u00bb1&#8243; background_color=\u00bbrgba(255,255,255,0)\u00bb _builder_version=\u00bb3.0.73&#8243; background_size=\u00bbinitial\u00bb background_position=\u00bbtop_right\u00bb custom_css_main_element=\u00bbmargin-top:0px;\u00bb transparent_background=\u00bbon\u00bb][et_pb_row _builder_version=\u00bb3.0.73&#8243; use_background_color_gradient=\u00bbon\u00bb background_color_gradient_start=\u00bbrgba(0,0,0,0.52)\u00bb background_color_gradient_end=\u00bbrgba(0,0,0,0.31)\u00bb background_size=\u00bbinitial\u00bb background_position=\u00bbtop_left\u00bb background_repeat=\u00bbrepeat\u00bb custom_css_main_element=\u00bbwidth:95%!important;||padding-top:4%;||float:left;||padding-left: 6%;||padding-bottom:4%;\u00bb][et_pb_column type=\u00bb1_4&#8243; _builder_version=\u00bb3.0.47&#8243; parallax=\u00bboff\u00bb parallax_method=\u00bbon\u00bb][et_pb_blurb title=\u00bbSalas de conferencias\u00bb url=\u00bbhttp:\/\/www.hotelviktor.sk\/cennik\/\u00bb use_icon=\u00bbon\u00bb font_icon=\u00bb%%383%%\u00bb icon_color=\u00bb#ffffff\u00bb use_icon_font_size=\u00bbon\u00bb icon_font_size=\u00bb50px\u00bb _builder_version=\u00bb3.0.105&#8243; header_text_color=\u00bb#ffffff\u00bb background_color_gradient_direction=\u00bb45deg\u00bb text_orientation=\u00bbcenter\u00bb max_width_tablet=\u00bb50px\u00bb animation_style=\u00bbbounce\u00bb][\/et_pb_blurb][\/et_pb_column][et_pb_column type=\u00bb1_4&#8243; _builder_version=\u00bb3.0.47&#8243; parallax=\u00bboff\u00bb parallax_method=\u00bbon\u00bb][et_pb_blurb title=\u00bbTaxi del hotel\u00bb url=\u00bbhttp:\/\/www.hotelviktor.sk\/cennik\/\u00bb use_icon=\u00bbon\u00bb font_icon=\u00bb%%381%%\u00bb icon_color=\u00bb#ffffff\u00bb use_icon_font_size=\u00bbon\u00bb icon_font_size=\u00bb50px\u00bb _builder_version=\u00bb3.0.73&#8243; header_font_size=\u00bb18px\u00bb header_text_color=\u00bb#ffffff\u00bb body_font_size=\u00bb14px\u00bb text_orientation=\u00bbcenter\u00bb animation_style=\u00bbbounce\u00bb animation_delay=\u00bb100ms\u00bb border_style=\u00bbsolid\u00bb][\/et_pb_blurb][\/et_pb_column][et_pb_column type=\u00bb1_4&#8243; _builder_version=\u00bb3.0.47&#8243; parallax=\u00bboff\u00bb parallax_method=\u00bbon\u00bb][et_pb_blurb title=\u00bbEstacionamiento\u00bb url=\u00bbhttp:\/\/www.hotelviktor.sk\/parkovanie\/%20&#8243; use_icon=\u00bbon\u00bb font_icon=\u00bb%%380%%\u00bb icon_color=\u00bb#ffffff\u00bb use_icon_font_size=\u00bbon\u00bb icon_font_size=\u00bb50px\u00bb _builder_version=\u00bb3.0.105&#8243; header_font_size=\u00bb18px\u00bb header_text_color=\u00bb#ffffff\u00bb body_font_size=\u00bb14px\u00bb text_orientation=\u00bbcenter\u00bb animation_style=\u00bbbounce\u00bb animation_delay=\u00bb200ms\u00bb border_style=\u00bbsolid\u00bb][\/et_pb_blurb][\/et_pb_column][et_pb_column type=\u00bb1_4&#8243; _builder_version=\u00bb3.0.47&#8243; parallax=\u00bboff\u00bb parallax_method=\u00bbon\u00bb][et_pb_blurb title=\u00bbActividades cercanas\u00bb url=\u00bbhttp:\/\/www.hotelviktor.sk\/aktivity-v-okoli\/%20&#8243; use_icon=\u00bbon\u00bb font_icon=\u00bb%%382%%\u00bb icon_color=\u00bb#ffffff\u00bb use_icon_font_size=\u00bbon\u00bb icon_font_size=\u00bb50px\u00bb _builder_version=\u00bb3.0.73&#8243; header_font_size=\u00bb18px\u00bb header_text_color=\u00bb#ffffff\u00bb body_font_size=\u00bb14px\u00bb text_orientation=\u00bbcenter\u00bb animation_style=\u00bbbounce\u00bb animation_delay=\u00bb300ms\u00bb border_style=\u00bbsolid\u00bb][\/et_pb_blurb][\/et_pb_column][\/et_pb_row][\/et_pb_section]<\/p>\n","protected":false},"excerpt":{"rendered":"<p>\t\t\t<rs-module-wrap id=\"rev_slider_error_2_wrapper\">\n\t\t\t\t<rs-module id=\"rev_slider_error_2\">\n\t\t\t\t\t<div class=\"rs_error_message_box\">\n\t\t\t\t\t\t<div class=\"rs_error_message_oops\">There is nothing to show here!<\/div>\n\t\t\t\t\t\t<div class=\"rs_error_message_content\">Slider with alias &quot;change&quot; not found.<\/div>\n\t\t\t\t\t<\/div>\n\t\t\t\t<\/rs-module>\n\t\t\t<\/rs-module-wrap>\n\t\t\t<script>\n\t\t\t\tvar rs_eslider = document.getElementById(\"rev_slider_error_2\");\n\t\t\t\trs_eslider.style.display = \"none\";\n\t\t\t\tconsole.log(\"Slider with alias &quot;change&quot; not found.\");\n\t\t\t<\/script>\nVitajte na str\u00e1nkach hotela Viktor Novopostaven\u00fd modern\u00fd hotel v bl\u00edzkosti centra Bratislava pon\u00faka vysok\u00fd \u0161tandard ubytovania pre biznis klientelu, turistov \u010di rodiny s de\u0165mi. Hotel Viktor disponuje vlastnou re\u0161taur\u00e1ciou, barom, non-stop recepciou a str\u00e1\u017een\u00fdm podzemn\u00fdm parkoviskom. Bl\u00edzkos\u0165 v\u00fdstaviska Incheba, \u017eelezni\u010dnej stanice Petr\u017ealka, \u010di dia\u013en\u00edc D1 a D2 ho predur\u010duj\u00fa k ubytovaniu host\u00ed, ktor\u00ed h\u013eadaj\u00fa [&hellip;]<\/p>\n","protected":false},"author":1,"featured_media":0,"parent":0,"menu_order":0,"comment_status":"closed","ping_status":"closed","template":"","meta":{"_et_pb_use_builder":"on","_et_pb_old_content":"","_et_gb_content_width":"","footnotes":""},"class_list":["post-813","page","type-page","status-publish","hentry"],"_links":{"self":[{"href":"https:\/\/www.hotelviktor.sk\/es\/wp-json\/wp\/v2\/pages\/813"}],"collection":[{"href":"https:\/\/www.hotelviktor.sk\/es\/wp-json\/wp\/v2\/pages"}],"about":[{"href":"https:\/\/www.hotelviktor.sk\/es\/wp-json\/wp\/v2\/types\/page"}],"author":[{"embeddable":true,"href":"https:\/\/www.hotelviktor.sk\/es\/wp-json\/wp\/v2\/users\/1"}],"replies":[{"embeddable":true,"href":"https:\/\/www.hotelviktor.sk\/es\/wp-json\/wp\/v2\/comments?post=813"}],"version-history":[{"count":30,"href":"https:\/\/www.hotelviktor.sk\/es\/wp-json\/wp\/v2\/pages\/813\/revisions"}],"predecessor-version":[{"id":3388,"href":"https:\/\/www.hotelviktor.sk\/es\/wp-json\/wp\/v2\/pages\/813\/revisions\/3388"}],"wp:attachment":[{"href":"https:\/\/www.hotelviktor.sk\/es\/wp-json\/wp\/v2\/media?parent=813"}],"curies":[{"name":"wp","href":"https:\/\/api.w.org\/{rel}","templated":true}]}}