{"id":1637,"date":"2018-01-24T15:16:24","date_gmt":"2018-01-24T14:16:24","guid":{"rendered":"http:\/\/www.hotelviktor.sk\/bienvenidos-a-las-paginas-web-del-hotel-viktor\/"},"modified":"2018-01-24T15:16:25","modified_gmt":"2018-01-24T14:16:25","slug":"bienvenidos-a-las-paginas-web-del-hotel-viktor","status":"publish","type":"page","link":"https:\/\/www.hotelviktor.sk\/es\/bienvenidos-a-las-paginas-web-del-hotel-viktor\/","title":{"rendered":"Bienvenidos a las p\u00e1ginas web del hotel Viktor"},"content":{"rendered":"<p>[et_pb_section bb_built=\u00bb1&#8243; _builder_version=\u00bb3.0.73&#8243; background_size=\u00bbinitial\u00bb background_position=\u00bbtop_right\u00bb transparent_background=\u00bbon\u00bb][et_pb_row _builder_version=\u00bb3.0.73&#8243; background_color=\u00bb#ffffff\u00bb custom_css_main_element=\u00bbfloat: left;||padding-left: 6%;||width: 95%!important;||padding-top:0px;\u00bb background_position=\u00bbtop_left\u00bb background_repeat=\u00bbrepeat\u00bb background_size=\u00bbinitial\u00bb][et_pb_column type=\u00bb2_3&#8243;][et_pb_post_title _builder_version=\u00bb3.0.73&#8243; title=\u00bbon\u00bb meta=\u00bboff\u00bb author=\u00bbon\u00bb date=\u00bbon\u00bb categories=\u00bbon\u00bb comments=\u00bbon\u00bb featured_image=\u00bboff\u00bb featured_placement=\u00bbbelow\u00bb parallax_method=\u00bbon\u00bb text_orientation=\u00bbleft\u00bb text_color=\u00bbdark\u00bb text_background=\u00bboff\u00bb border_style=\u00bbsolid\u00bb custom_css_main_element=\u00bbpadding-top:4%;\u00bb \/][et_pb_text _builder_version=\u00bb3.0.73&#8243; background_layout=\u00bblight\u00bb text_orientation=\u00bbleft\u00bb border_style=\u00bbsolid\u00bb]<\/p>\n<h3>Hotel construido en 2011<\/h3>\n<p>Este hotel moderno, que se encuentra cerca del centro de Bratislava,<br \/>\nofrece un alto est\u00e1ndar de alojamiento para empresarios, familias con ni\u00f1os, turistas y actualmente tambi\u00e9n para aficionados a distintos eventos culturales.<\/p>\n<p>El hotel Viktor*** dispone de 39 habitaciones con una capacidad total de 82 hu\u00e9spedes. Ofrecemos alojamiento en habitaciones para dos personas con camas unidas o individuales. Para que su estancia sea m\u00e1s c\u00f3moda, es posible elegir dos suites. Las habitaciones est\u00e1n amuebladas de una forma moderna y son muy acogedoras.<\/p>\n<p>En el hotel y en las habitaciones hay aire acondicionado, en cada habitaci\u00f3n hay posibilidad de conexi\u00f3n a internet (conexi\u00f3n fija y wifi) y el hotel cumple con los est\u00e1ndares m\u00e1s recientes de la seguridad.<\/p>\n<h3>Se encuentra cerca de las intersecciones m\u00e1s importantes y en una localidad tranquila al mismo tiempo<\/h3>\n<p>El hotel est\u00e1 situado en una zona tranquila de la ciudad &#8211; entre casas particulares, y se encuentra, al mismo tiempo, unas calles de las autopistas D1 y D2, justo en la intersecci\u00f3n de estas arterias de tr\u00e1fico.<\/p>\n<p>GPS: N48.126326426\u00b0, E17092033625\u00b0<\/p>\n<p>Los turistas que pasan por Bratislava seguramente apreciar\u00e1n la cercan\u00eda a la estaci\u00f3n de ferrocarril en Petr\u017ealka, por la cual pasan trenes con destino a Austria, pero tambi\u00e9n al este de Eslovaquia. Esta estaci\u00f3n se encuentra aproximadamente 500 metros del hotel.<br \/>\nEn la cercan\u00eda del hotel se encuentran paradas de autobuses que conectan directamente con el centro de la ciudad. Para los clientes que viajan con coche hemos preparado aparcamientos subterr\u00e1neos con c\u00e1maras de vigilancia y tambi\u00e9n aparcamientos enfrente del hotel.<\/p>\n<p>El hotel Viktor*** dispone de un restaurante propio con cafeter\u00eda, bar y sal\u00f3n.<\/p>\n<h3>Encantados de recibiros<\/h3>\n<p>Alojamos a los hu\u00e9spedes diariamente hasta las 22.00 hrs. Tambi\u00e9n aceptamos llegadas tard\u00edas. (Sin embargo, pedimos que nos informe en adelantado por e-mail en <a href=\"mailto:recepcia@hotelviktor.sk\">recepcia@hotelviktor.sk<\/a>)<\/p>\n<p>Es posible encontrar m\u00e1s informaci\u00f3n sobre el alojamiento en la secci\u00f3n <a href=\"http:\/\/www.hotelviktor.sk\/esp\/?IDe=146404\">Alojamiento<\/a>.<\/p>\n<p>[\/et_pb_text][\/et_pb_column][et_pb_column type=\u00bb1_3&#8243;][et_pb_image _builder_version=\u00bb3.0.73&#8243; src=\u00bbhttp:\/\/www.hotelviktor.sk\/wp-content\/uploads\/2017\/12\/HV_i1_promo.jpg\u00bb show_in_lightbox=\u00bboff\u00bb url_new_window=\u00bboff\u00bb use_overlay=\u00bboff\u00bb sticky=\u00bboff\u00bb align=\u00bbleft\u00bb always_center_on_mobile=\u00bbon\u00bb border_style=\u00bbsolid\u00bb force_fullwidth=\u00bboff\u00bb \/][\/et_pb_column][\/et_pb_row][et_pb_row _builder_version=\u00bb3.0.73&#8243; custom_css_main_element=\u00bbfloat: left;||padding-left: 6%;||width: 95%!important;||padding-top:0px;||padding-bottom:6%;||background-color:#fff;||padding-right: 4%;\u00bb use_custom_gutter=\u00bbon\u00bb gutter_width=\u00bb2&#8243;][et_pb_column type=\u00bb4_4&#8243;][et_pb_gallery _builder_version=\u00bb3.0.73&#8243; posts_number=\u00bb30&#8243; show_title_and_caption=\u00bboff\u00bb show_pagination=\u00bboff\u00bb gallery_ids=\u00bb556,557,555,621,575,634&#8243; fullwidth=\u00bboff\u00bb orientation=\u00bblandscape\u00bb zoom_icon_color=\u00bb#ad060b\u00bb hover_overlay_color=\u00bbrgba(255,255,255,0.9)\u00bb background_layout=\u00bblight\u00bb border_style=\u00bbsolid\u00bb hover_icon=\u00bb%%43%%\u00bb custom_css_main_element=\u00bbmargin-bottom:20px;\u00bb \/][\/et_pb_column][\/et_pb_row][\/et_pb_section]<\/p>\n","protected":false},"excerpt":{"rendered":"<p>Hotel construido en 2011 Este hotel moderno, que se encuentra cerca del centro de Bratislava, ofrece un alto est\u00e1ndar de alojamiento para empresarios, familias con ni\u00f1os, turistas y actualmente tambi\u00e9n para aficionados a distintos eventos culturales. El hotel Viktor*** dispone de 39 habitaciones con una capacidad total de 82 hu\u00e9spedes. Ofrecemos alojamiento en habitaciones para [&hellip;]<\/p>\n","protected":false},"author":1,"featured_media":0,"parent":0,"menu_order":0,"comment_status":"closed","ping_status":"closed","template":"","meta":{"_et_pb_use_builder":"on","_et_pb_old_content":"","_et_gb_content_width":"","footnotes":""},"class_list":["post-1637","page","type-page","status-publish","hentry"],"_links":{"self":[{"href":"https:\/\/www.hotelviktor.sk\/es\/wp-json\/wp\/v2\/pages\/1637"}],"collection":[{"href":"https:\/\/www.hotelviktor.sk\/es\/wp-json\/wp\/v2\/pages"}],"about":[{"href":"https:\/\/www.hotelviktor.sk\/es\/wp-json\/wp\/v2\/types\/page"}],"author":[{"embeddable":true,"href":"https:\/\/www.hotelviktor.sk\/es\/wp-json\/wp\/v2\/users\/1"}],"replies":[{"embeddable":true,"href":"https:\/\/www.hotelviktor.sk\/es\/wp-json\/wp\/v2\/comments?post=1637"}],"version-history":[{"count":2,"href":"https:\/\/www.hotelviktor.sk\/es\/wp-json\/wp\/v2\/pages\/1637\/revisions"}],"predecessor-version":[{"id":1639,"href":"https:\/\/www.hotelviktor.sk\/es\/wp-json\/wp\/v2\/pages\/1637\/revisions\/1639"}],"wp:attachment":[{"href":"https:\/\/www.hotelviktor.sk\/es\/wp-json\/wp\/v2\/media?parent=1637"}],"curies":[{"name":"wp","href":"https:\/\/api.w.org\/{rel}","templated":true}]}}