{"id":1000,"date":"2018-01-10T15:50:57","date_gmt":"2018-01-10T14:50:57","guid":{"rendered":"http:\/\/www.hotelviktor.sk\/alojamiento\/habitacion-para-dos-personas-estandar\/"},"modified":"2018-01-24T15:43:18","modified_gmt":"2018-01-24T14:43:18","slug":"habitacion-para-dos-personas-estandar","status":"publish","type":"page","link":"https:\/\/www.hotelviktor.sk\/es\/alojamiento\/habitacion-para-dos-personas-estandar\/","title":{"rendered":"Habitaci\u00f3n para dos personas EST\u00c1NDAR"},"content":{"rendered":"<p>[et_pb_section bb_built=\u00bb1&#8243; _builder_version=\u00bb3.0.73&#8243; background_size=\u00bbinitial\u00bb background_position=\u00bbtop_right\u00bb transparent_background=\u00bbon\u00bb][et_pb_row _builder_version=\u00bb3.0.73&#8243; background_color=\u00bb#ffffff\u00bb custom_css_main_element=\u00bbfloat: left;||padding-left: 6%;||width: 95%!important;||padding-top:0px;\u00bb background_position=\u00bbtop_left\u00bb background_repeat=\u00bbrepeat\u00bb background_size=\u00bbinitial\u00bb][et_pb_column type=\u00bb2_3&#8243;][et_pb_post_title _builder_version=\u00bb3.0.73&#8243; title=\u00bbon\u00bb meta=\u00bboff\u00bb author=\u00bbon\u00bb date=\u00bbon\u00bb categories=\u00bbon\u00bb comments=\u00bbon\u00bb featured_image=\u00bboff\u00bb featured_placement=\u00bbbelow\u00bb parallax_method=\u00bbon\u00bb text_orientation=\u00bbleft\u00bb text_color=\u00bbdark\u00bb text_background=\u00bboff\u00bb border_style=\u00bbsolid\u00bb custom_css_main_element=\u00bbpadding-top:4%;\u00bb \/][et_pb_text _builder_version=\u00bb3.0.73&#8243; background_layout=\u00bblight\u00bb text_orientation=\u00bbleft\u00bb border_style=\u00bbsolid\u00bb]<\/p>\n<p>La habitaci\u00f3n ofrece un alto est\u00e1ndar de alojamiento y est\u00e1 caracterizada por:<\/p>\n<ul>\n<li>acceso con tarjeta de chip, la cual se usa tambi\u00e9n al estacionar y al pagar en el restaurante<\/li>\n<li>televisi\u00f3n LCD (30 programas, con noticias del extranjero)<\/li>\n<li>wifi y conexi\u00f3n fija<\/li>\n<li>caja fuerte en la habitaci\u00f3n<\/li>\n<li>tel\u00e9fono<\/li>\n<li>mesa de trabajo<\/li>\n<\/ul>\n<p>Dado que el hotel Viktor fue construido en el a\u00f1o 2011, todas las habitaciones est\u00e1n en un estado perfecto. El hotel tambi\u00e9n cumple con las normas de seguridad m\u00e1s estrictas.<\/p>\n<p>[\/et_pb_text][et_pb_button _builder_version=\u00bb3.0.73&#8243; button_text=\u00bbreserva\u00bb button_url=\u00bbhttp:\/\/www.hotelviktor.sk\/rezervacia?izba=Dvojl\u00f4\u017ekov\u00e1 izba \u0160TANDARD\u00bb url_new_window=\u00bboff\u00bb button_alignment=\u00bbleft\u00bb background_layout=\u00bblight\u00bb custom_button=\u00bbon\u00bb button_letter_spacing=\u00bb0&#8243; button_icon_placement=\u00bbright\u00bb button_letter_spacing_hover=\u00bb0&#8243; button_text_size=\u00bb16&#8243; button_border_radius=\u00bb0&#8243; \/][\/et_pb_column][et_pb_column type=\u00bb1_3&#8243;][et_pb_image _builder_version=\u00bb3.0.73&#8243; src=\u00bbhttp:\/\/www.hotelviktor.sk\/wp-content\/uploads\/2017\/12\/HV_i1_promo.jpg\u00bb show_in_lightbox=\u00bboff\u00bb url_new_window=\u00bboff\u00bb use_overlay=\u00bboff\u00bb sticky=\u00bboff\u00bb align=\u00bbleft\u00bb always_center_on_mobile=\u00bbon\u00bb border_style=\u00bbsolid\u00bb force_fullwidth=\u00bboff\u00bb \/][\/et_pb_column][\/et_pb_row][et_pb_row _builder_version=\u00bb3.0.73&#8243; custom_css_main_element=\u00bbfloat: left;||padding-left: 6%;||width: 95%!important;||padding-top:0px;||padding-bottom:6%;||background-color:#fff;||padding-right: 4%;\u00bb use_custom_gutter=\u00bbon\u00bb gutter_width=\u00bb2&#8243;][et_pb_column type=\u00bb4_4&#8243;][et_pb_gallery _builder_version=\u00bb3.0.73&#8243; posts_number=\u00bb30&#8243; show_title_and_caption=\u00bboff\u00bb show_pagination=\u00bboff\u00bb gallery_ids=\u00bb364,365,366,367,368,369,370,371,372,373,374,375,376,377,378,379,380,381,382,383&#8243; fullwidth=\u00bboff\u00bb orientation=\u00bblandscape\u00bb zoom_icon_color=\u00bb#ad060b\u00bb hover_overlay_color=\u00bbrgba(255,255,255,0.9)\u00bb background_layout=\u00bblight\u00bb border_style=\u00bbsolid\u00bb hover_icon=\u00bb%%43%%\u00bb custom_css_main_element=\u00bbmargin-bottom:20px;\u00bb \/][\/et_pb_column][\/et_pb_row][\/et_pb_section]<\/p>\n","protected":false},"excerpt":{"rendered":"<p>La habitaci\u00f3n ofrece un alto est\u00e1ndar de alojamiento y est\u00e1 caracterizada por: acceso con tarjeta de chip, la cual se usa tambi\u00e9n al estacionar y al pagar en el restaurante televisi\u00f3n LCD (30 programas, con noticias del extranjero) wifi y conexi\u00f3n fija caja fuerte en la habitaci\u00f3n tel\u00e9fono mesa de trabajo Dado que el hotel [&hellip;]<\/p>\n","protected":false},"author":1,"featured_media":0,"parent":963,"menu_order":0,"comment_status":"closed","ping_status":"closed","template":"","meta":{"_et_pb_use_builder":"on","_et_pb_old_content":"","_et_gb_content_width":"","footnotes":""},"class_list":["post-1000","page","type-page","status-publish","hentry"],"_links":{"self":[{"href":"https:\/\/www.hotelviktor.sk\/es\/wp-json\/wp\/v2\/pages\/1000"}],"collection":[{"href":"https:\/\/www.hotelviktor.sk\/es\/wp-json\/wp\/v2\/pages"}],"about":[{"href":"https:\/\/www.hotelviktor.sk\/es\/wp-json\/wp\/v2\/types\/page"}],"author":[{"embeddable":true,"href":"https:\/\/www.hotelviktor.sk\/es\/wp-json\/wp\/v2\/users\/1"}],"replies":[{"embeddable":true,"href":"https:\/\/www.hotelviktor.sk\/es\/wp-json\/wp\/v2\/comments?post=1000"}],"version-history":[{"count":5,"href":"https:\/\/www.hotelviktor.sk\/es\/wp-json\/wp\/v2\/pages\/1000\/revisions"}],"predecessor-version":[{"id":1712,"href":"https:\/\/www.hotelviktor.sk\/es\/wp-json\/wp\/v2\/pages\/1000\/revisions\/1712"}],"up":[{"embeddable":true,"href":"https:\/\/www.hotelviktor.sk\/es\/wp-json\/wp\/v2\/pages\/963"}],"wp:attachment":[{"href":"https:\/\/www.hotelviktor.sk\/es\/wp-json\/wp\/v2\/media?parent=1000"}],"curies":[{"name":"wp","href":"https:\/\/api.w.org\/{rel}","templated":true}]}}