{"id":728,"date":"2018-01-09T15:46:47","date_gmt":"2018-01-09T14:46:47","guid":{"rendered":"http:\/\/www.hotelviktor.sk\/accommodation\/double-room-biznis\/"},"modified":"2018-02-01T14:55:35","modified_gmt":"2018-02-01T13:55:35","slug":"double-room-biznis","status":"publish","type":"page","link":"https:\/\/www.hotelviktor.sk\/en\/accommodation\/double-room-biznis\/","title":{"rendered":"Double room BIZNIS"},"content":{"rendered":"<p>[et_pb_section bb_built=&#8221;1&#8243; _builder_version=&#8221;3.0.73&#8243; background_size=&#8221;initial&#8221; background_position=&#8221;top_right&#8221; transparent_background=&#8221;on&#8221;][et_pb_row _builder_version=&#8221;3.0.73&#8243; background_color=&#8221;#ffffff&#8221; custom_css_main_element=&#8221;float: left;||padding-left: 6%;||width: 95%!important;||padding-top:0px;&#8221; background_position=&#8221;top_left&#8221; background_repeat=&#8221;repeat&#8221; background_size=&#8221;initial&#8221;][et_pb_column type=&#8221;2_3&#8243;][et_pb_post_title _builder_version=&#8221;3.0.73&#8243; title=&#8221;on&#8221; meta=&#8221;off&#8221; author=&#8221;on&#8221; date=&#8221;on&#8221; categories=&#8221;on&#8221; comments=&#8221;on&#8221; featured_image=&#8221;off&#8221; featured_placement=&#8221;below&#8221; parallax_method=&#8221;on&#8221; text_orientation=&#8221;left&#8221; text_color=&#8221;dark&#8221; text_background=&#8221;off&#8221; border_style=&#8221;solid&#8221; custom_css_main_element=&#8221;padding-top:4%;&#8221; \/][et_pb_text _builder_version=&#8221;3.0.73&#8243; background_layout=&#8221;light&#8221; text_orientation=&#8221;left&#8221; border_style=&#8221;solid&#8221;]<\/p>\n<p><strong>Price 50 euros per room per night. The price is not per person !!! It applies to the room, not the person.<br \/>\n<\/strong>Comfortable, modern and purpose furnitured room for two people\u00a0with seperated beds, suitable for guests who come to Bratislava for business and look for an accommodation in a quiet location with the possibility of internet connection and comfortable seat at the work desk.<strong><br \/>\n<\/strong><\/p>\n<p>The room offers a higher standard of accommodation with:<\/p>\n<ul>\n<li>chip card access, which you can use at parking or paying at restaurant<\/li>\n<li>LCD television (30 channels, foreign News channels included)<\/li>\n<li>wi-fi as well as cable internet connection<\/li>\n<li>a safe in the room<\/li>\n<li>telephone<\/li>\n<li>work desk<\/li>\n<\/ul>\n<p>Whereas, the hotel was open in 2011, all rooms are in perfect condition. The hotel also follows the strictest norms in the means of safety of our guests.<\/p>\n<p>[\/et_pb_text][et_pb_button _builder_version=&#8221;3.0.73&#8243; button_text=&#8221;Reservation&#8221; button_url=&#8221;http:\/\/www.hotelviktor.sk\/rezervacia?izba=Dvojl\u00f4\u017ekov\u00e1 izba BIZNIS&#8221; url_new_window=&#8221;off&#8221; button_alignment=&#8221;left&#8221; background_layout=&#8221;light&#8221; custom_button=&#8221;on&#8221; button_letter_spacing=&#8221;0&#8243; button_icon_placement=&#8221;right&#8221; button_letter_spacing_hover=&#8221;0&#8243; button_text_size=&#8221;16&#8243; button_border_radius=&#8221;0&#8243; \/][\/et_pb_column][et_pb_column type=&#8221;1_3&#8243;][et_pb_image _builder_version=&#8221;3.0.73&#8243; src=&#8221;http:\/\/www.hotelviktor.sk\/wp-content\/uploads\/2017\/12\/FV_i2_img_promo.jpg&#8221; show_in_lightbox=&#8221;off&#8221; url_new_window=&#8221;off&#8221; use_overlay=&#8221;off&#8221; sticky=&#8221;off&#8221; align=&#8221;left&#8221; always_center_on_mobile=&#8221;on&#8221; border_style=&#8221;solid&#8221; force_fullwidth=&#8221;off&#8221; \/][\/et_pb_column][\/et_pb_row][et_pb_row _builder_version=&#8221;3.0.73&#8243; custom_css_main_element=&#8221;float: left;||padding-left: 6%;||padding-right: 4%;||width: 95%!important;||padding-top:0px;||padding-bottom:6%;||background-color:#fff;&#8221; use_custom_gutter=&#8221;on&#8221; gutter_width=&#8221;2&#8243;][et_pb_column type=&#8221;4_4&#8243;][et_pb_gallery _builder_version=&#8221;3.0.73&#8243; posts_number=&#8221;30&#8243; show_title_and_caption=&#8221;off&#8221; show_pagination=&#8221;off&#8221; gallery_ids=&#8221;485,624,648,646,484,642,627,622,607,609,348&#8243; fullwidth=&#8221;off&#8221; orientation=&#8221;landscape&#8221; zoom_icon_color=&#8221;#ad060b&#8221; hover_overlay_color=&#8221;rgba(255,255,255,0.9)&#8221; background_layout=&#8221;light&#8221; border_style=&#8221;solid&#8221; hover_icon=&#8221;%%43%%&#8221; custom_css_main_element=&#8221;margin-bottom:20px;&#8221; \/][\/et_pb_column][\/et_pb_row][\/et_pb_section]<\/p>\n","protected":false},"excerpt":{"rendered":"<p>Price 50 euros per room per night. The price is not per person !!! It applies to the room, not the person. Comfortable, modern and purpose furnitured room for two people\u00a0with seperated beds, suitable for guests who come to Bratislava for business and look for an accommodation in a quiet location with the possibility of [&hellip;]<\/p>\n","protected":false},"author":1,"featured_media":0,"parent":712,"menu_order":0,"comment_status":"closed","ping_status":"closed","template":"","meta":{"_et_pb_use_builder":"on","_et_pb_old_content":"","_et_gb_content_width":"","footnotes":""},"class_list":["post-728","page","type-page","status-publish","hentry"],"_links":{"self":[{"href":"https:\/\/www.hotelviktor.sk\/en\/wp-json\/wp\/v2\/pages\/728"}],"collection":[{"href":"https:\/\/www.hotelviktor.sk\/en\/wp-json\/wp\/v2\/pages"}],"about":[{"href":"https:\/\/www.hotelviktor.sk\/en\/wp-json\/wp\/v2\/types\/page"}],"author":[{"embeddable":true,"href":"https:\/\/www.hotelviktor.sk\/en\/wp-json\/wp\/v2\/users\/1"}],"replies":[{"embeddable":true,"href":"https:\/\/www.hotelviktor.sk\/en\/wp-json\/wp\/v2\/comments?post=728"}],"version-history":[{"count":9,"href":"https:\/\/www.hotelviktor.sk\/en\/wp-json\/wp\/v2\/pages\/728\/revisions"}],"predecessor-version":[{"id":1832,"href":"https:\/\/www.hotelviktor.sk\/en\/wp-json\/wp\/v2\/pages\/728\/revisions\/1832"}],"up":[{"embeddable":true,"href":"https:\/\/www.hotelviktor.sk\/en\/wp-json\/wp\/v2\/pages\/712"}],"wp:attachment":[{"href":"https:\/\/www.hotelviktor.sk\/en\/wp-json\/wp\/v2\/media?parent=728"}],"curies":[{"name":"wp","href":"https:\/\/api.w.org\/{rel}","templated":true}]}}