{"id":1620,"date":"2018-01-24T15:08:22","date_gmt":"2018-01-24T14:08:22","guid":{"rendered":"http:\/\/www.hotelviktor.sk\/willkommen-auf-der-seite-des-hotels-viktor\/"},"modified":"2018-01-24T15:08:27","modified_gmt":"2018-01-24T14:08:27","slug":"willkommen-auf-der-seite-des-hotels-viktor","status":"publish","type":"page","link":"https:\/\/www.hotelviktor.sk\/de\/willkommen-auf-der-seite-des-hotels-viktor\/","title":{"rendered":"Willkommen auf der Seite des Hotels Viktor"},"content":{"rendered":"<p>[et_pb_section bb_built=&#8220;1&#8243; _builder_version=&#8220;3.0.73&#8243; background_size=&#8220;initial&#8220; background_position=&#8220;top_right&#8220; transparent_background=&#8220;on&#8220;][et_pb_row _builder_version=&#8220;3.0.73&#8243; background_color=&#8220;#ffffff&#8220; custom_css_main_element=&#8220;float: left;||padding-left: 6%;||width: 95%!important;||padding-top:0px;&#8220; background_position=&#8220;top_left&#8220; background_repeat=&#8220;repeat&#8220; background_size=&#8220;initial&#8220;][et_pb_column type=&#8220;2_3&#8243;][et_pb_post_title _builder_version=&#8220;3.0.73&#8243; title=&#8220;on&#8220; meta=&#8220;off&#8220; author=&#8220;on&#8220; date=&#8220;on&#8220; categories=&#8220;on&#8220; comments=&#8220;on&#8220; featured_image=&#8220;off&#8220; featured_placement=&#8220;below&#8220; parallax_method=&#8220;on&#8220; text_orientation=&#8220;left&#8220; text_color=&#8220;dark&#8220; text_background=&#8220;off&#8220; border_style=&#8220;solid&#8220; custom_css_main_element=&#8220;padding-top:4%;&#8220; \/][et_pb_text _builder_version=&#8220;3.0.73&#8243; background_layout=&#8220;light&#8220; text_orientation=&#8220;left&#8220; border_style=&#8220;solid&#8220;]<\/p>\n<h3>Im Jahr 2011 erbautes Hotel<\/h3>\n<p>Das neu erbaute, moderne Hotel in der N\u00e4he des Zentrums von Bratislava bietet einen hohen Unterbringungsstandard f\u00fcr Business-Kunden, Familien mit Kindern, Touristen und aktuell f\u00fcr Fans verschiedener Veranstaltungen.<\/p>\n<p>Das Hotel Viktor*** verf\u00fcgt \u00fcber 39 Zimmer mit einer Gesamtkapazit\u00e4t von 82 Betten. Die Unterbringung gew\u00e4hren wir in Zweibettzimmern mit verbundenen oder getrennten Betten. F\u00fcr noch mehr Komfort k\u00f6nnen Sie zwei Apartments nutzen. Die Zimmer sind mit hochwertigen modernen M\u00f6beln ausgestattet und wirken angenehm und gem\u00fctlich.<\/p>\n<p>Das gesamte Hotel einschlie\u00dflich der Zimmer ist klimatisiert, in jedem Zimmer ist ein Internetzugang m\u00f6glich (Festnetz- und Wifi-Anschluss), und das Hotel erf\u00fcllt die neuesten Sicherheitsstandards.<\/p>\n<h3>Nahe der Hauptverkehrsknoten und gleichzeitig an einem ruhigen Ort<\/h3>\n<p>Das Hotel befindet sich in einem ruhigen Teil von Bratislava, zwischen Familienh\u00e4usern und ist gleichzeitig nur einige Stra\u00dfen von den Autobahnen D1 und D2 entfernt, genau im Schnittpunkt dieser bedeutenden Verkehrsadern.<\/p>\n<p>GPS: N48.126326426\u00b0, E17092033625\u00b0<\/p>\n<p>Die Touristen, die durch Bratislava reisen, wissen sicher auch die N\u00e4he der Bahnstation Petr\u017ealka zu sch\u00e4tzen, \u00fcber die alle Z\u00fcge nach \u00d6sterreich geleitet werden und von der aus gleichzeitig auch Z\u00fcge in den Osten der Slowakei fahren. Diese Station ist nur ca. 500 Meter vom Hotel entfernt.<\/p>\n<p>In der N\u00e4he des Hotels befinden sich auch Haltestellen des \u00f6ffentlichen Stadtverkehrs mit Verf\u00fcgbarkeit einer Verbindung direkt ins Stadtzentrum. F\u00fcr G\u00e4ste, die mit dem Auto zu uns reisen, haben wir einen komfortablen Parkplatz in der Tiefgarage mit st\u00e4ndiger Kamera\u00fcberwachung sowie auch einen Parkplatz vor dem Geb\u00e4ude des Hotels.<br \/>\nDas Hotel Viktor*** verf\u00fcgt \u00fcber ein eigenes Restaurant mit Caf\u00e9, Bar und Salon.<\/p>\n<h3>Wir begr\u00fc\u00dfen Sie gern<\/h3>\n<p>Die Unterbringung neuer G\u00e4ste ist t\u00e4glich bis 22.00 Uhr m\u00f6glich. Wir akzeptieren auch eine sp\u00e4tere Anreise (wir bitten jedoch um ihre Anmeldung im Voraus per E-Mail an der Adresse <a href=\"mailto:recepcia@hotelviktor.sk\">recepcia@hotelviktor.sk<\/a>).<br \/>\nMehr Informationen \u00fcber die Unterbringungsm\u00f6glichkeiten finden Sie im <a href=\"http:\/\/www.hotelviktor.sk\/de\/?IDe=146044\">Abschnitt Unterkunft<\/a>.<\/p>\n<p>[\/et_pb_text][\/et_pb_column][et_pb_column type=&#8220;1_3&#8243;][et_pb_image _builder_version=&#8220;3.0.73&#8243; src=&#8220;http:\/\/www.hotelviktor.sk\/wp-content\/uploads\/2017\/12\/HV_i1_promo.jpg&#8220; show_in_lightbox=&#8220;off&#8220; url_new_window=&#8220;off&#8220; use_overlay=&#8220;off&#8220; sticky=&#8220;off&#8220; align=&#8220;left&#8220; always_center_on_mobile=&#8220;on&#8220; border_style=&#8220;solid&#8220; force_fullwidth=&#8220;off&#8220; \/][\/et_pb_column][\/et_pb_row][et_pb_row _builder_version=&#8220;3.0.73&#8243; custom_css_main_element=&#8220;float: left;||padding-left: 6%;||width: 95%!important;||padding-top:0px;||padding-bottom:6%;||background-color:#fff;||padding-right: 4%;&#8220; use_custom_gutter=&#8220;on&#8220; gutter_width=&#8220;2&#8243;][et_pb_column type=&#8220;4_4&#8243;][et_pb_gallery _builder_version=&#8220;3.0.73&#8243; posts_number=&#8220;30&#8243; show_title_and_caption=&#8220;off&#8220; show_pagination=&#8220;off&#8220; gallery_ids=&#8220;556,557,555,621,575,634&#8243; fullwidth=&#8220;off&#8220; orientation=&#8220;landscape&#8220; zoom_icon_color=&#8220;#ad060b&#8220; hover_overlay_color=&#8220;rgba(255,255,255,0.9)&#8220; background_layout=&#8220;light&#8220; border_style=&#8220;solid&#8220; hover_icon=&#8220;%%43%%&#8220; custom_css_main_element=&#8220;margin-bottom:20px;&#8220; \/][\/et_pb_column][\/et_pb_row][\/et_pb_section]<\/p>\n","protected":false},"excerpt":{"rendered":"<p>Im Jahr 2011 erbautes Hotel Das neu erbaute, moderne Hotel in der N\u00e4he des Zentrums von Bratislava bietet einen hohen Unterbringungsstandard f\u00fcr Business-Kunden, Familien mit Kindern, Touristen und aktuell f\u00fcr Fans verschiedener Veranstaltungen. Das Hotel Viktor*** verf\u00fcgt \u00fcber 39 Zimmer mit einer Gesamtkapazit\u00e4t von 82 Betten. Die Unterbringung gew\u00e4hren wir in Zweibettzimmern mit verbundenen oder [&hellip;]<\/p>\n","protected":false},"author":1,"featured_media":0,"parent":0,"menu_order":0,"comment_status":"closed","ping_status":"closed","template":"","meta":{"_et_pb_use_builder":"on","_et_pb_old_content":"","_et_gb_content_width":"","footnotes":""},"class_list":["post-1620","page","type-page","status-publish","hentry"],"_links":{"self":[{"href":"https:\/\/www.hotelviktor.sk\/de\/wp-json\/wp\/v2\/pages\/1620"}],"collection":[{"href":"https:\/\/www.hotelviktor.sk\/de\/wp-json\/wp\/v2\/pages"}],"about":[{"href":"https:\/\/www.hotelviktor.sk\/de\/wp-json\/wp\/v2\/types\/page"}],"author":[{"embeddable":true,"href":"https:\/\/www.hotelviktor.sk\/de\/wp-json\/wp\/v2\/users\/1"}],"replies":[{"embeddable":true,"href":"https:\/\/www.hotelviktor.sk\/de\/wp-json\/wp\/v2\/comments?post=1620"}],"version-history":[{"count":4,"href":"https:\/\/www.hotelviktor.sk\/de\/wp-json\/wp\/v2\/pages\/1620\/revisions"}],"predecessor-version":[{"id":1624,"href":"https:\/\/www.hotelviktor.sk\/de\/wp-json\/wp\/v2\/pages\/1620\/revisions\/1624"}],"wp:attachment":[{"href":"https:\/\/www.hotelviktor.sk\/de\/wp-json\/wp\/v2\/media?parent=1620"}],"curies":[{"name":"wp","href":"https:\/\/api.w.org\/{rel}","templated":true}]}}