{"id":1170,"date":"2018-01-11T10:05:26","date_gmt":"2018-01-11T09:05:26","guid":{"rendered":"http:\/\/www.hotelviktor.sk\/parken\/"},"modified":"2018-01-11T10:05:27","modified_gmt":"2018-01-11T09:05:27","slug":"parken","status":"publish","type":"page","link":"https:\/\/www.hotelviktor.sk\/de\/parken\/","title":{"rendered":"Parken"},"content":{"rendered":"<p>[et_pb_section bb_built=&#8220;1&#8243; transparent_background=&#8220;on&#8220; _builder_version=&#8220;3.0.73&#8243; background_size=&#8220;initial&#8220; background_position=&#8220;top_right&#8220;][et_pb_row background_color=&#8220;#ffffff&#8220; _builder_version=&#8220;3.0.73&#8243; custom_css_main_element=&#8220;float: left;||padding-left: 6%;||width: 95%!important;||padding-top:0px;&#8220;][et_pb_column type=&#8220;2_3&#8243;][et_pb_post_title meta=&#8220;off&#8220; featured_image=&#8220;off&#8220; _builder_version=&#8220;3.0.73&#8243; custom_css_main_element=&#8220;padding-top:4%;&#8220;]<\/p>\n<p>&nbsp;<\/p>\n<p>[\/et_pb_post_title][et_pb_text _builder_version=&#8220;3.0.73&#8243; background_layout=&#8220;light&#8220; text_orientation=&#8220;left&#8220; border_style=&#8220;solid&#8220;]<\/p>\n<p>F\u00fcr unsere G\u00e4ste stehen 39 Parkpl\u00e4tze in der Hotelgarage zur Verf\u00fcgung. Weitere Parkpl\u00e4tze befinden sich vor dem Geb\u00e4ude des Hotels.<\/p>\n<p>Die Sicherheit der unterirdischen Garage wird mittels eines Kamerasystems \u00fcberwacht.<br \/>\nDie Anreise zum Hotel ist auch mit dem Bus m\u00f6glich.<\/p>\n<p>[\/et_pb_text][et_pb_gallery _builder_version=&#8220;3.0.73&#8243; show_title_and_caption=&#8220;off&#8220; show_pagination=&#8220;on&#8220; gallery_ids=&#8220;555,556,557&#8243; fullwidth=&#8220;off&#8220; orientation=&#8220;landscape&#8220; zoom_icon_color=&#8220;#ad060b&#8220; hover_overlay_color=&#8220;rgba(255,255,255,0.9)&#8220; hover_icon=&#8220;%%43%%&#8220; background_layout=&#8220;light&#8220; border_style=&#8220;solid&#8220; \/][\/et_pb_column][et_pb_column type=&#8220;1_3&#8243;][et_pb_image src=&#8220;http:\/\/www.hotelviktor.sk\/wp-content\/uploads\/2017\/12\/img_parkovanie.jpg&#8220; _builder_version=&#8220;3.0.73&#8243; show_in_lightbox=&#8220;off&#8220; url_new_window=&#8220;off&#8220; use_overlay=&#8220;off&#8220; sticky=&#8220;off&#8220; align=&#8220;left&#8220; always_center_on_mobile=&#8220;on&#8220; border_style=&#8220;solid&#8220; force_fullwidth=&#8220;off&#8220;]<\/p>\n<p>&nbsp;<\/p>\n<p>[\/et_pb_image][\/et_pb_column][\/et_pb_row][\/et_pb_section]<\/p>\n","protected":false},"excerpt":{"rendered":"<p>&nbsp; F\u00fcr unsere G\u00e4ste stehen 39 Parkpl\u00e4tze in der Hotelgarage zur Verf\u00fcgung. Weitere Parkpl\u00e4tze befinden sich vor dem Geb\u00e4ude des Hotels. Die Sicherheit der unterirdischen Garage wird mittels eines Kamerasystems \u00fcberwacht. Die Anreise zum Hotel ist auch mit dem Bus m\u00f6glich. &nbsp;<\/p>\n","protected":false},"author":1,"featured_media":0,"parent":0,"menu_order":3,"comment_status":"closed","ping_status":"closed","template":"","meta":{"_et_pb_use_builder":"on","_et_pb_old_content":"","_et_gb_content_width":"","footnotes":""},"class_list":["post-1170","page","type-page","status-publish","hentry"],"_links":{"self":[{"href":"https:\/\/www.hotelviktor.sk\/de\/wp-json\/wp\/v2\/pages\/1170"}],"collection":[{"href":"https:\/\/www.hotelviktor.sk\/de\/wp-json\/wp\/v2\/pages"}],"about":[{"href":"https:\/\/www.hotelviktor.sk\/de\/wp-json\/wp\/v2\/types\/page"}],"author":[{"embeddable":true,"href":"https:\/\/www.hotelviktor.sk\/de\/wp-json\/wp\/v2\/users\/1"}],"replies":[{"embeddable":true,"href":"https:\/\/www.hotelviktor.sk\/de\/wp-json\/wp\/v2\/comments?post=1170"}],"version-history":[{"count":1,"href":"https:\/\/www.hotelviktor.sk\/de\/wp-json\/wp\/v2\/pages\/1170\/revisions"}],"predecessor-version":[{"id":1171,"href":"https:\/\/www.hotelviktor.sk\/de\/wp-json\/wp\/v2\/pages\/1170\/revisions\/1171"}],"wp:attachment":[{"href":"https:\/\/www.hotelviktor.sk\/de\/wp-json\/wp\/v2\/media?parent=1170"}],"curies":[{"name":"wp","href":"https:\/\/api.w.org\/{rel}","templated":true}]}}