{"id":1150,"date":"2018-01-11T09:40:58","date_gmt":"2018-01-11T08:40:58","guid":{"rendered":"http:\/\/www.hotelviktor.sk\/preisliste\/"},"modified":"2018-02-01T14:29:19","modified_gmt":"2018-02-01T13:29:19","slug":"preisliste","status":"publish","type":"page","link":"https:\/\/www.hotelviktor.sk\/de\/preisliste\/","title":{"rendered":"Preisliste"},"content":{"rendered":"<p>[et_pb_section bb_built=&#8220;1&#8243; transparent_background=&#8220;on&#8220; _builder_version=&#8220;3.0.73&#8243; background_size=&#8220;initial&#8220; background_position=&#8220;top_right&#8220;][et_pb_row background_color=&#8220;#ffffff&#8220; _builder_version=&#8220;3.0.73&#8243; custom_css_main_element=&#8220;float: left;||padding-left: 6%;||width: 95%!important;||padding-top:0px;&#8220;][et_pb_column type=&#8220;2_3&#8243;][et_pb_post_title meta=&#8220;off&#8220; featured_image=&#8220;off&#8220; _builder_version=&#8220;3.0.73&#8243; custom_css_main_element=&#8220;padding-top:4%;&#8220;]<\/p>\n<p>&nbsp;<\/p>\n<p>[\/et_pb_post_title][et_pb_text _builder_version=&#8220;3.0.73&#8243; background_layout=&#8220;light&#8220; text_orientation=&#8220;left&#8220; border_style=&#8220;solid&#8220;]<\/p>\n<h3>Superpreise zum Start:<\/h3>\n<p>Achtung! Alle Preise sind pro Zimmer \/ Apartment pro \u00dcbernachtung (d.h. nicht pro Person) angegeben.<\/p>\n<h3>50 \u20ac f\u00fcr ein Zweibettzimmer pro \u00dcbernachtung<\/h3>\n<h3>100 \u20ac f\u00fcr ein Apartment pro \u00dcbernachtung (4 feste Betten, davon zwei verbunden und zwei getrennt).<\/h3>\n<p>Fr\u00fchst\u00fcck:<br \/>\nPreis:\u00a07 EUR \/ Person \/ Tag<br \/>\nDas Fr\u00fchst\u00fcck wird in Form eines B\u00fcffets angeboten. Zum Fr\u00fchst\u00fcck bereiten wir warme und kalte Speisen, Obst, Gem\u00fcse, Marmelade, Honig, Kaffee und verschiedene Teesorten, W\u00fcrstchen, R\u00fchrei, Omeletts, Schinken mit Ei, Spiegeleier, Schinken, Schinkensalami, Dauerwurst, K\u00e4se, M\u00fcsli, Milch, Saft, s\u00fc\u00dfes Geb\u00e4ck, Br\u00f6tchen, Brot, Salzgeb\u00e4ck und verschiedene Arten von dunklem Geb\u00e4ck und Korngeb\u00e4ck zu.<\/p>\n<p>Abendessen:<br \/>\nPreis: 7 EUR<br \/>\nWir bieten ein Abendmen\u00fc gem\u00e4\u00df dem aktuellen Angebot am entsprechenden Tag.<\/p>\n<h3>Angebot \u00fcber Vermietung des Konferenzraumes:<\/h3>\n<p>Mietung des Konferenzraumes (Kapazit\u00e4t\u00a030 Personen) zum Preis von 50 EUR \/ Tag<br \/>\nMietung des klimatisierten Salons zu Verhandlungen (Kapazit\u00e4t 12 Personen) zum Preis von 50 EUR \/ Tag<br \/>\nAuf Anforderung gew\u00e4hren wir auch Catering.<\/p>\n<h3>Angebot \u00fcber Transport von Personen:<\/h3>\n<p>Auf Bestellung M\u00f6glichkeit der Mietung eines 9-sitzigen Fahrzeugs Citroen Jumper (Herstellungsjahr 2011) auch mit Chauffeur. Kontakt: +421 905 777 888. Preis nach Vereinbarung.<\/p>\n<p><strong>M\u00f6glichkeit der Mietung von Limousinen<\/strong><\/p>\n<p>Flugplatz Bratislava &#8211; Hotel Viktor f\u00fcr 20 EUR<br \/>\nFlugplatz Wien &#8211; Hotel Viktor f\u00fcr 60 EUR<br \/>\nInnerhalb von Bratislava f\u00fcr 10 EUR<br \/>\nAndere Reiseziele 1 km = 1 EUR mit M\u00f6glichkeit der Vereinbarung.<\/p>\n<h3>Erg\u00e4nzende Dienstleistungen:<\/h3>\n<p>M\u00f6glichkeit der Mietung der Sporthalle f\u00fcr 17 EUR \/ Stunde.<\/p>\n<p>&nbsp;<\/p>\n<p>[\/et_pb_text][\/et_pb_column][et_pb_column type=&#8220;1_3&#8243;][et_pb_image src=&#8220;http:\/\/www.hotelviktor.sk\/wp-content\/uploads\/2017\/12\/cennik.jpg&#8220; _builder_version=&#8220;3.0.73&#8243; show_in_lightbox=&#8220;off&#8220; url_new_window=&#8220;off&#8220; use_overlay=&#8220;off&#8220; sticky=&#8220;off&#8220; align=&#8220;left&#8220; always_center_on_mobile=&#8220;on&#8220; border_style=&#8220;solid&#8220; force_fullwidth=&#8220;off&#8220;]<\/p>\n<p>&nbsp;<\/p>\n<p>[\/et_pb_image][\/et_pb_column][\/et_pb_row][et_pb_row _builder_version=&#8220;3.0.73&#8243; custom_css_main_element=&#8220;float: left;||padding-left: 6%;||width: 95%!important;||padding-top:0px;||padding-bottom:6%;||background-color:#fff;||padding-right: 4%;&#8220; use_custom_gutter=&#8220;on&#8220; gutter_width=&#8220;2&#8243;][et_pb_column type=&#8220;4_4&#8243;][et_pb_gallery _builder_version=&#8220;3.0.73&#8243; posts_number=&#8220;30&#8243; show_title_and_caption=&#8220;off&#8220; show_pagination=&#8220;off&#8220; gallery_ids=&#8220;591,592&#8243; fullwidth=&#8220;off&#8220; orientation=&#8220;landscape&#8220; zoom_icon_color=&#8220;#ad060b&#8220; hover_overlay_color=&#8220;rgba(255,255,255,0.9)&#8220; background_layout=&#8220;light&#8220; border_style=&#8220;solid&#8220; hover_icon=&#8220;%%43%%&#8220; custom_css_main_element=&#8220;margin-bottom:20px;&#8220; \/][et_pb_code _builder_version=&#8220;3.0.73&#8243;]&lt;h2&gt;Panor\u00e1ma Hotel Viktor &lt;\/h2&gt;&lt;!&#8211; [et_pb_line_break_holder] &#8211;&gt;&lt;iframe height=&quot;600px&quot; width=&quot;100%&quot; src=&quot;http:\/\/panoramy_hotelviktor.panoramyslovenska.sk\/&quot;&gt;&lt;\/iframe&gt;[\/et_pb_code][\/et_pb_column][\/et_pb_row][\/et_pb_section]<\/p>\n","protected":false},"excerpt":{"rendered":"<p>&nbsp; Superpreise zum Start: Achtung! Alle Preise sind pro Zimmer \/ Apartment pro \u00dcbernachtung (d.h. nicht pro Person) angegeben. 50 \u20ac f\u00fcr ein Zweibettzimmer pro \u00dcbernachtung 100 \u20ac f\u00fcr ein Apartment pro \u00dcbernachtung (4 feste Betten, davon zwei verbunden und zwei getrennt). Fr\u00fchst\u00fcck: Preis:\u00a07 EUR \/ Person \/ Tag Das Fr\u00fchst\u00fcck wird in Form eines [&hellip;]<\/p>\n","protected":false},"author":1,"featured_media":0,"parent":0,"menu_order":3,"comment_status":"closed","ping_status":"closed","template":"","meta":{"_et_pb_use_builder":"on","_et_pb_old_content":"","_et_gb_content_width":"","footnotes":""},"class_list":["post-1150","page","type-page","status-publish","hentry"],"_links":{"self":[{"href":"https:\/\/www.hotelviktor.sk\/de\/wp-json\/wp\/v2\/pages\/1150"}],"collection":[{"href":"https:\/\/www.hotelviktor.sk\/de\/wp-json\/wp\/v2\/pages"}],"about":[{"href":"https:\/\/www.hotelviktor.sk\/de\/wp-json\/wp\/v2\/types\/page"}],"author":[{"embeddable":true,"href":"https:\/\/www.hotelviktor.sk\/de\/wp-json\/wp\/v2\/users\/1"}],"replies":[{"embeddable":true,"href":"https:\/\/www.hotelviktor.sk\/de\/wp-json\/wp\/v2\/comments?post=1150"}],"version-history":[{"count":3,"href":"https:\/\/www.hotelviktor.sk\/de\/wp-json\/wp\/v2\/pages\/1150\/revisions"}],"predecessor-version":[{"id":1824,"href":"https:\/\/www.hotelviktor.sk\/de\/wp-json\/wp\/v2\/pages\/1150\/revisions\/1824"}],"wp:attachment":[{"href":"https:\/\/www.hotelviktor.sk\/de\/wp-json\/wp\/v2\/media?parent=1150"}],"curies":[{"name":"wp","href":"https:\/\/api.w.org\/{rel}","templated":true}]}}