{"id":1050,"date":"2018-01-10T16:22:40","date_gmt":"2018-01-10T15:22:40","guid":{"rendered":"http:\/\/www.hotelviktor.sk\/unterkunft\/apartment-friends\/"},"modified":"2018-02-01T15:12:03","modified_gmt":"2018-02-01T14:12:03","slug":"apartment-friends","status":"publish","type":"page","link":"https:\/\/www.hotelviktor.sk\/de\/unterkunft\/apartment-friends\/","title":{"rendered":"Apartment FRIENDS"},"content":{"rendered":"<p>[et_pb_section bb_built=&#8220;1&#8243; _builder_version=&#8220;3.0.73&#8243; background_size=&#8220;initial&#8220; background_position=&#8220;top_right&#8220; transparent_background=&#8220;on&#8220;][et_pb_row _builder_version=&#8220;3.0.73&#8243; background_color=&#8220;#ffffff&#8220; custom_css_main_element=&#8220;float: left;||padding-left: 6%;||width: 95%!important;||padding-top:0px;&#8220; background_position=&#8220;top_left&#8220; background_repeat=&#8220;repeat&#8220; background_size=&#8220;initial&#8220;][et_pb_column type=&#8220;2_3&#8243;][et_pb_post_title _builder_version=&#8220;3.0.73&#8243; title=&#8220;on&#8220; meta=&#8220;off&#8220; author=&#8220;on&#8220; date=&#8220;on&#8220; categories=&#8220;on&#8220; comments=&#8220;on&#8220; featured_image=&#8220;off&#8220; featured_placement=&#8220;below&#8220; parallax_method=&#8220;on&#8220; text_orientation=&#8220;left&#8220; text_color=&#8220;dark&#8220; text_background=&#8220;off&#8220; border_style=&#8220;solid&#8220; custom_css_main_element=&#8220;padding-top:4%;&#8220; \/][et_pb_text _builder_version=&#8220;3.0.73&#8243; background_layout=&#8220;light&#8220; text_orientation=&#8220;left&#8220; border_style=&#8220;solid&#8220;]<\/p>\n<p>Bequemes und ger\u00e4umiges Apartment mit zwei Betten, eventuelle M\u00f6glichkeit der Nutzung des ausziehbaren Sofas im Wohnteil des Apartments.<\/p>\n<p>Im Standard der Apartment-Unterkunft finden Sie Folgendes:<\/p>\n<ul>\n<li>Zugang mit Chipkarte, die Sie auch zum Parken und zur Bezahlung im Restaurant verwenden<\/li>\n<li>LCD-Fernseher (30 Programme, einschlie\u00dflich ausl\u00e4ndischer Nachrichten)<\/li>\n<li>Wifi- und Festnetzanschluss<\/li>\n<li>Tresor direkt im Zimmer<\/li>\n<li>Telefon<\/li>\n<li>moderne Duschecke<\/li>\n<li>Wohnteil<\/li>\n<\/ul>\n<p>Das Hotel als solches befindet sich in einer ruhigen Umgebung zwischen Familienh\u00e4usern und gleichzeitig in der N\u00e4he von wichtigen Verkehrsknotenpunkten und dem Zentrum von Bratislava.<\/p>\n<p>Im Hinblick darauf, dass das Hotel Viktor erst im Jahr 2011 er\u00f6ffnet wurde, sind alle Zimmer in hervorragendem Zustand. Ebenso erf\u00fcllt das Hotel auch die strengsten Normen im Bereich der Sicherheit der untergebrachten G\u00e4ste.<\/p>\n<p>[\/et_pb_text][et_pb_button _builder_version=&#8220;3.0.73&#8243; button_text=&#8220;eine Wohnung buchen&#8220; button_url=&#8220;http:\/\/www.hotelviktor.sk\/rezervacia?izba=Apartm\u00e1n FRIENDS&#8220; url_new_window=&#8220;off&#8220; button_alignment=&#8220;left&#8220; background_layout=&#8220;light&#8220; custom_button=&#8220;on&#8220; button_letter_spacing=&#8220;0&#8243; button_icon_placement=&#8220;right&#8220; button_letter_spacing_hover=&#8220;0&#8243; button_text_size=&#8220;16&#8243; button_border_radius=&#8220;0&#8243; \/][\/et_pb_column][et_pb_column type=&#8220;1_3&#8243;][et_pb_image _builder_version=&#8220;3.0.73&#8243; src=&#8220;http:\/\/www.hotelviktor.sk\/wp-content\/uploads\/2017\/12\/HV_i4_promo.jpg&#8220; show_in_lightbox=&#8220;off&#8220; url_new_window=&#8220;off&#8220; use_overlay=&#8220;off&#8220; sticky=&#8220;off&#8220; align=&#8220;left&#8220; always_center_on_mobile=&#8220;on&#8220; border_style=&#8220;solid&#8220; force_fullwidth=&#8220;off&#8220; \/][\/et_pb_column][\/et_pb_row][et_pb_row _builder_version=&#8220;3.0.73&#8243; custom_css_main_element=&#8220;float: left;||padding-left: 6%;||padding-right: 4%;||width: 95%!important;||padding-top:0px;||padding-bottom:6%;||background-color:#fff;&#8220; use_custom_gutter=&#8220;on&#8220; gutter_width=&#8220;2&#8243;][et_pb_column type=&#8220;4_4&#8243;][et_pb_gallery _builder_version=&#8220;3.0.73&#8243; posts_number=&#8220;30&#8243; show_title_and_caption=&#8220;off&#8220; show_pagination=&#8220;off&#8220; gallery_ids=&#8220;499,500,613,609,348,484&#8243; fullwidth=&#8220;off&#8220; orientation=&#8220;landscape&#8220; zoom_icon_color=&#8220;#ad060b&#8220; hover_overlay_color=&#8220;rgba(255,255,255,0.9)&#8220; background_layout=&#8220;light&#8220; border_style=&#8220;solid&#8220; hover_icon=&#8220;%%43%%&#8220; custom_css_main_element=&#8220;margin-bottom:20px;&#8220; \/][\/et_pb_column][\/et_pb_row][\/et_pb_section]<\/p>\n","protected":false},"excerpt":{"rendered":"<p>Bequemes und ger\u00e4umiges Apartment mit zwei Betten, eventuelle M\u00f6glichkeit der Nutzung des ausziehbaren Sofas im Wohnteil des Apartments. Im Standard der Apartment-Unterkunft finden Sie Folgendes: Zugang mit Chipkarte, die Sie auch zum Parken und zur Bezahlung im Restaurant verwenden LCD-Fernseher (30 Programme, einschlie\u00dflich ausl\u00e4ndischer Nachrichten) Wifi- und Festnetzanschluss Tresor direkt im Zimmer Telefon moderne Duschecke [&hellip;]<\/p>\n","protected":false},"author":1,"featured_media":0,"parent":893,"menu_order":0,"comment_status":"closed","ping_status":"closed","template":"","meta":{"_et_pb_use_builder":"on","_et_pb_old_content":"","_et_gb_content_width":"","footnotes":""},"class_list":["post-1050","page","type-page","status-publish","hentry"],"_links":{"self":[{"href":"https:\/\/www.hotelviktor.sk\/de\/wp-json\/wp\/v2\/pages\/1050"}],"collection":[{"href":"https:\/\/www.hotelviktor.sk\/de\/wp-json\/wp\/v2\/pages"}],"about":[{"href":"https:\/\/www.hotelviktor.sk\/de\/wp-json\/wp\/v2\/types\/page"}],"author":[{"embeddable":true,"href":"https:\/\/www.hotelviktor.sk\/de\/wp-json\/wp\/v2\/users\/1"}],"replies":[{"embeddable":true,"href":"https:\/\/www.hotelviktor.sk\/de\/wp-json\/wp\/v2\/comments?post=1050"}],"version-history":[{"count":3,"href":"https:\/\/www.hotelviktor.sk\/de\/wp-json\/wp\/v2\/pages\/1050\/revisions"}],"predecessor-version":[{"id":1852,"href":"https:\/\/www.hotelviktor.sk\/de\/wp-json\/wp\/v2\/pages\/1050\/revisions\/1852"}],"up":[{"embeddable":true,"href":"https:\/\/www.hotelviktor.sk\/de\/wp-json\/wp\/v2\/pages\/893"}],"wp:attachment":[{"href":"https:\/\/www.hotelviktor.sk\/de\/wp-json\/wp\/v2\/media?parent=1050"}],"curies":[{"name":"wp","href":"https:\/\/api.w.org\/{rel}","templated":true}]}}